{"id":2177,"date":"2025-08-28T16:59:17","date_gmt":"2025-08-28T14:59:17","guid":{"rendered":"https:\/\/vozolpuff.de\/?post_type=product&#038;p=2177"},"modified":"2026-04-26T04:52:47","modified_gmt":"2026-04-26T02:52:47","slug":"randm-tornado-15000-dragon-fruit","status":"publish","type":"product","link":"https:\/\/vozolpuff.de\/es\/producto\/randm-tornado-15000-dragon-fruit\/","title":{"rendered":"RandM Tornado 15000 Fruta del drag\u00f3n"},"content":{"rendered":"<h2 class=\"text-xl font-bold text-text-100 mt-1 -mb-0.5\">Vapeador desechable RandM Tornado 15000 Dragon Fruit<\/h2>\n<p class=\"whitespace-normal break-words\">El ex\u00f3tico sabor Dragon Fruit del RandM Tornado 15000 te transporta a climas tropicales. Con su impresionante capacidad de 15.000 caladas y un dep\u00f3sito precargado de 25 ml, este cigarrillo electr\u00f3nico desechable ofrece una experiencia de vapeo inigualable. Elija entre 0%, 2%, 3% y 5% nicotina para adaptarse a sus preferencias personales.<\/p>\n<h3 class=\"text-lg font-bold text-text-100 mt-1 -mb-1.5\">Especificaciones detalladas de la fruta del drag\u00f3n:<\/h3>\n<p class=\"whitespace-normal break-words\"><strong>Potente acumulador de energ\u00eda de 850 mAh:<\/strong> Equipado con la \u00faltima tecnolog\u00eda en bater\u00edas para un rendimiento duradero y una calidad de vapor constante durante toda la vida \u00fatil.<\/p>\n<p class=\"whitespace-normal break-words\"><strong>Voluminoso contenedor de e-l\u00edquido de 25 ML:<\/strong> Su generosa capacidad garantiza sesiones de vapor prolongadas sin interrupciones ni necesidad de recargas.<\/p>\n<p class=\"whitespace-normal break-words\"><strong>Bobina de malla de alto rendimiento 0,90\u03a9:<\/strong> La avanzada tecnolog\u00eda del vaporizador extrae todo el potencial arom\u00e1tico de la fruta del drag\u00f3n y proporciona intensas experiencias de sabor.<\/p>\n<p class=\"whitespace-normal break-words\"><strong>Puerto de carga r\u00e1pida Tipo-C:<\/strong> Tecnolog\u00eda de carga preparada para el futuro, para tiempos de carga m\u00ednimos y m\u00e1xima comodidad en el d\u00eda a d\u00eda.<\/p>\n<p class=\"whitespace-normal break-words\"><strong>Gigantesca capacidad para 15.000 trenes:<\/strong> Gama excepcional para disfrutar del vapor durante semanas sin p\u00e9rdida de calidad ni fluctuaciones de sabor.<\/p>\n<p class=\"whitespace-normal break-words\"><strong>Espectacular espect\u00e1culo de luces RGB:<\/strong> La iluminaci\u00f3n de colores da a cada tren un toque especial y sirve tambi\u00e9n de indicador de funcionamiento inteligente.<\/p>\n<h3 class=\"text-lg font-bold text-text-100 mt-1 -mb-1.5\">Descubre m\u00e1s FUMOT VAPE en vozolpuff<\/h3>\n<p class=\"whitespace-normal break-words\">Descubra m\u00e1s productos de vapor de primera clase en nuestro <strong><a class=\"underline\" href=\"https:\/\/vozolpuff.de\/es\/\">Surtido principal<\/a><\/strong>Explore toda la <strong><a class=\"underline\" href=\"https:\/\/vozolpuff.de\/es\/product-category\/fumot-vape\/\">Colecci\u00f3n FUMOT VAPE<\/a><\/strong> o navegar por todos los <strong><a class=\"underline\" href=\"https:\/\/vozolpuff.de\/es\/product-category\/fumot-vape\/randm-tornado-15000\/\">RandM Tornado 15000 sabores<\/a><\/strong> para una experiencia de vapor perfecta.<\/p>","protected":false},"excerpt":{"rendered":"<p>El vapeador desechable RandM Tornado 15000 Dragon Fruit te transporta a climas tropicales con su ex\u00f3tico sabor a Dragon Fruit. 15.000 caladas, tanque de 25ml, bobina de malla de 0,90\u03a9 y bater\u00eda de 850mAh con carga Type-C. Incluye espect\u00e1culo de luces RGB.<\/p>","protected":false},"featured_media":2180,"comment_status":"open","ping_status":"closed","template":"","meta":{"_acf_changed":false},"product_brand":[],"product_cat":[44],"product_tag":[],"class_list":{"0":"post-2177","1":"product","2":"type-product","3":"status-publish","4":"has-post-thumbnail","6":"product_cat-randm-tornado-15000","8":"first","9":"instock","10":"shipping-taxable","11":"purchasable","12":"product-type-variable"},"acf":[],"_links":{"self":[{"href":"https:\/\/vozolpuff.de\/es\/wp-json\/wp\/v2\/product\/2177","targetHints":{"allow":["GET"]}}],"collection":[{"href":"https:\/\/vozolpuff.de\/es\/wp-json\/wp\/v2\/product"}],"about":[{"href":"https:\/\/vozolpuff.de\/es\/wp-json\/wp\/v2\/types\/product"}],"replies":[{"embeddable":true,"href":"https:\/\/vozolpuff.de\/es\/wp-json\/wp\/v2\/comments?post=2177"}],"wp:featuredmedia":[{"embeddable":true,"href":"https:\/\/vozolpuff.de\/es\/wp-json\/wp\/v2\/media\/2180"}],"wp:attachment":[{"href":"https:\/\/vozolpuff.de\/es\/wp-json\/wp\/v2\/media?parent=2177"}],"wp:term":[{"taxonomy":"product_brand","embeddable":true,"href":"https:\/\/vozolpuff.de\/es\/wp-json\/wp\/v2\/product_brand?post=2177"},{"taxonomy":"product_cat","embeddable":true,"href":"https:\/\/vozolpuff.de\/es\/wp-json\/wp\/v2\/product_cat?post=2177"},{"taxonomy":"product_tag","embeddable":true,"href":"https:\/\/vozolpuff.de\/es\/wp-json\/wp\/v2\/product_tag?post=2177"}],"curies":[{"name":"wp","href":"https:\/\/api.w.org\/{rel}","templated":true}]}}