{"id":2187,"date":"2025-08-28T17:06:46","date_gmt":"2025-08-28T15:06:46","guid":{"rendered":"https:\/\/vozolpuff.de\/?post_type=product&#038;p=2187"},"modified":"2025-08-28T17:07:34","modified_gmt":"2025-08-28T15:07:34","slug":"randm-tornado-15000-strawberry-grape","status":"publish","type":"product","link":"https:\/\/vozolpuff.de\/es\/producto\/randm-tornado-15000-strawberry-grape\/","title":{"rendered":"RandM Tornado 15000 Fresa Uva"},"content":{"rendered":"<h2 class=\"text-xl font-bold text-text-100 mt-1 -mb-0.5\">RandM Tornado 15000 Strawberry Grape Vape desechable<\/h2>\n<p class=\"whitespace-normal break-words\">Disfrute de la tentadora combinaci\u00f3n de jugosas fresas y uvas maduras con RandM Tornado 15000 Strawberry Grape. Este cigarrillo electr\u00f3nico desechable de alta calidad combina el sabor afrutado y la elegancia en un dise\u00f1o compacto. Con 15 000 caladas y un dep\u00f3sito de 25 ml, ofrece un placer duradero en concentraciones de nicotina de 0%, 2%, 3% y 5%.<\/p>\n<h3 class=\"text-lg font-bold text-text-100 mt-1 -mb-1.5\">Caracter\u00edsticas de rendimiento de Strawberry Grape:<\/h3>\n<p class=\"whitespace-normal break-words\"><strong>Bater\u00eda fiable de 850 mAh:<\/strong> Una fuente de energ\u00eda robusta garantiza una potencia constante y asegura una producci\u00f3n de vapor uniforme durante toda la vida \u00fatil.<\/p>\n<p class=\"whitespace-normal break-words\"><strong>Memoria ampliada para 25 ml de l\u00edquido:<\/strong> Su gran capacidad permite disfrutar de horas y horas de vapor sin molestas interrupciones ni tareas de mantenimiento.<\/p>\n<p class=\"whitespace-normal break-words\"><strong>Bobina de malla optimizada de 0,90 \u03a9:<\/strong> La tecnolog\u00eda de vaporizaci\u00f3n especialmente desarrollada maximiza el rendimiento arom\u00e1tico y garantiza aut\u00e9nticas notas de sabor a fresa y uva.<\/p>\n<p class=\"whitespace-normal break-words\"><strong>Conexi\u00f3n Type-C eficiente:<\/strong> La moderna interfaz de carga garantiza una recarga r\u00e1pida de la bater\u00eda y reduce los tiempos de inactividad al m\u00ednimo.<\/p>\n<p class=\"whitespace-normal break-words\"><strong>Impresionante rendimiento de 15 000 ciclos:<\/strong> Excelente durabilidad para largas fases de vaporizaci\u00f3n sin comprometer la calidad del sabor ni la densidad del vapor.<\/p>\n<p class=\"whitespace-normal break-words\"><strong>Iluminaci\u00f3n RGB din\u00e1mica:<\/strong> Los atractivos juegos de colores aportan un toque visual y proporcionan informaci\u00f3n fiable sobre el estado actual del dispositivo.<\/p>\n<h3 class=\"text-lg font-bold text-text-100 mt-1 -mb-1.5\">Descubre m\u00e1s FUMOT VAPE en vozolpuff<\/h3>\n<p class=\"whitespace-normal break-words\">Descubra m\u00e1s productos de vapor de primera clase en nuestro <strong><a class=\"underline\" href=\"https:\/\/vozolpuff.de\/es\/\">Surtido principal<\/a><\/strong>Explore toda la <strong><a class=\"underline\" href=\"https:\/\/vozolpuff.de\/es\/product-category\/fumot-vape\/\">Colecci\u00f3n FUMOT VAPE<\/a><\/strong> o navegar por todos los <strong><a class=\"underline\" href=\"https:\/\/vozolpuff.de\/es\/product-category\/fumot-vape\/randm-tornado-15000\/\">RandM Tornado 15000 sabores<\/a><\/strong> para una experiencia de vapor perfecta.<\/p>","protected":false},"excerpt":{"rendered":"<div>\n<div class=\"grid-cols-1 grid gap-2.5 [&amp;_&gt;_*]:min-w-0 !gap-3.5\">\n<div>\n<div class=\"grid-cols-1 grid gap-2.5 [&amp;_&gt;_*]:min-w-0 !gap-3.5\">\n<p class=\"whitespace-normal break-words\">Die RandM Tornado 15000 Strawberry Grape Einweg-Vape kombiniert s\u00fc\u00dfe Erdbeeren mit saftigen Trauben. Mit 15.000 Z\u00fcgen, 25ml Tank, 850mAh Akku und RGB-Beleuchtung bietet sie langanhaltenden Dampfgenuss. Erh\u00e4ltlich in 0%, 2%, 3% und 5% Nikotin.<\/p>\n<\/div>\n<\/div>\n<div class=\"h-8\"><\/div>\n<\/div>\n<\/div>\n<div class=\"h-8\"><\/div>\n","protected":false},"featured_media":2190,"comment_status":"open","ping_status":"closed","template":"","meta":{"_acf_changed":false},"product_brand":[],"product_cat":[44],"product_tag":[],"class_list":{"0":"post-2187","1":"product","2":"type-product","3":"status-publish","4":"has-post-thumbnail","6":"product_cat-randm-tornado-15000","8":"first","9":"instock","10":"shipping-taxable","11":"purchasable","12":"product-type-variable"},"acf":[],"_links":{"self":[{"href":"https:\/\/vozolpuff.de\/es\/wp-json\/wp\/v2\/product\/2187","targetHints":{"allow":["GET"]}}],"collection":[{"href":"https:\/\/vozolpuff.de\/es\/wp-json\/wp\/v2\/product"}],"about":[{"href":"https:\/\/vozolpuff.de\/es\/wp-json\/wp\/v2\/types\/product"}],"replies":[{"embeddable":true,"href":"https:\/\/vozolpuff.de\/es\/wp-json\/wp\/v2\/comments?post=2187"}],"wp:featuredmedia":[{"embeddable":true,"href":"https:\/\/vozolpuff.de\/es\/wp-json\/wp\/v2\/media\/2190"}],"wp:attachment":[{"href":"https:\/\/vozolpuff.de\/es\/wp-json\/wp\/v2\/media?parent=2187"}],"wp:term":[{"taxonomy":"product_brand","embeddable":true,"href":"https:\/\/vozolpuff.de\/es\/wp-json\/wp\/v2\/product_brand?post=2187"},{"taxonomy":"product_cat","embeddable":true,"href":"https:\/\/vozolpuff.de\/es\/wp-json\/wp\/v2\/product_cat?post=2187"},{"taxonomy":"product_tag","embeddable":true,"href":"https:\/\/vozolpuff.de\/es\/wp-json\/wp\/v2\/product_tag?post=2187"}],"curies":[{"name":"wp","href":"https:\/\/api.w.org\/{rel}","templated":true}]}}