{"id":2197,"date":"2025-08-28T17:15:34","date_gmt":"2025-08-28T15:15:34","guid":{"rendered":"https:\/\/vozolpuff.de\/?post_type=product&#038;p=2197"},"modified":"2025-08-28T17:15:34","modified_gmt":"2025-08-28T15:15:34","slug":"randm-tornado-15000-mr-blue","status":"publish","type":"product","link":"https:\/\/vozolpuff.de\/es\/producto\/randm-tornado-15000-mr-blue\/","title":{"rendered":"RandM Tornado 15000 Mr Azul"},"content":{"rendered":"<h2 class=\"text-xl font-bold text-text-100 mt-1 -mb-0.5\">Vapeador desechable RandM Tornado 15000 Mr Blue<\/h2>\n<p class=\"whitespace-normal break-words\">Sum\u00e9rjase en el misterioso mundo de Mr Blue con el RandM Tornado 15000. Esta extraordinaria composici\u00f3n de sabores ofrece una experiencia de vapeo \u00fanica con hasta 15.000 caladas. El generoso dep\u00f3sito de e-l\u00edquido de 25 ml y la posibilidad de elegir entre nicotina 0%, 2%, 3% y 5% hacen de este cigarrillo electr\u00f3nico desechable el compa\u00f1ero perfecto.<\/p>\n<h3 class=\"text-lg font-bold text-text-100 mt-1 -mb-1.5\">Detalles del equipo Mr Blue:<\/h3>\n<p class=\"whitespace-normal break-words\"><strong>Bater\u00eda de 850 mAh de alto rendimiento:<\/strong> La tecnolog\u00eda de bater\u00edas recargables de alta calidad proporciona una energ\u00eda estable y constante y garantiza una funcionalidad \u00f3ptima hasta que la bater\u00eda se descarga por completo.<\/p>\n<p class=\"whitespace-normal break-words\"><strong>Dep\u00f3sito de gran capacidad de 25 ML:<\/strong> El dep\u00f3sito suficientemente dimensionado permite disfrutar al m\u00e1ximo de los vapores sin interrupciones frecuentes ni intervalos de mantenimiento.<\/p>\n<p class=\"whitespace-normal break-words\"><strong>Bobina de malla especial 0,90\u03a9:<\/strong> Los elementos calefactores fabricados con precisi\u00f3n provocan los matices caracter\u00edsticos del aroma Mr Blue y garantizan un sabor perfecto.<\/p>\n<p class=\"whitespace-normal break-words\"><strong>Puerto de alimentaci\u00f3n Type-C:<\/strong> La tecnolog\u00eda de carga m\u00e1s avanzada permite una absorci\u00f3n de energ\u00eda ultrarr\u00e1pida y minimiza los periodos de espera improductivos.<\/p>\n<p class=\"whitespace-normal break-words\"><strong>Monumentales 15.000 movimientos de resistencia:<\/strong> Capacidad impresionante para un uso prolongado sin sacrificar el volumen de vapor ni la intensidad del sabor.<\/p>\n<p class=\"whitespace-normal break-words\"><strong>Sistema multicolor RGB:<\/strong> La innovadora tecnolog\u00eda de iluminaci\u00f3n crea un ambiente atmosf\u00e9rico y act\u00faa como un indicador preciso de la funci\u00f3n.<\/p>\n<h3 class=\"text-lg font-bold text-text-100 mt-1 -mb-1.5\">Descubre m\u00e1s FUMOT VAPE en vozolpuff<\/h3>\n<p class=\"whitespace-normal break-words\">Descubra m\u00e1s productos de vapor de primera clase en nuestro <strong><a class=\"underline\" href=\"https:\/\/vozolpuff.de\/es\/\">Surtido principal<\/a><\/strong>Explore toda la <strong><a class=\"underline\" href=\"https:\/\/vozolpuff.de\/es\/product-category\/fumot-vape\/\">Colecci\u00f3n FUMOT VAPE<\/a><\/strong> o navegar por todos los <strong><a class=\"underline\" href=\"https:\/\/vozolpuff.de\/es\/product-category\/fumot-vape\/randm-tornado-15000\/\">RandM Tornado 15000 sabores<\/a><\/strong> para una experiencia de vapor perfecta.<\/p>","protected":false},"excerpt":{"rendered":"<div>\n<div class=\"grid-cols-1 grid gap-2.5 [&amp;_&gt;_*]:min-w-0 !gap-3.5\">\n<p class=\"whitespace-normal break-words\">Die RandM Tornado 15000 Mr Blue Einweg-Vape bietet ein geheimnisvolles Geschmackserlebnis. Mit 15.000 Z\u00fcgen, 25ml Tank, 850mAh Akku und RGB-Beleuchtung sorgt sie f\u00fcr langanhaltenden Dampfgenuss. Erh\u00e4ltlich in 0%, 2%, 3% und 5% Nikotin.<\/p>\n<\/div>\n<\/div>\n<div class=\"h-8\"><\/div>\n","protected":false},"featured_media":2200,"comment_status":"open","ping_status":"closed","template":"","meta":{"_acf_changed":false},"product_brand":[],"product_cat":[44],"product_tag":[],"class_list":{"0":"post-2197","1":"product","2":"type-product","3":"status-publish","4":"has-post-thumbnail","6":"product_cat-randm-tornado-15000","8":"first","9":"instock","10":"shipping-taxable","11":"purchasable","12":"product-type-variable"},"acf":[],"_links":{"self":[{"href":"https:\/\/vozolpuff.de\/es\/wp-json\/wp\/v2\/product\/2197","targetHints":{"allow":["GET"]}}],"collection":[{"href":"https:\/\/vozolpuff.de\/es\/wp-json\/wp\/v2\/product"}],"about":[{"href":"https:\/\/vozolpuff.de\/es\/wp-json\/wp\/v2\/types\/product"}],"replies":[{"embeddable":true,"href":"https:\/\/vozolpuff.de\/es\/wp-json\/wp\/v2\/comments?post=2197"}],"wp:featuredmedia":[{"embeddable":true,"href":"https:\/\/vozolpuff.de\/es\/wp-json\/wp\/v2\/media\/2200"}],"wp:attachment":[{"href":"https:\/\/vozolpuff.de\/es\/wp-json\/wp\/v2\/media?parent=2197"}],"wp:term":[{"taxonomy":"product_brand","embeddable":true,"href":"https:\/\/vozolpuff.de\/es\/wp-json\/wp\/v2\/product_brand?post=2197"},{"taxonomy":"product_cat","embeddable":true,"href":"https:\/\/vozolpuff.de\/es\/wp-json\/wp\/v2\/product_cat?post=2197"},{"taxonomy":"product_tag","embeddable":true,"href":"https:\/\/vozolpuff.de\/es\/wp-json\/wp\/v2\/product_tag?post=2197"}],"curies":[{"name":"wp","href":"https:\/\/api.w.org\/{rel}","templated":true}]}}