{"id":2207,"date":"2025-08-28T17:18:42","date_gmt":"2025-08-28T15:18:42","guid":{"rendered":"https:\/\/vozolpuff.de\/?post_type=product&#038;p=2207"},"modified":"2025-08-28T17:18:43","modified_gmt":"2025-08-28T15:18:43","slug":"randm-tornado-15000-lush-ice","status":"publish","type":"product","link":"https:\/\/vozolpuff.de\/es\/producto\/randm-tornado-15000-lush-ice\/","title":{"rendered":"RandM Tornado 15000 Lush Ice"},"content":{"rendered":"<h2 class=\"text-xl font-bold text-text-100 mt-1 -mb-0.5\">Vapeador desechable RandM Tornado 15000 Lush Ice<\/h2>\n<p class=\"whitespace-normal break-words\">Refr\u00e9scate con el RandM Tornado 15000 Lush Ice - una vigorizante combinaci\u00f3n de dulce sand\u00eda y un intenso toque mentolado. Este refrescante cigarrillo electr\u00f3nico desechable ofrece hasta 15.000 caladas refrescantes con un dep\u00f3sito precargado de 25 ml. Disponible en concentraciones de nicotina 0%, 2%, 3% y 5% para todos los gustos.<\/p>\n<h3 class=\"text-lg font-bold text-text-100 mt-1 -mb-1.5\">Lush Ice Caracter\u00edsticas t\u00e9cnicas:<\/h3>\n<p class=\"whitespace-normal break-words\"><strong>Bater\u00eda de larga duraci\u00f3n de 850 mAh:<\/strong> La potente c\u00e9lula de energ\u00eda garantiza una refrigeraci\u00f3n continua y un rendimiento constante durante toda la vida \u00fatil del producto.<\/p>\n<p class=\"whitespace-normal break-words\"><strong>Amplio dep\u00f3sito de 25 ML:<\/strong> La generosa capacidad de l\u00edquido garantiza un refresco de larga duraci\u00f3n sin interrupciones molestas en su placer de vapear.<\/p>\n<p class=\"whitespace-normal break-words\"><strong>Bobina de malla de 0,90\u03a9 optimizada para el fr\u00edo:<\/strong> La tecnolog\u00eda de vaporizaci\u00f3n especialmente afinada potencia el efecto mentolado y proporciona aut\u00e9nticas sensaciones Lush Ice.<\/p>\n<p class=\"whitespace-normal break-words\"><strong>Carga Turbo Tipo-C:<\/strong> La revolucionaria tecnolog\u00eda de carga r\u00e1pida acorta dr\u00e1sticamente los ciclos de carga y maximiza el tiempo de vapor disponible.<\/p>\n<p class=\"whitespace-normal break-words\"><strong>Colosal gama de 15.000 trenes:<\/strong> Rendimiento excepcional para semanas de refresco sin p\u00e9rdida de calidad ni enfriamiento.<\/p>\n<p class=\"whitespace-normal break-words\"><strong>Efectos prism\u00e1ticos RGB:<\/strong> Los impresionantes efectos luminosos acent\u00faan el tema helado y se\u00f1alan de forma fiable el estado de funcionamiento.<\/p>\n<h3 class=\"text-lg font-bold text-text-100 mt-1 -mb-1.5\">Descubre m\u00e1s FUMOT VAPE en vozolpuff<\/h3>\n<p class=\"whitespace-normal break-words\">Descubra m\u00e1s productos de vapor de primera clase en nuestro <strong><a class=\"underline\" href=\"https:\/\/vozolpuff.de\/es\/\">Surtido principal<\/a><\/strong>Explore toda la <strong><a class=\"underline\" href=\"https:\/\/vozolpuff.de\/es\/product-category\/fumot-vape\/\">Colecci\u00f3n FUMOT VAPE<\/a><\/strong> o navegar por todos los <strong><a class=\"underline\" href=\"https:\/\/vozolpuff.de\/es\/product-category\/fumot-vape\/randm-tornado-15000\/\">RandM Tornado 15000 sabores<\/a><\/strong> para una experiencia de vapor perfecta.<\/p>","protected":false},"excerpt":{"rendered":"<div>\n<div class=\"grid-cols-1 grid gap-2.5 [&amp;_&gt;_*]:min-w-0 !gap-3.5\">\n<p class=\"whitespace-normal break-words\">Die RandM Tornado 15000 Lush Ice Einweg-Vape kombiniert s\u00fc\u00dfe Wassermelone mit intensivem Menthol-Kick. Mit 15.000 Z\u00fcgen, 25ml Tank, 850mAh Akku und RGB-Beleuchtung bietet sie erfrischenden Dampfgenuss. Erh\u00e4ltlich in 0%, 2%, 3% und 5% Nikotin.<\/p>\n<\/div>\n<\/div>\n<div class=\"h-8\"><\/div>\n","protected":false},"featured_media":2210,"comment_status":"open","ping_status":"closed","template":"","meta":{"_acf_changed":false},"product_brand":[],"product_cat":[44],"product_tag":[],"class_list":{"0":"post-2207","1":"product","2":"type-product","3":"status-publish","4":"has-post-thumbnail","6":"product_cat-randm-tornado-15000","8":"first","9":"instock","10":"shipping-taxable","11":"purchasable","12":"product-type-variable"},"acf":[],"_links":{"self":[{"href":"https:\/\/vozolpuff.de\/es\/wp-json\/wp\/v2\/product\/2207","targetHints":{"allow":["GET"]}}],"collection":[{"href":"https:\/\/vozolpuff.de\/es\/wp-json\/wp\/v2\/product"}],"about":[{"href":"https:\/\/vozolpuff.de\/es\/wp-json\/wp\/v2\/types\/product"}],"replies":[{"embeddable":true,"href":"https:\/\/vozolpuff.de\/es\/wp-json\/wp\/v2\/comments?post=2207"}],"wp:featuredmedia":[{"embeddable":true,"href":"https:\/\/vozolpuff.de\/es\/wp-json\/wp\/v2\/media\/2210"}],"wp:attachment":[{"href":"https:\/\/vozolpuff.de\/es\/wp-json\/wp\/v2\/media?parent=2207"}],"wp:term":[{"taxonomy":"product_brand","embeddable":true,"href":"https:\/\/vozolpuff.de\/es\/wp-json\/wp\/v2\/product_brand?post=2207"},{"taxonomy":"product_cat","embeddable":true,"href":"https:\/\/vozolpuff.de\/es\/wp-json\/wp\/v2\/product_cat?post=2207"},{"taxonomy":"product_tag","embeddable":true,"href":"https:\/\/vozolpuff.de\/es\/wp-json\/wp\/v2\/product_tag?post=2207"}],"curies":[{"name":"wp","href":"https:\/\/api.w.org\/{rel}","templated":true}]}}