{"id":2217,"date":"2025-08-28T17:22:02","date_gmt":"2025-08-28T15:22:02","guid":{"rendered":"https:\/\/vozolpuff.de\/?post_type=product&#038;p=2217"},"modified":"2025-08-28T17:22:02","modified_gmt":"2025-08-28T15:22:02","slug":"randm-tornado-15000-ice-pop","status":"publish","type":"product","link":"https:\/\/vozolpuff.de\/es\/producto\/randm-tornado-15000-ice-pop\/","title":{"rendered":"RandM Tornado 15000 Ice Pop"},"content":{"rendered":"<h2 class=\"text-xl font-bold text-text-100 mt-1 -mb-0.5\">Vapeador desechable RandM Tornado 15000 Ice Pop<\/h2>\n<p class=\"whitespace-normal break-words\">Reg\u00e1late recuerdos nost\u00e1lgicos con el RandM Tornado 15000 Ice Pop: un placer helado que recuerda a los momentos veraniegos de los polos. Con 15.000 caladas y un dep\u00f3sito de 25 ml de capacidad, este e-cigarrillo desechable ofrece un refresco helado. Disponible en potencias de nicotina 0%, 2%, 3% y 5% para un disfrute personalizado.<\/p>\n<h3 class=\"text-lg font-bold text-text-100 mt-1 -mb-1.5\">Caracter\u00edsticas funcionales de Ice Pop:<\/h3>\n<p class=\"whitespace-normal break-words\"><strong>Bater\u00eda de alta energ\u00eda de 850 mAh:<\/strong> La potente tecnolog\u00eda de bater\u00eda garantiza un funcionamiento continuo sin escarcha y un suministro de energ\u00eda estable para una eficiencia de refrigeraci\u00f3n \u00f3ptima.<\/p>\n<p class=\"whitespace-normal break-words\"><strong>Recipiente de gran capacidad de 25 ML:<\/strong> El gran volumen de e-l\u00edquido garantiza sesiones prolongadas de polos sin tener que rellenarlos.<\/p>\n<p class=\"whitespace-normal break-words\"><strong>Bobina de malla de 0,90\u03a9 que optimiza las heladas:<\/strong> La tecnolog\u00eda de calentamiento a medida maximiza el efecto de enfriamiento y transporta a la perfecci\u00f3n los aut\u00e9nticos sabores de los polos.<\/p>\n<p class=\"whitespace-normal break-words\"><strong>Puerto de carga Express Type-C:<\/strong> La interfaz de carga de \u00faltima generaci\u00f3n minimiza los tiempos de carga de la bater\u00eda y maximiza los momentos de vapor helado.<\/p>\n<p class=\"whitespace-normal break-words\"><strong>Gigantesca capacidad para 15.000 trenes:<\/strong> Resistencia fenomenal para un enfriamiento prolongado sin p\u00e9rdida de sabor ni intensidad.<\/p>\n<p class=\"whitespace-normal break-words\"><strong>Iluminaci\u00f3n espectral RGB:<\/strong> Los fascinantes cambios de color crean una atm\u00f3sfera invernal y sirven como indicador preciso de funcionamiento.<\/p>\n<h3 class=\"text-lg font-bold text-text-100 mt-1 -mb-1.5\">Descubre m\u00e1s FUMOT VAPE en vozolpuff<\/h3>\n<p class=\"whitespace-normal break-words\">Descubra m\u00e1s productos de vapor de primera clase en nuestro <strong><a class=\"underline\" href=\"https:\/\/vozolpuff.de\/es\/\">Surtido principal<\/a><\/strong>Explore toda la <strong><a class=\"underline\" href=\"https:\/\/vozolpuff.de\/es\/product-category\/fumot-vape\/\">Colecci\u00f3n FUMOT VAPE<\/a><\/strong> o navegar por todos los <strong><a class=\"underline\" href=\"https:\/\/vozolpuff.de\/es\/product-category\/fumot-vape\/randm-tornado-15000\/\">RandM Tornado 15000 sabores<\/a><\/strong> para una experiencia de vapor perfecta.<\/p>","protected":false},"excerpt":{"rendered":"<div>\n<div class=\"grid-cols-1 grid gap-2.5 [&amp;_&gt;_*]:min-w-0 !gap-3.5\">\n<p class=\"whitespace-normal break-words\">Die RandM Tornado 15000 Ice Pop Einweg-Vape bietet nostalgischen Eis-am-Stiel-Geschmack mit eisiger Erfrischung. Mit 15.000 Z\u00fcgen, 25ml Tank, 850mAh Akku und RGB-Beleuchtung sorgt sie f\u00fcr sommerliches Dampfvergn\u00fcgen. Erh\u00e4ltlich in 0%, 2%, 3% und 5% Nikotin.<\/p>\n<\/div>\n<\/div>\n<div class=\"h-8\"><\/div>\n","protected":false},"featured_media":2220,"comment_status":"open","ping_status":"closed","template":"","meta":{"_acf_changed":false},"product_brand":[],"product_cat":[44],"product_tag":[],"class_list":{"0":"post-2217","1":"product","2":"type-product","3":"status-publish","4":"has-post-thumbnail","6":"product_cat-randm-tornado-15000","8":"first","9":"instock","10":"shipping-taxable","11":"purchasable","12":"product-type-variable"},"acf":[],"_links":{"self":[{"href":"https:\/\/vozolpuff.de\/es\/wp-json\/wp\/v2\/product\/2217","targetHints":{"allow":["GET"]}}],"collection":[{"href":"https:\/\/vozolpuff.de\/es\/wp-json\/wp\/v2\/product"}],"about":[{"href":"https:\/\/vozolpuff.de\/es\/wp-json\/wp\/v2\/types\/product"}],"replies":[{"embeddable":true,"href":"https:\/\/vozolpuff.de\/es\/wp-json\/wp\/v2\/comments?post=2217"}],"wp:featuredmedia":[{"embeddable":true,"href":"https:\/\/vozolpuff.de\/es\/wp-json\/wp\/v2\/media\/2220"}],"wp:attachment":[{"href":"https:\/\/vozolpuff.de\/es\/wp-json\/wp\/v2\/media?parent=2217"}],"wp:term":[{"taxonomy":"product_brand","embeddable":true,"href":"https:\/\/vozolpuff.de\/es\/wp-json\/wp\/v2\/product_brand?post=2217"},{"taxonomy":"product_cat","embeddable":true,"href":"https:\/\/vozolpuff.de\/es\/wp-json\/wp\/v2\/product_cat?post=2217"},{"taxonomy":"product_tag","embeddable":true,"href":"https:\/\/vozolpuff.de\/es\/wp-json\/wp\/v2\/product_tag?post=2217"}],"curies":[{"name":"wp","href":"https:\/\/api.w.org\/{rel}","templated":true}]}}