{"id":2237,"date":"2025-08-28T17:28:29","date_gmt":"2025-08-28T15:28:29","guid":{"rendered":"https:\/\/vozolpuff.de\/?post_type=product&#038;p=2237"},"modified":"2025-08-28T17:28:29","modified_gmt":"2025-08-28T15:28:29","slug":"randm-tornado-15000-kiwi-passion-fruit-guava","status":"publish","type":"product","link":"https:\/\/vozolpuff.de\/es\/producto\/randm-tornado-15000-kiwi-passion-fruit-guava\/","title":{"rendered":"RandM Tornado 15000 Kiwi Maracuy\u00e1 Guayaba"},"content":{"rendered":"<h2 class=\"text-xl font-bold text-text-100 mt-1 -mb-0.5\">RandM Tornado 15000 Kiwi Maracuy\u00e1 Guayaba Vape Desechable<\/h2>\n<p class=\"whitespace-normal break-words\">Emb\u00e1rcate en un viaje de sabores tropicales con el RandM Tornado 15000 Kiwi Fruta de la Pasi\u00f3n Guayaba. Esta ex\u00f3tica mezcla de tres frutas combina el \u00e1cido kiwi, la arom\u00e1tica fruta de la pasi\u00f3n y la dulce guayaba para crear una experiencia de vapor paradis\u00edaca. 15.000 caladas y 25 ml de capacidad en las concentraciones de nicotina 0%, 2%, 3% y 5%.<\/p>\n<h3 class=\"text-lg font-bold text-text-100 mt-1 -mb-1.5\">Kiwi Maracuy\u00e1 Guayaba Caracter\u00edsticas especiales:<\/h3>\n<p class=\"whitespace-normal break-words\"><strong>Bater\u00eda de alta capacidad de 850 mAh:<\/strong> La tecnolog\u00eda energ\u00e9tica de primera calidad garantiza sabores de frutas tropicales estables y ofrece un rendimiento constante para disfrutar de una experiencia ex\u00f3tica completa.<\/p>\n<p class=\"whitespace-normal break-words\"><strong>Voluminoso sistema de e-l\u00edquido de 25 ML:<\/strong> La mayor capacidad del dep\u00f3sito permite realizar viajes tropicales intensivos sin interrumpir la paradis\u00edaca experiencia de sabor.<\/p>\n<p class=\"whitespace-normal break-words\"><strong>Bobina de malla de 0,90\u03a9 optimizada para frutas tropicales:<\/strong> Una tecnolog\u00eda de evaporaci\u00f3n especialmente desarrollada extrae las complejas notas arom\u00e1ticas de las tres frutas y crea una perfecta armon\u00eda de sabores.<\/p>\n<p class=\"whitespace-normal break-words\"><strong>Cargador Lightning Type-C:<\/strong> La tecnolog\u00eda de carga ultrarr\u00e1pida minimiza los tiempos de espera y maximiza el tiempo para aventuras ex\u00f3ticas de vapeo.<\/p>\n<p class=\"whitespace-normal break-words\"><strong>Monumentales 15.000 movimientos de resistencia:<\/strong> Impresionante longevidad para semanas de sue\u00f1os tropicales sin perder su caracter\u00edstica complejidad frutal.<\/p>\n<p class=\"whitespace-normal break-words\"><strong>Espect\u00e1culo de luces tropicales RGB:<\/strong> La iluminaci\u00f3n de colores evoca estados de \u00e1nimo paradis\u00edacos y act\u00faa como un indicador funcional fiable.<\/p>\n<h3 class=\"text-lg font-bold text-text-100 mt-1 -mb-1.5\">Descubre m\u00e1s FUMOT VAPE en vozolpuff<\/h3>\n<p class=\"whitespace-normal break-words\">Descubra m\u00e1s productos de vapor de primera clase en nuestro <strong><a class=\"underline\" href=\"https:\/\/vozolpuff.de\/es\/\">Surtido principal<\/a><\/strong>Explore toda la <strong><a class=\"underline\" href=\"https:\/\/vozolpuff.de\/es\/product-category\/fumot-vape\/\">Colecci\u00f3n FUMOT VAPE<\/a><\/strong> o navegar por todos los <strong><a class=\"underline\" href=\"https:\/\/vozolpuff.de\/es\/product-category\/fumot-vape\/randm-tornado-15000\/\">RandM Tornado 15000 sabores<\/a><\/strong> para una experiencia de vapor perfecta.<\/p>","protected":false},"excerpt":{"rendered":"<div>\n<div class=\"grid-cols-1 grid gap-2.5 [&amp;_&gt;_*]:min-w-0 !gap-3.5\">\n<p class=\"whitespace-normal break-words\">Die RandM Tornado 15000 Kiwi Passion Fruit Guava Einweg-Vape bietet eine exotische Dreifach-Frucht-Mischung aus s\u00e4uerlicher Kiwi, aromatischer Passionsfrucht und s\u00fc\u00dfer Guave. Mit 15.000 Z\u00fcgen, 25ml Tank und 850mAh Akku. Erh\u00e4ltlich in 0%, 2%, 3% und 5% Nikotin.<\/p>\n<\/div>\n<\/div>\n<div class=\"h-8\"><\/div>\n","protected":false},"featured_media":2240,"comment_status":"open","ping_status":"closed","template":"","meta":{"_acf_changed":false},"product_brand":[],"product_cat":[44],"product_tag":[],"class_list":{"0":"post-2237","1":"product","2":"type-product","3":"status-publish","4":"has-post-thumbnail","6":"product_cat-randm-tornado-15000","8":"first","9":"instock","10":"shipping-taxable","11":"purchasable","12":"product-type-variable"},"acf":[],"_links":{"self":[{"href":"https:\/\/vozolpuff.de\/es\/wp-json\/wp\/v2\/product\/2237","targetHints":{"allow":["GET"]}}],"collection":[{"href":"https:\/\/vozolpuff.de\/es\/wp-json\/wp\/v2\/product"}],"about":[{"href":"https:\/\/vozolpuff.de\/es\/wp-json\/wp\/v2\/types\/product"}],"replies":[{"embeddable":true,"href":"https:\/\/vozolpuff.de\/es\/wp-json\/wp\/v2\/comments?post=2237"}],"wp:featuredmedia":[{"embeddable":true,"href":"https:\/\/vozolpuff.de\/es\/wp-json\/wp\/v2\/media\/2240"}],"wp:attachment":[{"href":"https:\/\/vozolpuff.de\/es\/wp-json\/wp\/v2\/media?parent=2237"}],"wp:term":[{"taxonomy":"product_brand","embeddable":true,"href":"https:\/\/vozolpuff.de\/es\/wp-json\/wp\/v2\/product_brand?post=2237"},{"taxonomy":"product_cat","embeddable":true,"href":"https:\/\/vozolpuff.de\/es\/wp-json\/wp\/v2\/product_cat?post=2237"},{"taxonomy":"product_tag","embeddable":true,"href":"https:\/\/vozolpuff.de\/es\/wp-json\/wp\/v2\/product_tag?post=2237"}],"curies":[{"name":"wp","href":"https:\/\/api.w.org\/{rel}","templated":true}]}}