{"id":2247,"date":"2025-08-28T17:32:48","date_gmt":"2025-08-28T15:32:48","guid":{"rendered":"https:\/\/vozolpuff.de\/?post_type=product&#038;p=2247"},"modified":"2025-08-28T17:32:49","modified_gmt":"2025-08-28T15:32:49","slug":"randm-tornado-15000-triple-berry","status":"publish","type":"product","link":"https:\/\/vozolpuff.de\/es\/producto\/randm-tornado-15000-triple-berry\/","title":{"rendered":"RandM Tornado 15000 Triple Berry"},"content":{"rendered":"<h2 class=\"text-xl font-bold text-text-100 mt-1 -mb-0.5\">RandM Tornado 15000 Triple Berry Vape desechable<\/h2>\n<p class=\"whitespace-normal break-words\">Disfruta de la explosi\u00f3n definitiva de bayas con RandM Tornado 15000 Triple Berry. Esta deliciosa mezcla combina tres tipos diferentes de bayas para crear un intenso bouquet de sabores. Con 15 000 caladas de un dep\u00f3sito de 25 ml, este cigarrillo electr\u00f3nico desechable ofrece un placer duradero con sabores a bayas en concentraciones de nicotina de 0%, 2%, 3% y 5%.<\/p>\n<h3 class=\"text-lg font-bold text-text-100 mt-1 -mb-1.5\">Caracter\u00edsticas de rendimiento de Triple Berry:<\/h3>\n<p class=\"whitespace-normal break-words\"><strong>Potente bater\u00eda de 850 mAh:<\/strong> El sistema de bater\u00eda de alto rendimiento garantiza una intensidad constante del aroma a bayas y una calidad uniforme durante toda la vida \u00fatil del aparato.<\/p>\n<p class=\"whitespace-normal break-words\"><strong>Generoso dep\u00f3sito de aroma de 25 ml:<\/strong> El amplio dep\u00f3sito de l\u00edquido permite largas sesiones de vaporizaci\u00f3n de bayas sin molestas interrupciones ni requisitos de mantenimiento.<\/p>\n<p class=\"whitespace-normal break-words\"><strong>Bobina de malla de 0,90 \u03a9 optimizada para bayas:<\/strong> Los elementos calefactores, cuidadosamente ajustados, realzan las notas naturales de las bayas y crean un aut\u00e9ntico perfil de sabor a triple baya.<\/p>\n<p class=\"whitespace-normal break-words\"><strong>Carga r\u00e1pida tipo C:<\/strong> La tecnolog\u00eda de carga r\u00e1pida m\u00e1s avanzada reduce considerablemente los tiempos de recarga y prolonga las fases activas de disfrute de la cerveza.<\/p>\n<p class=\"whitespace-normal break-words\"><strong>Un rendimiento colosal de 15 000 movimientos:<\/strong> Alcance excepcional para disfrutar del vapor durante mucho tiempo sin perder intensidad arom\u00e1tica ni volumen de vapor.<\/p>\n<p class=\"whitespace-normal break-words\"><strong>Iluminaci\u00f3n RGB brillante:<\/strong> Los efectos luminosos vivos resaltan el tema de las bayas y sirven como indicador preciso del estado del dispositivo.<\/p>\n<h3 class=\"text-lg font-bold text-text-100 mt-1 -mb-1.5\">Descubre m\u00e1s FUMOT VAPE en vozolpuff<\/h3>\n<p class=\"whitespace-normal break-words\">Descubra m\u00e1s productos de vapor de primera clase en nuestro <strong><a class=\"underline\" href=\"https:\/\/vozolpuff.de\/es\/\">Surtido principal<\/a><\/strong>Explore toda la <strong><a class=\"underline\" href=\"https:\/\/vozolpuff.de\/es\/product-category\/fumot-vape\/\">Colecci\u00f3n FUMOT VAPE<\/a><\/strong> o navegar por todos los <strong><a class=\"underline\" href=\"https:\/\/vozolpuff.de\/es\/product-category\/fumot-vape\/randm-tornado-15000\/\">RandM Tornado 15000 sabores<\/a><\/strong> para una experiencia de vapor perfecta.<\/p>","protected":false},"excerpt":{"rendered":"<div>\n<div class=\"grid-cols-1 grid gap-2.5 [&amp;_&gt;_*]:min-w-0 !gap-3.5\">\n<p class=\"whitespace-normal break-words\">Die RandM Tornado 15000 Triple Berry Einweg-Vape vereint drei verschiedene Beerensorten zu einem intensiven Geschmacksbouquet. Mit 15.000 Z\u00fcgen, 25ml Tank, 850mAh Akku und RGB-Beleuchtung bietet sie langanhaltenden Beerengenuss. Erh\u00e4ltlich in 0%, 2%, 3% und 5% Nikotin.<\/p>\n<\/div>\n<\/div>\n<div class=\"h-8\"><\/div>\n","protected":false},"featured_media":2250,"comment_status":"open","ping_status":"closed","template":"","meta":{"_acf_changed":false},"product_brand":[],"product_cat":[44],"product_tag":[],"class_list":{"0":"post-2247","1":"product","2":"type-product","3":"status-publish","4":"has-post-thumbnail","6":"product_cat-randm-tornado-15000","8":"first","9":"instock","10":"shipping-taxable","11":"purchasable","12":"product-type-variable"},"acf":[],"_links":{"self":[{"href":"https:\/\/vozolpuff.de\/es\/wp-json\/wp\/v2\/product\/2247","targetHints":{"allow":["GET"]}}],"collection":[{"href":"https:\/\/vozolpuff.de\/es\/wp-json\/wp\/v2\/product"}],"about":[{"href":"https:\/\/vozolpuff.de\/es\/wp-json\/wp\/v2\/types\/product"}],"replies":[{"embeddable":true,"href":"https:\/\/vozolpuff.de\/es\/wp-json\/wp\/v2\/comments?post=2247"}],"wp:featuredmedia":[{"embeddable":true,"href":"https:\/\/vozolpuff.de\/es\/wp-json\/wp\/v2\/media\/2250"}],"wp:attachment":[{"href":"https:\/\/vozolpuff.de\/es\/wp-json\/wp\/v2\/media?parent=2247"}],"wp:term":[{"taxonomy":"product_brand","embeddable":true,"href":"https:\/\/vozolpuff.de\/es\/wp-json\/wp\/v2\/product_brand?post=2247"},{"taxonomy":"product_cat","embeddable":true,"href":"https:\/\/vozolpuff.de\/es\/wp-json\/wp\/v2\/product_cat?post=2247"},{"taxonomy":"product_tag","embeddable":true,"href":"https:\/\/vozolpuff.de\/es\/wp-json\/wp\/v2\/product_tag?post=2247"}],"curies":[{"name":"wp","href":"https:\/\/api.w.org\/{rel}","templated":true}]}}