{"id":2257,"date":"2025-08-28T17:36:18","date_gmt":"2025-08-28T15:36:18","guid":{"rendered":"https:\/\/vozolpuff.de\/?post_type=product&#038;p=2257"},"modified":"2025-08-28T17:36:19","modified_gmt":"2025-08-28T15:36:19","slug":"randm-tornado-15000-banana-ice","status":"publish","type":"product","link":"https:\/\/vozolpuff.de\/es\/producto\/randm-tornado-15000-banana-ice\/","title":{"rendered":"RandM Tornado 15000 Banana Ice"},"content":{"rendered":"<h2 class=\"text-xl font-bold text-text-100 mt-1 -mb-0.5\">RandM Tornado 15000 Banana Ice Vape desechable<\/h2>\n<p class=\"whitespace-normal break-words\">Disfruta de la cremosa dulzura de los pl\u00e1tanos maduros combinada con un refrescante toque final de mentol en RandM Tornado 15000 Banana Ice. Esta combinaci\u00f3n \u00fanica de sabores ofrece una equilibrio perfecto entre calidez y frescor. Con 15 000 caladas y un dep\u00f3sito de 25 ml, disponible en concentraciones de nicotina 0%, 2%, 3% y 5%.<\/p>\n<h3 class=\"text-lg font-bold text-text-100 mt-1 -mb-1.5\">Caracter\u00edsticas t\u00e9cnicas destacadas de Banana Ice:<\/h3>\n<p class=\"whitespace-normal break-words\"><strong>Bater\u00eda de larga duraci\u00f3n de 850 mAh:<\/strong> El suministro fiable de energ\u00eda garantiza una refrigeraci\u00f3n constante de Banana Ice y un rendimiento duradero para disfrutar de una experiencia cremosa y fresca.<\/p>\n<p class=\"whitespace-normal break-words\"><strong>Dep\u00f3sito de gran capacidad de 25 ml:<\/strong> Una amplia reserva de l\u00edquido garantiza sesiones prolongadas de pl\u00e1tano y mentol sin molestos intervalos de mantenimiento.<\/p>\n<p class=\"whitespace-normal break-words\"><strong>Bobina de malla de doble temperatura de 0,90 \u03a9:<\/strong> La innovadora tecnolog\u00eda del vaporizador equilibra los c\u00e1lidos aromas del pl\u00e1tano con los refrescantes efectos del mentol para crear una experiencia armoniosa.<\/p>\n<p class=\"whitespace-normal break-words\"><strong>Puerto Turbo Speed Type-C:<\/strong> La tecnolog\u00eda de carga de alta eficiencia reduce al m\u00ednimo los tiempos de carga de la bater\u00eda y maximiza el tiempo de vaporizaci\u00f3n del Banana Ice.<\/p>\n<p class=\"whitespace-normal break-words\"><strong>Gigantesca capacidad para 15.000 trenes:<\/strong> Impresionante resistencia para disfrutar durante semanas del Banana Ice sin perder los caracter\u00edsticos contrastes de temperatura.<\/p>\n<p class=\"whitespace-normal break-words\"><strong>Iluminaci\u00f3n RGB de alto contraste:<\/strong> Los cambios din\u00e1micos de color reflejan los aspectos c\u00e1lidos y fr\u00edos del sabor e informan sobre todos los estados de funcionamiento.<\/p>\n<h3 class=\"text-lg font-bold text-text-100 mt-1 -mb-1.5\">Descubre m\u00e1s FUMOT VAPE en vozolpuff<\/h3>\n<p class=\"whitespace-normal break-words\">Descubra m\u00e1s productos de vapor de primera clase en nuestro <strong><a class=\"underline\" href=\"https:\/\/vozolpuff.de\/es\/\">Surtido principal<\/a><\/strong>Explore toda la <strong><a class=\"underline\" href=\"https:\/\/vozolpuff.de\/es\/product-category\/fumot-vape\/\">Colecci\u00f3n FUMOT VAPE<\/a><\/strong> o navegar por todos los <strong><a class=\"underline\" href=\"https:\/\/vozolpuff.de\/es\/product-category\/fumot-vape\/randm-tornado-15000\/\">RandM Tornado 15000 sabores<\/a><\/strong> para una experiencia de vapor perfecta.<\/p>","protected":false},"excerpt":{"rendered":"<div>\n<div class=\"grid-cols-1 grid gap-2.5 [&amp;_&gt;_*]:min-w-0 !gap-3.5\">\n<p class=\"whitespace-normal break-words\">Die RandM Tornado 15000 Banana Ice Einweg-Vape kombiniert cremige Bananen-S\u00fc\u00dfe mit erfrischendem Menthol-Finish. Mit 15.000 Z\u00fcgen, 25ml Tank, 850mAh Akku und RGB-Beleuchtung bietet sie perfekte Balance zwischen W\u00e4rme und K\u00fchle. Erh\u00e4ltlich in 0%, 2%, 3% und 5% Nikotin.<\/p>\n<\/div>\n<\/div>\n<div class=\"h-8\"><\/div>\n","protected":false},"featured_media":2260,"comment_status":"open","ping_status":"closed","template":"","meta":{"_acf_changed":false},"product_brand":[],"product_cat":[44],"product_tag":[],"class_list":{"0":"post-2257","1":"product","2":"type-product","3":"status-publish","4":"has-post-thumbnail","6":"product_cat-randm-tornado-15000","8":"first","9":"instock","10":"shipping-taxable","11":"purchasable","12":"product-type-variable"},"acf":[],"_links":{"self":[{"href":"https:\/\/vozolpuff.de\/es\/wp-json\/wp\/v2\/product\/2257","targetHints":{"allow":["GET"]}}],"collection":[{"href":"https:\/\/vozolpuff.de\/es\/wp-json\/wp\/v2\/product"}],"about":[{"href":"https:\/\/vozolpuff.de\/es\/wp-json\/wp\/v2\/types\/product"}],"replies":[{"embeddable":true,"href":"https:\/\/vozolpuff.de\/es\/wp-json\/wp\/v2\/comments?post=2257"}],"wp:featuredmedia":[{"embeddable":true,"href":"https:\/\/vozolpuff.de\/es\/wp-json\/wp\/v2\/media\/2260"}],"wp:attachment":[{"href":"https:\/\/vozolpuff.de\/es\/wp-json\/wp\/v2\/media?parent=2257"}],"wp:term":[{"taxonomy":"product_brand","embeddable":true,"href":"https:\/\/vozolpuff.de\/es\/wp-json\/wp\/v2\/product_brand?post=2257"},{"taxonomy":"product_cat","embeddable":true,"href":"https:\/\/vozolpuff.de\/es\/wp-json\/wp\/v2\/product_cat?post=2257"},{"taxonomy":"product_tag","embeddable":true,"href":"https:\/\/vozolpuff.de\/es\/wp-json\/wp\/v2\/product_tag?post=2257"}],"curies":[{"name":"wp","href":"https:\/\/api.w.org\/{rel}","templated":true}]}}