{"id":2267,"date":"2025-08-28T17:39:21","date_gmt":"2025-08-28T15:39:21","guid":{"rendered":"https:\/\/vozolpuff.de\/?post_type=product&#038;p=2267"},"modified":"2025-08-28T17:39:21","modified_gmt":"2025-08-28T15:39:21","slug":"randm-tornado-15000-peach-blueberry-candy","status":"publish","type":"product","link":"https:\/\/vozolpuff.de\/es\/producto\/randm-tornado-15000-peach-blueberry-candy\/","title":{"rendered":"RandM Tornado 15000 Caramelo de melocot\u00f3n y ar\u00e1ndanos"},"content":{"rendered":"<h2 class=\"text-xl font-bold text-text-100 mt-1 -mb-0.5\">RandM Tornado 15000 Peach Blueberry Candy Vape desechable<\/h2>\n<p class=\"whitespace-normal break-words\">Disfrute de los dulces recuerdos de la infancia con RandM Tornado 15000 Peach Blueberry Candy. Este divertido sabor combina jugosos melocotones y dulces ar\u00e1ndanos con un toque azucarado de caramelo. 15 000 caladas de un dep\u00f3sito de 25 ml garantizan una nostalgia dulce y duradera en concentraciones de nicotina de 0%, 2%, 3% y 5%.<\/p>\n<h3 class=\"text-lg font-bold text-text-100 mt-1 -mb-1.5\">Caracter\u00edsticas del caramelo de melocot\u00f3n y ar\u00e1ndanos:<\/h3>\n<p class=\"whitespace-normal break-words\"><strong>Bater\u00eda de 850 mAh de alta energ\u00eda con dise\u00f1o de caramelo:<\/strong> El suministro estable de energ\u00eda preserva el caracter\u00edstico sabor dulce de los caramelos y garantiza un rendimiento constante para una experiencia completa para los m\u00e1s golosos.<\/p>\n<p class=\"whitespace-normal break-words\"><strong>Recipiente para dulces de gran capacidad, 25 ml:<\/strong> El dep\u00f3sito de gran capacidad garantiza largas fases de vapor dulce sin interrumpir la nost\u00e1lgica experiencia gustativa.<\/p>\n<p class=\"whitespace-normal break-words\"><strong>Bobina de malla de 0,90 \u03a9 que potencia el sabor dulce:<\/strong> Una tecnolog\u00eda de calentamiento especialmente calibrada intensifica las dulces notas de caramelo y resalta a la perfecci\u00f3n la combinaci\u00f3n de melocot\u00f3n y ar\u00e1ndanos.<\/p>\n<p class=\"whitespace-normal break-words\"><strong>Cargador r\u00e1pido tipo C para dulces:<\/strong> La recarga ultrarr\u00e1pida acorta las pausas entre los dulces momentos de vapor y optimiza el tiempo disponible para disfrutar.<\/p>\n<p class=\"whitespace-normal break-words\"><strong>Impresionante rendimiento de 15 000 movimientos:<\/strong> Capacidad extraordinaria para disfrutar de dulces durante mucho tiempo sin perder la intensidad caracter\u00edstica de los caramelos.<\/p>\n<p class=\"whitespace-normal break-words\"><strong>Efectos luminosos RGB multicolores:<\/strong> Las alegres animaciones de colores crean un ambiente dulce y act\u00faan como un encantador indicador de funcionamiento.<\/p>\n<h3 class=\"text-lg font-bold text-text-100 mt-1 -mb-1.5\">Descubre m\u00e1s FUMOT VAPE en vozolpuff<\/h3>\n<p class=\"whitespace-normal break-words\">Descubra m\u00e1s productos de vapor de primera clase en nuestro <strong><a class=\"underline\" href=\"https:\/\/vozolpuff.de\/es\/\">Surtido principal<\/a><\/strong>Explore toda la <strong><a class=\"underline\" href=\"https:\/\/vozolpuff.de\/es\/product-category\/fumot-vape\/\">Colecci\u00f3n FUMOT VAPE<\/a><\/strong> o navegar por todos los <strong><a class=\"underline\" href=\"https:\/\/vozolpuff.de\/es\/product-category\/fumot-vape\/randm-tornado-15000\/\">RandM Tornado 15000 sabores<\/a><\/strong> para una experiencia de vapor perfecta.<\/p>","protected":false},"excerpt":{"rendered":"<div>\n<div class=\"grid-cols-1 grid gap-2.5 [&amp;_&gt;_*]:min-w-0 !gap-3.5\">\n<p class=\"whitespace-normal break-words\">Die RandM Tornado 15000 Peach Blueberry Candy Einweg-Vape kombiniert saftige Pfirsiche und s\u00fc\u00dfe Blaubeeren mit zuckriger Candy-Note. Mit 15.000 Z\u00fcgen, 25ml Tank, 850mAh Akku und RGB-Beleuchtung f\u00fcr s\u00fc\u00dfe Nostalgie. Erh\u00e4ltlich in 0%, 2%, 3% und 5% Nikotin.<\/p>\n<\/div>\n<\/div>\n<div class=\"h-8\"><\/div>\n","protected":false},"featured_media":2270,"comment_status":"open","ping_status":"closed","template":"","meta":{"_acf_changed":false},"product_brand":[],"product_cat":[44],"product_tag":[],"class_list":{"0":"post-2267","1":"product","2":"type-product","3":"status-publish","4":"has-post-thumbnail","6":"product_cat-randm-tornado-15000","8":"first","9":"instock","10":"shipping-taxable","11":"purchasable","12":"product-type-variable"},"acf":[],"_links":{"self":[{"href":"https:\/\/vozolpuff.de\/es\/wp-json\/wp\/v2\/product\/2267","targetHints":{"allow":["GET"]}}],"collection":[{"href":"https:\/\/vozolpuff.de\/es\/wp-json\/wp\/v2\/product"}],"about":[{"href":"https:\/\/vozolpuff.de\/es\/wp-json\/wp\/v2\/types\/product"}],"replies":[{"embeddable":true,"href":"https:\/\/vozolpuff.de\/es\/wp-json\/wp\/v2\/comments?post=2267"}],"wp:featuredmedia":[{"embeddable":true,"href":"https:\/\/vozolpuff.de\/es\/wp-json\/wp\/v2\/media\/2270"}],"wp:attachment":[{"href":"https:\/\/vozolpuff.de\/es\/wp-json\/wp\/v2\/media?parent=2267"}],"wp:term":[{"taxonomy":"product_brand","embeddable":true,"href":"https:\/\/vozolpuff.de\/es\/wp-json\/wp\/v2\/product_brand?post=2267"},{"taxonomy":"product_cat","embeddable":true,"href":"https:\/\/vozolpuff.de\/es\/wp-json\/wp\/v2\/product_cat?post=2267"},{"taxonomy":"product_tag","embeddable":true,"href":"https:\/\/vozolpuff.de\/es\/wp-json\/wp\/v2\/product_tag?post=2267"}],"curies":[{"name":"wp","href":"https:\/\/api.w.org\/{rel}","templated":true}]}}