{"id":2291,"date":"2025-08-28T17:50:33","date_gmt":"2025-08-28T15:50:33","guid":{"rendered":"https:\/\/vozolpuff.de\/?post_type=product&#038;p=2291"},"modified":"2025-08-28T17:50:33","modified_gmt":"2025-08-28T15:50:33","slug":"randm-tornado-15000-berry-lemonade","status":"publish","type":"product","link":"https:\/\/vozolpuff.de\/es\/producto\/randm-tornado-15000-berry-lemonade\/","title":{"rendered":"RandM Tornado 15000 Berry Lemonade"},"content":{"rendered":"<h2 class=\"text-xl font-bold text-text-100 mt-1 -mb-0.5\">Vapeador desechable RandM Tornado 15000 Berry Lemonade<\/h2>\n<p class=\"whitespace-normal break-words\">Refr\u00e9scate con la \u00e1cida RandM Tornado 15000 Berry Lemonade, una vigorizante mezcla de bayas dulces y limonada \u00e1cida. Esta refrescante combinaci\u00f3n ofrece el equilibrio perfecto entre el sabor afrutado y el frescor c\u00edtrico. Con 15.000 caladas y 25 ml de capacidad, disponible en concentraciones de nicotina 0%, 2%, 3% y 5%.<\/p>\n<h3 class=\"text-lg font-bold text-text-100 mt-1 -mb-1.5\">Detalles de la funci\u00f3n Berry Lemonade:<\/h3>\n<p class=\"whitespace-normal break-words\"><strong>Bater\u00eda din\u00e1mica de limonada de 850mAh:<\/strong> La potente c\u00e9lula de energ\u00eda garantiza un rendimiento chispeante constante y conserva la frescura caracter\u00edstica de Berry Lemonade durante toda su vida \u00fatil.<\/p>\n<p class=\"whitespace-normal break-words\"><strong>Dep\u00f3sito refrescante de 25 ML para calmar la sed:<\/strong> Un gran suministro de l\u00edquido garantiza pausas prolongadas para refrescarse sin molestas interrupciones del placer de saciar la sed.<\/p>\n<p class=\"whitespace-normal break-words\"><strong>Bobina de malla de 0,90\u03a9 optimizada para burbujas:<\/strong> La tecnolog\u00eda de evaporaci\u00f3n especialmente desarrollada realza las propiedades de la limonada espumosa y acent\u00faa armoniosamente el dulzor de las bayas.<\/p>\n<p class=\"whitespace-normal break-words\"><strong>Puerto de recarga r\u00e1pida Tipo-C:<\/strong> La tecnolog\u00eda de carga ultrarr\u00e1pida reduce dr\u00e1sticamente los tiempos de inactividad y prolonga los refrescantes momentos de vapor.<\/p>\n<p class=\"whitespace-normal break-words\"><strong>Fenomenal capacidad de 15.000 caladas para calmar la sed:<\/strong> Gama excepcional para refrescar durante semanas sin perder el caracter\u00edstico sabor a limonada.<\/p>\n<p class=\"whitespace-normal break-words\"><strong>Efectos de iluminaci\u00f3n RGB efervescentes:<\/strong> Las animaciones de colores vivos imitan la limonada efervescente y ofrecen informaci\u00f3n precisa sobre todos los estados de los aparatos.<\/p>\n<h3 class=\"text-lg font-bold text-text-100 mt-1 -mb-1.5\">Descubre m\u00e1s FUMOT VAPE en vozolpuff<\/h3>\n<p class=\"whitespace-normal break-words\">Descubra m\u00e1s productos de vapor de primera clase en nuestro <strong><a class=\"underline\" href=\"https:\/\/vozolpuff.de\/es\/\">Surtido principal<\/a><\/strong>Explore toda la <strong><a class=\"underline\" href=\"https:\/\/vozolpuff.de\/es\/product-category\/fumot-vape\/\">Colecci\u00f3n FUMOT VAPE<\/a><\/strong> o navegar por todos los <strong><a class=\"underline\" href=\"https:\/\/vozolpuff.de\/es\/product-category\/fumot-vape\/randm-tornado-15000\/\">RandM Tornado 15000 sabores<\/a><\/strong> para una experiencia de vapor perfecta.<\/p>","protected":false},"excerpt":{"rendered":"<div>\n<div class=\"grid-cols-1 grid gap-2.5 [&amp;_&gt;_*]:min-w-0 !gap-3.5\">\n<p class=\"whitespace-normal break-words\">Die RandM Tornado 15000 Berry Lemonade Einweg-Vape kombiniert s\u00fc\u00dfe Beeren mit s\u00e4uerlicher Limonade zu einer erfrischenden Balance. Mit 15.000 Z\u00fcgen, 25ml Tank, 850mAh Akku und RGB-Beleuchtung bietet sie spritzigen Dampfgenuss. Erh\u00e4ltlich in 0%, 2%, 3% und 5% Nikotin.<\/p>\n<\/div>\n<\/div>\n<div class=\"h-8\"><\/div>\n","protected":false},"featured_media":2294,"comment_status":"open","ping_status":"closed","template":"","meta":{"_acf_changed":false},"product_brand":[],"product_cat":[44],"product_tag":[],"class_list":{"0":"post-2291","1":"product","2":"type-product","3":"status-publish","4":"has-post-thumbnail","6":"product_cat-randm-tornado-15000","8":"first","9":"instock","10":"shipping-taxable","11":"purchasable","12":"product-type-variable"},"acf":[],"_links":{"self":[{"href":"https:\/\/vozolpuff.de\/es\/wp-json\/wp\/v2\/product\/2291","targetHints":{"allow":["GET"]}}],"collection":[{"href":"https:\/\/vozolpuff.de\/es\/wp-json\/wp\/v2\/product"}],"about":[{"href":"https:\/\/vozolpuff.de\/es\/wp-json\/wp\/v2\/types\/product"}],"replies":[{"embeddable":true,"href":"https:\/\/vozolpuff.de\/es\/wp-json\/wp\/v2\/comments?post=2291"}],"wp:featuredmedia":[{"embeddable":true,"href":"https:\/\/vozolpuff.de\/es\/wp-json\/wp\/v2\/media\/2294"}],"wp:attachment":[{"href":"https:\/\/vozolpuff.de\/es\/wp-json\/wp\/v2\/media?parent=2291"}],"wp:term":[{"taxonomy":"product_brand","embeddable":true,"href":"https:\/\/vozolpuff.de\/es\/wp-json\/wp\/v2\/product_brand?post=2291"},{"taxonomy":"product_cat","embeddable":true,"href":"https:\/\/vozolpuff.de\/es\/wp-json\/wp\/v2\/product_cat?post=2291"},{"taxonomy":"product_tag","embeddable":true,"href":"https:\/\/vozolpuff.de\/es\/wp-json\/wp\/v2\/product_tag?post=2291"}],"curies":[{"name":"wp","href":"https:\/\/api.w.org\/{rel}","templated":true}]}}