{"id":2301,"date":"2025-08-28T17:53:36","date_gmt":"2025-08-28T15:53:36","guid":{"rendered":"https:\/\/vozolpuff.de\/?post_type=product&#038;p=2301"},"modified":"2025-08-28T17:53:37","modified_gmt":"2025-08-28T15:53:37","slug":"randm-tornado-15000-blue-razz-cherry","status":"publish","type":"product","link":"https:\/\/vozolpuff.de\/es\/producto\/randm-tornado-15000-blue-razz-cherry\/","title":{"rendered":"RandM Tornado 15000 Azul Razz Cereza"},"content":{"rendered":"<h2 class=\"text-xl font-bold text-text-100 mt-1 -mb-0.5\">RandM Tornado 15000 Azul Razz Cereza vape desechable<\/h2>\n<p class=\"whitespace-normal break-words\">Sum\u00e9rjase en el intenso mundo de RandM Tornado 15000 Blue Razz Cherry, una potente combinaci\u00f3n de frambuesas azules y jugosas cerezas. Este vibrante sabor ofrece un excitante equilibrio entre notas agrias de razz y dulces acentos de cereza. 15.000 caladas de un tanque de 25 ml en las concentraciones de nicotina 0%, 2%, 3% y 5%.<\/p>\n<h3 class=\"text-lg font-bold text-text-100 mt-1 -mb-1.5\">Caracter\u00edsticas Blue Razz Cherry Performance:<\/h3>\n<p class=\"whitespace-normal break-words\"><strong>Bater\u00eda de alta intensidad de 850 mAh:<\/strong> La potente tecnolog\u00eda de la bater\u00eda asegura la intensidad continua de Blue Razz Cherry y garantiza un rendimiento estable durante toda la emocionante experiencia de sabor.<\/p>\n<p class=\"whitespace-normal break-words\"><strong>Dep\u00f3sito de sabor intensivo de 25 ML:<\/strong> El voluminoso dep\u00f3sito de l\u00edquido permite largas sesiones de Blue Razz Cherry sin interrumpir la caracter\u00edstica intensidad del sabor.<\/p>\n<p class=\"whitespace-normal break-words\"><strong>Bobina de malla de 0,90\u03a9 que aumenta la intensidad:<\/strong> La tecnolog\u00eda de vaporizaci\u00f3n de alta precisi\u00f3n maximiza el poder arom\u00e1tico de Blue Razz Cherry y crea aut\u00e9nticas experiencias de cereza de baya.<\/p>\n<p class=\"whitespace-normal break-words\"><strong>Cargador de intensidad Power Type-C:<\/strong> La tecnolog\u00eda de carga de alta velocidad minimiza el tiempo de inactividad y maximiza el tiempo disponible para disfrutar de intensas experiencias de sabor.<\/p>\n<p class=\"whitespace-normal break-words\"><strong>Potente rendimiento de 15.000 caladas de intensidad:<\/strong> Impresionante resistencia para aventuras prolongadas con Blue Razz Cherry sin comprometer la potencia del aroma ni la profundidad del sabor.<\/p>\n<p class=\"whitespace-normal break-words\"><strong>Juegos intensivos de color RGB:<\/strong> Los potentes efectos luminosos reflejan la intensidad de Blue Razz Cherry y act\u00faan como indicador din\u00e1mico de funcionamiento.<\/p>\n<h3 class=\"text-lg font-bold text-text-100 mt-1 -mb-1.5\">Descubre m\u00e1s FUMOT VAPE en vozolpuff<\/h3>\n<p class=\"whitespace-normal break-words\">Descubra m\u00e1s productos de vapor de primera clase en nuestro <strong><a class=\"underline\" href=\"https:\/\/vozolpuff.de\/es\/\">Surtido principal<\/a><\/strong>Explore toda la <strong><a class=\"underline\" href=\"https:\/\/vozolpuff.de\/es\/product-category\/fumot-vape\/\">Colecci\u00f3n FUMOT VAPE<\/a><\/strong> o navegar por todos los <strong><a class=\"underline\" href=\"https:\/\/vozolpuff.de\/es\/product-category\/fumot-vape\/randm-tornado-15000\/\">RandM Tornado 15000 sabores<\/a><\/strong> para una experiencia de vapor perfecta.<\/p>","protected":false},"excerpt":{"rendered":"<div>\n<div class=\"grid-cols-1 grid gap-2.5 [&amp;_&gt;_*]:min-w-0 !gap-3.5\">\n<p class=\"whitespace-normal break-words\">Die RandM Tornado 15000 Blue Razz Cherry Einweg-Vape vereint blaue Himbeeren mit saftigen Kirschen zu einer intensiven Geschmacksbalance. Mit 15.000 Z\u00fcgen, 25ml Tank, 850mAh Akku und RGB-Beleuchtung f\u00fcr kraftvolles Dampferlebnis. Erh\u00e4ltlich in 0%, 2%, 3% und 5% Nikotin.<\/p>\n<\/div>\n<\/div>\n<div class=\"h-8\"><\/div>\n","protected":false},"featured_media":2304,"comment_status":"open","ping_status":"closed","template":"","meta":{"_acf_changed":false},"product_brand":[],"product_cat":[44],"product_tag":[],"class_list":{"0":"post-2301","1":"product","2":"type-product","3":"status-publish","4":"has-post-thumbnail","6":"product_cat-randm-tornado-15000","8":"first","9":"instock","10":"shipping-taxable","11":"purchasable","12":"product-type-variable"},"acf":[],"_links":{"self":[{"href":"https:\/\/vozolpuff.de\/es\/wp-json\/wp\/v2\/product\/2301","targetHints":{"allow":["GET"]}}],"collection":[{"href":"https:\/\/vozolpuff.de\/es\/wp-json\/wp\/v2\/product"}],"about":[{"href":"https:\/\/vozolpuff.de\/es\/wp-json\/wp\/v2\/types\/product"}],"replies":[{"embeddable":true,"href":"https:\/\/vozolpuff.de\/es\/wp-json\/wp\/v2\/comments?post=2301"}],"wp:featuredmedia":[{"embeddable":true,"href":"https:\/\/vozolpuff.de\/es\/wp-json\/wp\/v2\/media\/2304"}],"wp:attachment":[{"href":"https:\/\/vozolpuff.de\/es\/wp-json\/wp\/v2\/media?parent=2301"}],"wp:term":[{"taxonomy":"product_brand","embeddable":true,"href":"https:\/\/vozolpuff.de\/es\/wp-json\/wp\/v2\/product_brand?post=2301"},{"taxonomy":"product_cat","embeddable":true,"href":"https:\/\/vozolpuff.de\/es\/wp-json\/wp\/v2\/product_cat?post=2301"},{"taxonomy":"product_tag","embeddable":true,"href":"https:\/\/vozolpuff.de\/es\/wp-json\/wp\/v2\/product_tag?post=2301"}],"curies":[{"name":"wp","href":"https:\/\/api.w.org\/{rel}","templated":true}]}}