{"id":2683,"date":"2025-09-03T11:06:59","date_gmt":"2025-09-03T09:06:59","guid":{"rendered":"https:\/\/vozolpuff.de\/?post_type=product&#038;p=2683"},"modified":"2025-09-03T11:06:59","modified_gmt":"2025-09-03T09:06:59","slug":"fumot-tornado-25000-cherry-bomb","status":"publish","type":"product","link":"https:\/\/vozolpuff.de\/es\/producto\/fumot-tornado-25000-cherry-bomb\/","title":{"rendered":"Fumot Tornado 25000 Cereza Bomba"},"content":{"rendered":"<h2 class=\"text-xl font-bold text-text-100 mt-1 -mb-0.5\">Fumot Tornado 25000 Cherry Bomb e-cigarrillo desechable<\/h2>\n<p class=\"whitespace-normal break-words\">Experimenta explosivos sabores a cereza con el Fumot Tornado 25000 Cherry Bomb. Este cigarrillo electr\u00f3nico desechable de alta calidad ofrece un intenso sabor a cereza en hasta 25.000 caladas. Con una generosa capacidad de 20ml de e-l\u00edquido y una potencia de nicotina a elegir entre 0%, 2%, 3% o 5%, ofrece un disfrute duradero.<\/p>\n<p class=\"whitespace-normal break-words\">La potente bater\u00eda de 700 mAh con funci\u00f3n de carga r\u00e1pida Type-C garantiza un rendimiento fiable durante todo el d\u00eda. La innovadora tecnolog\u00eda de doble bobina de malla realza los sabores agridulces de cereza y garantiza una producci\u00f3n de vapor constante. El dise\u00f1o compacto de 120 g cabe perfectamente en cualquier bolsillo.<\/p>\n<p class=\"whitespace-normal break-words\">La intuitiva pantalla t\u00e1ctil TFT de 1,77 pulgadas te ofrece un control preciso de tu experiencia de vapeo. Cherry Bomb combina el cl\u00e1sico sabor frutal con la tecnolog\u00eda de vapeo m\u00e1s moderna para ofrecerte una experiencia inigualable.<\/p>\n<h3 class=\"text-lg font-bold text-text-100 mt-1 -mb-1.5\">Especificaciones t\u00e9cnicas<\/h3>\n<p class=\"whitespace-normal break-words\"><strong>Trenes:<\/strong> Hasta 25.000<br \/>\n<strong>Pantalla:<\/strong> Muestra el estado del e-l\u00edquido y de la bater\u00eda<br \/>\n<strong>Capacidad:<\/strong> 20 ml<br \/>\n<strong>Tipo de bobina:<\/strong> Bobina de tres mallas<br \/>\n<strong>Peso:<\/strong> 120g<br \/>\n<strong>Pantalla t\u00e1ctil:<\/strong> Pantalla TFT de 1,77 pulgadas<br \/>\n<strong>Bater\u00eda:<\/strong> 700 mAh recargable con carga r\u00e1pida Type-C<\/p>\n<h3 class=\"text-lg font-bold text-text-100 mt-1 -mb-1.5\">Descubre m\u00e1s FUMOT VAPE en vozolpuff<\/h3>\n<p class=\"whitespace-normal break-words\">Descubra m\u00e1s productos de vapor premium en nuestra <strong><a class=\"underline\" href=\"https:\/\/vozolpuff.de\/es\/\">Surtido principal<\/a><\/strong>consulte nuestra gama completa de <strong><a class=\"underline\" href=\"https:\/\/vozolpuff.de\/es\/product-category\/fumot-vape\/\">Colecci\u00f3n FUMOT VAPE<\/a><\/strong> o explore todos los sabores del <strong><a class=\"underline\" href=\"https:\/\/vozolpuff.de\/es\/product-category\/fumot-vape\/fumot-tornado-25000\/\">Fumot Tornado Serie 25000<\/a><\/strong>.<\/p>","protected":false},"excerpt":{"rendered":"<p class=\"whitespace-normal break-words\">Fumot Tornado 25000 Cherry Bomb: e-cigarrillo desechable premium con explosivo sabor a cereza. 25.000 caladas, 20ml de capacidad, bater\u00eda de 700mAh con carga Type-C. Tecnolog\u00eda dual mesh coil, pantalla t\u00e1ctil TFT de 1,77\u2033. Disponible en nicotina 0%, 2%, 3% o 5%. Dise\u00f1o compacto de 120 g.<\/p>\n<h2 class=\"text-xl font-bold text-text-100 mt-1 -mb-0.5\"><\/h2>","protected":false},"featured_media":2688,"comment_status":"open","ping_status":"closed","template":"","meta":{"_acf_changed":false},"product_brand":[],"product_cat":[46],"product_tag":[],"class_list":{"0":"post-2683","1":"product","2":"type-product","3":"status-publish","4":"has-post-thumbnail","6":"product_cat-fumot-tornado-25000","8":"first","9":"instock","10":"shipping-taxable","11":"purchasable","12":"product-type-variable"},"acf":[],"_links":{"self":[{"href":"https:\/\/vozolpuff.de\/es\/wp-json\/wp\/v2\/product\/2683","targetHints":{"allow":["GET"]}}],"collection":[{"href":"https:\/\/vozolpuff.de\/es\/wp-json\/wp\/v2\/product"}],"about":[{"href":"https:\/\/vozolpuff.de\/es\/wp-json\/wp\/v2\/types\/product"}],"replies":[{"embeddable":true,"href":"https:\/\/vozolpuff.de\/es\/wp-json\/wp\/v2\/comments?post=2683"}],"wp:featuredmedia":[{"embeddable":true,"href":"https:\/\/vozolpuff.de\/es\/wp-json\/wp\/v2\/media\/2688"}],"wp:attachment":[{"href":"https:\/\/vozolpuff.de\/es\/wp-json\/wp\/v2\/media?parent=2683"}],"wp:term":[{"taxonomy":"product_brand","embeddable":true,"href":"https:\/\/vozolpuff.de\/es\/wp-json\/wp\/v2\/product_brand?post=2683"},{"taxonomy":"product_cat","embeddable":true,"href":"https:\/\/vozolpuff.de\/es\/wp-json\/wp\/v2\/product_cat?post=2683"},{"taxonomy":"product_tag","embeddable":true,"href":"https:\/\/vozolpuff.de\/es\/wp-json\/wp\/v2\/product_tag?post=2683"}],"curies":[{"name":"wp","href":"https:\/\/api.w.org\/{rel}","templated":true}]}}