{"id":2703,"date":"2025-09-03T11:14:03","date_gmt":"2025-09-03T09:14:03","guid":{"rendered":"https:\/\/vozolpuff.de\/?post_type=product&#038;p=2703"},"modified":"2025-09-03T11:14:03","modified_gmt":"2025-09-03T09:14:03","slug":"fumot-tornado-25000-double-apple","status":"publish","type":"product","link":"https:\/\/vozolpuff.de\/es\/producto\/fumot-tornado-25000-double-apple\/","title":{"rendered":"Fumot Tornado 25000 Doble Manzana"},"content":{"rendered":"<h2 class=\"text-xl font-bold text-text-100 mt-1 -mb-0.5\">Fumot Tornado 25000 Doble Manzana e-cigarrillo desechable<\/h2>\n<p class=\"whitespace-normal break-words\">Sum\u00e9rjase en el aut\u00e9ntico sabor de la Doble Manzana con el Fumot Tornado 25000. Este cigarrillo electr\u00f3nico desechable de alta calidad ofrece la cl\u00e1sica combinaci\u00f3n de manzana roja y verde durante un m\u00e1ximo de 25.000 arom\u00e1ticas caladas. El sabor tradicional de la shisha se perfecciona con la tecnolog\u00eda de vapeo m\u00e1s avanzada.<\/p>\n<p class=\"whitespace-normal break-words\">El generoso dep\u00f3sito de e-l\u00edquido de 20 ml ofrece un disfrute duradero con tus concentraciones de nicotina favoritas, desde 0% hasta 5%. La robusta bater\u00eda de 700 mAh con funci\u00f3n de carga r\u00e1pida Type-C garantiza un rendimiento fiable en cualquier ocasi\u00f3n. La tecnolog\u00eda de bobina de tres mallas intensifica los complejos sabores a manzana y garantiza un desarrollo uniforme del vapor.<\/p>\n<p class=\"whitespace-normal break-words\">La pantalla t\u00e1ctil TFT de 1,77 pulgadas permite un manejo intuitivo y una personalizaci\u00f3n precisa. Con su dise\u00f1o ligero de 120 g, la Double Apple es perfecta para los amantes de los sabores tradicionales con la comodidad moderna.<\/p>\n<h3 class=\"text-lg font-bold text-text-100 mt-1 -mb-1.5\">Especificaciones t\u00e9cnicas<\/h3>\n<p class=\"whitespace-normal break-words\"><strong>Trenes:<\/strong> Hasta 25.000<br \/>\n<strong>Pantalla:<\/strong> Muestra el estado del e-l\u00edquido y de la bater\u00eda<br \/>\n<strong>Capacidad:<\/strong> 20 ml<br \/>\n<strong>Tipo de bobina:<\/strong> Bobina de tres mallas<br \/>\n<strong>Peso:<\/strong> 120g<br \/>\n<strong>Pantalla t\u00e1ctil:<\/strong> Pantalla TFT de 1,77 pulgadas<br \/>\n<strong>Bater\u00eda:<\/strong> 700 mAh recargable con carga r\u00e1pida Type-C<\/p>\n<h3 class=\"text-lg font-bold text-text-100 mt-1 -mb-1.5\">Descubre m\u00e1s FUMOT VAPE en vozolpuff<\/h3>\n<p class=\"whitespace-normal break-words\">Ampl\u00ede su experiencia de vapor con nuestro <strong><a class=\"underline\" href=\"https:\/\/vozolpuff.de\/es\/\">Gama alta<\/a><\/strong>explore todo el <strong><a class=\"underline\" href=\"https:\/\/vozolpuff.de\/es\/product-category\/fumot-vape\/\">Gama FUMOT VAPE<\/a><\/strong> o elija entre todos <strong><a class=\"underline\" href=\"https:\/\/vozolpuff.de\/es\/product-category\/fumot-vape\/fumot-tornado-25000\/\">Fumot Tornado 25000 sabores<\/a><\/strong>.<\/p>","protected":false},"excerpt":{"rendered":"<p class=\"whitespace-normal break-words\">Fumot Tornado 25000 Doble Manzana: e-cigarrillo desechable Premium con aut\u00e9ntico sabor a manzana roja-verde. 25.000 caladas, 20ml de capacidad, bater\u00eda de 700mAh con carga Type-C. Tecnolog\u00eda de bobina de tres mallas, pantalla TFT de 1,77\u2033. Disponible en nicotina 0%, 2%, 3% o 5%. Sabor cl\u00e1sico de shisha.<\/p>\n<h2 class=\"text-xl font-bold text-text-100 mt-1 -mb-0.5\"><\/h2>","protected":false},"featured_media":2708,"comment_status":"open","ping_status":"closed","template":"","meta":{"_acf_changed":false},"product_brand":[],"product_cat":[46],"product_tag":[],"class_list":{"0":"post-2703","1":"product","2":"type-product","3":"status-publish","4":"has-post-thumbnail","6":"product_cat-fumot-tornado-25000","8":"first","9":"instock","10":"shipping-taxable","11":"purchasable","12":"product-type-variable"},"acf":[],"_links":{"self":[{"href":"https:\/\/vozolpuff.de\/es\/wp-json\/wp\/v2\/product\/2703","targetHints":{"allow":["GET"]}}],"collection":[{"href":"https:\/\/vozolpuff.de\/es\/wp-json\/wp\/v2\/product"}],"about":[{"href":"https:\/\/vozolpuff.de\/es\/wp-json\/wp\/v2\/types\/product"}],"replies":[{"embeddable":true,"href":"https:\/\/vozolpuff.de\/es\/wp-json\/wp\/v2\/comments?post=2703"}],"wp:featuredmedia":[{"embeddable":true,"href":"https:\/\/vozolpuff.de\/es\/wp-json\/wp\/v2\/media\/2708"}],"wp:attachment":[{"href":"https:\/\/vozolpuff.de\/es\/wp-json\/wp\/v2\/media?parent=2703"}],"wp:term":[{"taxonomy":"product_brand","embeddable":true,"href":"https:\/\/vozolpuff.de\/es\/wp-json\/wp\/v2\/product_brand?post=2703"},{"taxonomy":"product_cat","embeddable":true,"href":"https:\/\/vozolpuff.de\/es\/wp-json\/wp\/v2\/product_cat?post=2703"},{"taxonomy":"product_tag","embeddable":true,"href":"https:\/\/vozolpuff.de\/es\/wp-json\/wp\/v2\/product_tag?post=2703"}],"curies":[{"name":"wp","href":"https:\/\/api.w.org\/{rel}","templated":true}]}}