{"id":2713,"date":"2025-09-03T11:23:01","date_gmt":"2025-09-03T09:23:01","guid":{"rendered":"https:\/\/vozolpuff.de\/?post_type=product&#038;p=2713"},"modified":"2025-09-03T11:23:01","modified_gmt":"2025-09-03T09:23:01","slug":"fumot-tornado-25000-blueberry-on-ice","status":"publish","type":"product","link":"https:\/\/vozolpuff.de\/es\/producto\/fumot-tornado-25000-blueberry-on-ice\/","title":{"rendered":"Fumot Tornado 25000 Ar\u00e1ndano sobre hielo"},"content":{"rendered":"<h2 class=\"text-xl font-bold text-text-100 mt-1 -mb-0.5\">Fumot Tornado 25000 Blueberry On Ice e-cigarrillo desechable<\/h2>\n<p class=\"whitespace-normal break-words\">Experimenta la frescura helada de Blueberry On Ice con el Fumot Tornado 25000. Este refrescante e-cigarrillo desechable combina los dulces ar\u00e1ndanos con un fresco toque mentolado para hasta 25.000 vigorizantes caladas. La elecci\u00f3n perfecta para los calurosos d\u00edas de verano y los momentos de vapor refrescante.<\/p>\n<p class=\"whitespace-normal break-words\">El sistema de e-l\u00edquido de 20 ml de alta calidad ofrece un sabor \u00f3ptimo en todas las concentraciones de nicotina disponibles (0%, 2%, 3%, 5%). La bater\u00eda de 700 mAh de larga duraci\u00f3n con carga r\u00e1pida Type-C garantiza un rendimiento constante. La innovadora tecnolog\u00eda de doble bobina de malla acent\u00faa los sabores naturales del ar\u00e1ndano y mejora el efecto de enfriamiento.<\/p>\n<p class=\"whitespace-normal break-words\">El elegante dise\u00f1o de 120 g se adapta perfectamente a la mano, mientras que la sensible pantalla TFT de 1,77 pulgadas ofrece un control total sobre su sesi\u00f3n de vapeo. Blueberry On Ice es ideal para los vapeadores que aprecian los sabores frutales con un frescor refrescante.<\/p>\n<h3 class=\"text-lg font-bold text-text-100 mt-1 -mb-1.5\">Especificaciones t\u00e9cnicas<\/h3>\n<p class=\"whitespace-normal break-words\"><strong>Trenes:<\/strong> Hasta 25.000<br \/>\n<strong>Pantalla:<\/strong> Muestra el estado del e-l\u00edquido y de la bater\u00eda<br \/>\n<strong>Capacidad:<\/strong> 20 ml<br \/>\n<strong>Tipo de bobina:<\/strong> Bobina de tres mallas<br \/>\n<strong>Peso:<\/strong> 120g<br \/>\n<strong>Pantalla t\u00e1ctil:<\/strong> Pantalla TFT de 1,77 pulgadas<br \/>\n<strong>Bater\u00eda:<\/strong> 700 mAh recargable con carga r\u00e1pida Type-C<\/p>\n<h3 class=\"text-lg font-bold text-text-100 mt-1 -mb-1.5\">Descubre m\u00e1s FUMOT VAPE en vozolpuff<\/h3>\n<p class=\"whitespace-normal break-words\">Encuentre m\u00e1s productos de vapor de calidad en nuestra <strong><a class=\"underline\" href=\"https:\/\/vozolpuff.de\/es\/\">Tienda principal<\/a><\/strong>descubra la <strong><a class=\"underline\" href=\"https:\/\/vozolpuff.de\/es\/product-category\/fumot-vape\/\">Selecci\u00f3n FUMOT VAPE<\/a><\/strong> o navegar por todos los <strong><a class=\"underline\" href=\"https:\/\/vozolpuff.de\/es\/product-category\/fumot-vape\/fumot-tornado-25000\/\">Fumot Tornado 25000 variantes<\/a><\/strong>.<\/p>","protected":false},"excerpt":{"rendered":"<p class=\"whitespace-normal break-words\">Fumot Tornado 25000 Blueberry On Ice: e-cigarrillo desechable premium con dulces ar\u00e1ndanos y un fresco toque mentolado. 25.000 caladas, 20ml de capacidad, bater\u00eda de 700mAh con carga Type-C. Tecnolog\u00eda de bobina de tres mallas, pantalla TFT de 1,77\u2033. Disponible en nicotina 0%, 2%, 3% o 5%. Refrescantemente fresco.<\/p>\n<h2 class=\"text-xl font-bold text-text-100 mt-1 -mb-0.5\"><\/h2>","protected":false},"featured_media":2718,"comment_status":"open","ping_status":"closed","template":"","meta":{"_acf_changed":false},"product_brand":[],"product_cat":[46],"product_tag":[],"class_list":{"0":"post-2713","1":"product","2":"type-product","3":"status-publish","4":"has-post-thumbnail","6":"product_cat-fumot-tornado-25000","8":"first","9":"instock","10":"shipping-taxable","11":"purchasable","12":"product-type-variable"},"acf":[],"_links":{"self":[{"href":"https:\/\/vozolpuff.de\/es\/wp-json\/wp\/v2\/product\/2713","targetHints":{"allow":["GET"]}}],"collection":[{"href":"https:\/\/vozolpuff.de\/es\/wp-json\/wp\/v2\/product"}],"about":[{"href":"https:\/\/vozolpuff.de\/es\/wp-json\/wp\/v2\/types\/product"}],"replies":[{"embeddable":true,"href":"https:\/\/vozolpuff.de\/es\/wp-json\/wp\/v2\/comments?post=2713"}],"wp:featuredmedia":[{"embeddable":true,"href":"https:\/\/vozolpuff.de\/es\/wp-json\/wp\/v2\/media\/2718"}],"wp:attachment":[{"href":"https:\/\/vozolpuff.de\/es\/wp-json\/wp\/v2\/media?parent=2713"}],"wp:term":[{"taxonomy":"product_brand","embeddable":true,"href":"https:\/\/vozolpuff.de\/es\/wp-json\/wp\/v2\/product_brand?post=2713"},{"taxonomy":"product_cat","embeddable":true,"href":"https:\/\/vozolpuff.de\/es\/wp-json\/wp\/v2\/product_cat?post=2713"},{"taxonomy":"product_tag","embeddable":true,"href":"https:\/\/vozolpuff.de\/es\/wp-json\/wp\/v2\/product_tag?post=2713"}],"curies":[{"name":"wp","href":"https:\/\/api.w.org\/{rel}","templated":true}]}}