{"id":2733,"date":"2025-09-03T11:29:35","date_gmt":"2025-09-03T09:29:35","guid":{"rendered":"https:\/\/vozolpuff.de\/?post_type=product&#038;p=2733"},"modified":"2025-09-03T11:29:35","modified_gmt":"2025-09-03T09:29:35","slug":"fumot-tornado-25000-lush-ice","status":"publish","type":"product","link":"https:\/\/vozolpuff.de\/es\/producto\/fumot-tornado-25000-lush-ice\/","title":{"rendered":"Fumot Tornado 25000 Lush Ice"},"content":{"rendered":"<h2 class=\"text-xl font-bold text-text-100 mt-1 -mb-0.5\">Fumot Tornado 25000 Lush Ice e-cigarrillo desechable<\/h2>\n<p class=\"whitespace-normal break-words\">Refr\u00e9scate con el revitalizante Fumot Tornado 25000 Lush Ice. Este exquisito cigarrillo electr\u00f3nico desechable ofrece el sabor cl\u00e1sico de la jugosa sand\u00eda con un enfriamiento helado para hasta 25.000 caladas refrescantes. La frescura tropical convierte cada calada en una experiencia veraniega.<\/p>\n<p class=\"whitespace-normal break-words\">El sistema de e-l\u00edquido de gran volumen de 20ml permite un disfrute duradero en todas las concentraciones de nicotina desde 0% hasta 5%. La bater\u00eda de 700 mAh de larga duraci\u00f3n con tecnolog\u00eda de carga r\u00e1pida Type-C garantiza un rendimiento fiable durante todo el d\u00eda. La tecnolog\u00eda de bobina de tres mallas realza el dulzor natural de la sand\u00eda y el refrescante frescor.<\/p>\n<p class=\"whitespace-normal break-words\">El pr\u00e1ctico dise\u00f1o de 120 g ofrece una comodidad de uso \u00f3ptima, mientras que la brillante pantalla TFT de 1,77 pulgadas permite un control intuitivo de todas las funciones. Lush Ice es perfecto para cualquiera que aprecie la frescura tropical con un frescor helado.<\/p>\n<h3 class=\"text-lg font-bold text-text-100 mt-1 -mb-1.5\">Especificaciones t\u00e9cnicas<\/h3>\n<p class=\"whitespace-normal break-words\"><strong>Trenes:<\/strong> Hasta 25.000<br \/>\n<strong>Pantalla:<\/strong> Muestra el estado del e-l\u00edquido y de la bater\u00eda<br \/>\n<strong>Capacidad:<\/strong> 20 ml<br \/>\n<strong>Tipo de bobina:<\/strong> Bobina de tres mallas<br \/>\n<strong>Peso:<\/strong> 120g<br \/>\n<strong>Pantalla t\u00e1ctil:<\/strong> Pantalla TFT de 1,77 pulgadas<br \/>\n<strong>Bater\u00eda:<\/strong> 700 mAh recargable con carga r\u00e1pida Type-C<\/p>\n<h3 class=\"text-lg font-bold text-text-100 mt-1 -mb-1.5\">Descubre m\u00e1s FUMOT VAPE en vozolpuff<\/h3>\n<p class=\"whitespace-normal break-words\">Explora nuestro <strong><a class=\"underline\" href=\"https:\/\/vozolpuff.de\/es\/\">Gama completa<\/a><\/strong>navegar por la <strong><a class=\"underline\" href=\"https:\/\/vozolpuff.de\/es\/product-category\/fumot-vape\/\">Categor\u00eda FUMOT VAPE<\/a><\/strong> o seleccione de la lista <strong><a class=\"underline\" href=\"https:\/\/vozolpuff.de\/es\/product-category\/fumot-vape\/fumot-tornado-25000\/\">Fumot Tornado 25000 Variedad de sabores<\/a><\/strong>.<\/p>","protected":false},"excerpt":{"rendered":"<p class=\"whitespace-normal break-words\">Fumot Tornado 25000 Lush Ice: e-cigarrillo desechable premium con jugosa sand\u00eda y frescor helado. 25.000 caladas, 20ml de capacidad, bater\u00eda de 700mAh con carga Type-C. Tecnolog\u00eda de bobina de tres mallas, pantalla TFT de 1,77\u2033. Disponible en nicotina 0%, 2%, 3% o 5%. Tr\u00f3picamente refrescante.<\/p>\n<h2 class=\"text-xl font-bold text-text-100 mt-1 -mb-0.5\"><\/h2>","protected":false},"featured_media":2738,"comment_status":"open","ping_status":"closed","template":"","meta":{"_acf_changed":false},"product_brand":[],"product_cat":[46],"product_tag":[],"class_list":{"0":"post-2733","1":"product","2":"type-product","3":"status-publish","4":"has-post-thumbnail","6":"product_cat-fumot-tornado-25000","8":"first","9":"instock","10":"shipping-taxable","11":"purchasable","12":"product-type-variable"},"acf":[],"_links":{"self":[{"href":"https:\/\/vozolpuff.de\/es\/wp-json\/wp\/v2\/product\/2733","targetHints":{"allow":["GET"]}}],"collection":[{"href":"https:\/\/vozolpuff.de\/es\/wp-json\/wp\/v2\/product"}],"about":[{"href":"https:\/\/vozolpuff.de\/es\/wp-json\/wp\/v2\/types\/product"}],"replies":[{"embeddable":true,"href":"https:\/\/vozolpuff.de\/es\/wp-json\/wp\/v2\/comments?post=2733"}],"wp:featuredmedia":[{"embeddable":true,"href":"https:\/\/vozolpuff.de\/es\/wp-json\/wp\/v2\/media\/2738"}],"wp:attachment":[{"href":"https:\/\/vozolpuff.de\/es\/wp-json\/wp\/v2\/media?parent=2733"}],"wp:term":[{"taxonomy":"product_brand","embeddable":true,"href":"https:\/\/vozolpuff.de\/es\/wp-json\/wp\/v2\/product_brand?post=2733"},{"taxonomy":"product_cat","embeddable":true,"href":"https:\/\/vozolpuff.de\/es\/wp-json\/wp\/v2\/product_cat?post=2733"},{"taxonomy":"product_tag","embeddable":true,"href":"https:\/\/vozolpuff.de\/es\/wp-json\/wp\/v2\/product_tag?post=2733"}],"curies":[{"name":"wp","href":"https:\/\/api.w.org\/{rel}","templated":true}]}}