{"id":2743,"date":"2025-09-03T11:33:38","date_gmt":"2025-09-03T09:33:38","guid":{"rendered":"https:\/\/vozolpuff.de\/?post_type=product&#038;p=2743"},"modified":"2025-09-03T11:33:39","modified_gmt":"2025-09-03T09:33:39","slug":"fumot-tornado-25000-pineapple-ice","status":"publish","type":"product","link":"https:\/\/vozolpuff.de\/es\/producto\/fumot-tornado-25000-pineapple-ice\/","title":{"rendered":"Fumot Tornado 25000 Pineapple Ice"},"content":{"rendered":"<h2 class=\"text-xl font-bold text-text-100 mt-1 -mb-0.5\">Fumot Tornado 25000 Pineapple Ice e-cigarrillo desechable<\/h2>\n<p class=\"whitespace-normal break-words\">Disfruta del frescor tropical con el Fumot Tornado 25000 Pineapple Ice. Este cigarrillo electr\u00f3nico desechable de primera calidad combina el ex\u00f3tico sabor de la pi\u00f1a con un refresco helado para hasta 25.000 caladas tropicales. El compa\u00f1ero perfecto para los d\u00edas soleados y los momentos de relax.<\/p>\n<p class=\"whitespace-normal break-words\">La gran capacidad de 20 ml de e-l\u00edquido con concentraciones de nicotina personalizables (0%, 2%, 3%, 5%) ofrece experiencias de vapeo personalizadas. La potente bater\u00eda de 700 mAh con carga r\u00e1pida Type-C garantiza un rendimiento continuo. La innovadora tecnolog\u00eda de doble bobina de malla acent\u00faa las notas agridulces de la pi\u00f1a y mejora el efecto de enfriamiento.<\/p>\n<p class=\"whitespace-normal break-words\">El dise\u00f1o ergon\u00f3mico de 120 g permite vapear c\u00f3modamente en cualquier lugar, mientras que la pantalla TFT de 1,77 pulgadas ofrece un control total. Pineapple Ice te transporta a climas tropicales con cada calada helada.<\/p>\n<h3 class=\"text-lg font-bold text-text-100 mt-1 -mb-1.5\">Especificaciones t\u00e9cnicas<\/h3>\n<p class=\"whitespace-normal break-words\"><strong>Trenes:<\/strong> Hasta 25.000<br \/>\n<strong>Pantalla:<\/strong> Muestra el estado del e-l\u00edquido y de la bater\u00eda<br \/>\n<strong>Capacidad:<\/strong> 20 ml<br \/>\n<strong>Tipo de bobina:<\/strong> Bobina de tres mallas<br \/>\n<strong>Peso:<\/strong> 120g<br \/>\n<strong>Pantalla t\u00e1ctil:<\/strong> Pantalla TFT de 1,77 pulgadas<br \/>\n<strong>Bater\u00eda:<\/strong> 700 mAh recargable con carga r\u00e1pida Type-C<\/p>\n<h3 class=\"text-lg font-bold text-text-100 mt-1 -mb-1.5\">Descubre m\u00e1s FUMOT VAPE en vozolpuff<\/h3>\n<p class=\"whitespace-normal break-words\">Descubra m\u00e1s aspectos destacados en nuestro <strong><a class=\"underline\" href=\"https:\/\/vozolpuff.de\/es\/\">Tienda en l\u00ednea<\/a><\/strong>explorar la <strong><a class=\"underline\" href=\"https:\/\/vozolpuff.de\/es\/product-category\/fumot-vape\/\">Colecci\u00f3n FUMOT VAPE<\/a><\/strong> o navegar por todos los <strong><a class=\"underline\" href=\"https:\/\/vozolpuff.de\/es\/product-category\/fumot-vape\/fumot-tornado-25000\/\">Fumot Tornado 25000 sabores<\/a><\/strong>.<\/p>","protected":false},"excerpt":{"rendered":"<p class=\"whitespace-normal break-words\">El vapeador desechable Fumot Tornado 25000 Pineapple Ice ofrece un ex\u00f3tico sabor a pi\u00f1a con frescor helado. 25.000 caladas, 20ml de e-l\u00edquido, bater\u00eda de 700mAh con carga Type-C. Tecnolog\u00eda punta de bobina de tres mallas y pantalla t\u00e1ctil TFT de 1,77\u2033. Disponible en nicotina 0%, 2%, 3%, 5%. Sensaci\u00f3n de vacaciones tropicales garantizada.<\/p>\n<h2 class=\"text-xl font-bold text-text-100 mt-1 -mb-0.5\"><\/h2>","protected":false},"featured_media":2748,"comment_status":"open","ping_status":"closed","template":"","meta":{"_acf_changed":false},"product_brand":[],"product_cat":[46],"product_tag":[],"class_list":{"0":"post-2743","1":"product","2":"type-product","3":"status-publish","4":"has-post-thumbnail","6":"product_cat-fumot-tornado-25000","8":"first","9":"instock","10":"shipping-taxable","11":"purchasable","12":"product-type-variable"},"acf":[],"_links":{"self":[{"href":"https:\/\/vozolpuff.de\/es\/wp-json\/wp\/v2\/product\/2743","targetHints":{"allow":["GET"]}}],"collection":[{"href":"https:\/\/vozolpuff.de\/es\/wp-json\/wp\/v2\/product"}],"about":[{"href":"https:\/\/vozolpuff.de\/es\/wp-json\/wp\/v2\/types\/product"}],"replies":[{"embeddable":true,"href":"https:\/\/vozolpuff.de\/es\/wp-json\/wp\/v2\/comments?post=2743"}],"wp:featuredmedia":[{"embeddable":true,"href":"https:\/\/vozolpuff.de\/es\/wp-json\/wp\/v2\/media\/2748"}],"wp:attachment":[{"href":"https:\/\/vozolpuff.de\/es\/wp-json\/wp\/v2\/media?parent=2743"}],"wp:term":[{"taxonomy":"product_brand","embeddable":true,"href":"https:\/\/vozolpuff.de\/es\/wp-json\/wp\/v2\/product_brand?post=2743"},{"taxonomy":"product_cat","embeddable":true,"href":"https:\/\/vozolpuff.de\/es\/wp-json\/wp\/v2\/product_cat?post=2743"},{"taxonomy":"product_tag","embeddable":true,"href":"https:\/\/vozolpuff.de\/es\/wp-json\/wp\/v2\/product_tag?post=2743"}],"curies":[{"name":"wp","href":"https:\/\/api.w.org\/{rel}","templated":true}]}}