{"id":2753,"date":"2025-09-03T11:36:28","date_gmt":"2025-09-03T09:36:28","guid":{"rendered":"https:\/\/vozolpuff.de\/?post_type=product&#038;p=2753"},"modified":"2025-09-03T11:36:28","modified_gmt":"2025-09-03T09:36:28","slug":"fumot-tornado-25000-grape-ice","status":"publish","type":"product","link":"https:\/\/vozolpuff.de\/es\/producto\/fumot-tornado-25000-grape-ice\/","title":{"rendered":"Fumot Tornado 25000 Uva Ice"},"content":{"rendered":"<h2 class=\"text-xl font-bold text-text-100 mt-1 -mb-0.5\">Fumot Tornado 25000 Grape Ice e-cigarrillo desechable<\/h2>\n<p class=\"whitespace-normal break-words\">Experimenta la fusi\u00f3n perfecta de uvas dulces y frescor helado con el Fumot Tornado 25000 Grape Ice. Este cigarrillo electr\u00f3nico desechable de primera calidad ofrece el aut\u00e9ntico sabor de las uvas maduras con un refrescante frescor durante 25.000 deliciosas caladas.<\/p>\n<p class=\"whitespace-normal break-words\">El amplio dep\u00f3sito de e-l\u00edquido de 20 ml con diferentes concentraciones de nicotina, desde 0% hasta 5%, permite una personalizaci\u00f3n individual. La potente bater\u00eda de 700 mAh con funci\u00f3n de carga r\u00e1pida Type-C garantiza un funcionamiento ininterrumpido. La avanzada tecnolog\u00eda de bobina de tres mallas intensifica el dulzor natural de la uva y el enfriamiento revitalizante.<\/p>\n<p class=\"whitespace-normal break-words\">Con su peso compacto de 120 g, el dispositivo es ideal para su uso m\u00f3vil, mientras que la pantalla TFT de alta resoluci\u00f3n de 1,77 pulgadas facilita su manejo. Grape Ice ofrece un disfrute afrutado con un fr\u00edo refrescante.<\/p>\n<h3 class=\"text-lg font-bold text-text-100 mt-1 -mb-1.5\">Especificaciones t\u00e9cnicas<\/h3>\n<p class=\"whitespace-normal break-words\"><strong>Trenes:<\/strong> Hasta 25.000<br \/>\n<strong>Pantalla:<\/strong> Muestra el estado del e-l\u00edquido y de la bater\u00eda<br \/>\n<strong>Capacidad:<\/strong> 20 ml<br \/>\n<strong>Tipo de bobina:<\/strong> Bobina de tres mallas<br \/>\n<strong>Peso:<\/strong> 120g<br \/>\n<strong>Pantalla t\u00e1ctil:<\/strong> Pantalla TFT de 1,77 pulgadas<br \/>\n<strong>Bater\u00eda:<\/strong> 700 mAh recargable con carga r\u00e1pida Type-C<\/p>\n<h3 class=\"text-lg font-bold text-text-100 mt-1 -mb-1.5\">Descubre m\u00e1s FUMOT VAPE en vozolpuff<\/h3>\n<p class=\"whitespace-normal break-words\">Visite nuestro <strong><a class=\"underline\" href=\"https:\/\/vozolpuff.de\/es\/\">Surtido principal<\/a><\/strong> Si desea m\u00e1s productos de primera calidad, consulte la <strong><a class=\"underline\" href=\"https:\/\/vozolpuff.de\/es\/product-category\/fumot-vape\/\">Selecci\u00f3n FUMOT VAPE<\/a><\/strong> o descubra la <strong><a class=\"underline\" href=\"https:\/\/vozolpuff.de\/es\/product-category\/fumot-vape\/fumot-tornado-25000\/\">Gama Fumot Tornado 25000<\/a><\/strong>.<\/p>","protected":false},"excerpt":{"rendered":"<p class=\"whitespace-normal break-words\">El vapeador desechable Fumot Tornado 25000 Grape Ice ofrece aut\u00e9ntico sabor a uva con frescor helado. 25.000 caladas, 20 ml de e-l\u00edquido, bater\u00eda de 700 mAh con carga Type-C. Tecnolog\u00eda punta de bobina de tres mallas y pantalla t\u00e1ctil TFT de 1,77\u2033. Disponible en nicotina 0%, 2%, 3%, 5%. Puro placer dulce y refrescante.<\/p>\n<h2 class=\"text-xl font-bold text-text-100 mt-1 -mb-0.5\"><\/h2>","protected":false},"featured_media":2758,"comment_status":"open","ping_status":"closed","template":"","meta":{"_acf_changed":false},"product_brand":[],"product_cat":[46],"product_tag":[],"class_list":{"0":"post-2753","1":"product","2":"type-product","3":"status-publish","4":"has-post-thumbnail","6":"product_cat-fumot-tornado-25000","8":"first","9":"instock","10":"shipping-taxable","11":"purchasable","12":"product-type-variable"},"acf":[],"_links":{"self":[{"href":"https:\/\/vozolpuff.de\/es\/wp-json\/wp\/v2\/product\/2753","targetHints":{"allow":["GET"]}}],"collection":[{"href":"https:\/\/vozolpuff.de\/es\/wp-json\/wp\/v2\/product"}],"about":[{"href":"https:\/\/vozolpuff.de\/es\/wp-json\/wp\/v2\/types\/product"}],"replies":[{"embeddable":true,"href":"https:\/\/vozolpuff.de\/es\/wp-json\/wp\/v2\/comments?post=2753"}],"wp:featuredmedia":[{"embeddable":true,"href":"https:\/\/vozolpuff.de\/es\/wp-json\/wp\/v2\/media\/2758"}],"wp:attachment":[{"href":"https:\/\/vozolpuff.de\/es\/wp-json\/wp\/v2\/media?parent=2753"}],"wp:term":[{"taxonomy":"product_brand","embeddable":true,"href":"https:\/\/vozolpuff.de\/es\/wp-json\/wp\/v2\/product_brand?post=2753"},{"taxonomy":"product_cat","embeddable":true,"href":"https:\/\/vozolpuff.de\/es\/wp-json\/wp\/v2\/product_cat?post=2753"},{"taxonomy":"product_tag","embeddable":true,"href":"https:\/\/vozolpuff.de\/es\/wp-json\/wp\/v2\/product_tag?post=2753"}],"curies":[{"name":"wp","href":"https:\/\/api.w.org\/{rel}","templated":true}]}}