{"id":2763,"date":"2025-09-03T11:39:36","date_gmt":"2025-09-03T09:39:36","guid":{"rendered":"https:\/\/vozolpuff.de\/?post_type=product&#038;p=2763"},"modified":"2025-09-03T11:39:36","modified_gmt":"2025-09-03T09:39:36","slug":"fumot-tornado-25000-dr-blue","status":"publish","type":"product","link":"https:\/\/vozolpuff.de\/es\/producto\/fumot-tornado-25000-dr-blue\/","title":{"rendered":"Fumot Tornado 25000 Dr Azul"},"content":{"rendered":"<h2 class=\"text-xl font-bold text-text-100 mt-1 -mb-0.5\">Fumot Tornado 25000 Dr Azul e-cigarrillo desechable<\/h2>\n<p class=\"whitespace-normal break-words\">Sum\u00e9rjase en la experiencia de sabor \u00fanica del Fumot Tornado 25000 Dr Blue. Este extraordinario cigarrillo electr\u00f3nico desechable ofrece una misteriosa mezcla de bayas y notas dulces durante 25.000 fascinantes caladas. Un sabor misterioso que despierta la curiosidad y emociona.<\/p>\n<p class=\"whitespace-normal break-words\">La generosa capacidad de 20 ml de e-l\u00edquido con opciones flexibles de nicotina (0%, 2%, 3%, 5%) ofrece un disfrute duradero. La robusta bater\u00eda de 700 mAh con carga r\u00e1pida Type-C garantiza un rendimiento fiable las 24 horas del d\u00eda. La tecnolog\u00eda de doble bobina de malla despliega de forma \u00f3ptima las complejas capas de sabor y garantiza una producci\u00f3n de vapor densa.<\/p>\n<p class=\"whitespace-normal break-words\">El dise\u00f1o f\u00e1cil de usar de 120 g se adapta perfectamente a la mano, mientras que la intuitiva pantalla TFT de 1,77 pulgadas permite un control preciso. Dr Blue es ideal para vapeadores experimentales que buscan experiencias de sabor excepcionales.<\/p>\n<h3 class=\"text-lg font-bold text-text-100 mt-1 -mb-1.5\">Especificaciones t\u00e9cnicas<\/h3>\n<p class=\"whitespace-normal break-words\"><strong>Trenes:<\/strong> Hasta 25.000<br \/>\n<strong>Pantalla:<\/strong> Muestra el estado del e-l\u00edquido y de la bater\u00eda<br \/>\n<strong>Capacidad:<\/strong> 20 ml<br \/>\n<strong>Tipo de bobina:<\/strong> Bobina de tres mallas<br \/>\n<strong>Peso:<\/strong> 120g<br \/>\n<strong>Pantalla t\u00e1ctil:<\/strong> Pantalla TFT de 1,77 pulgadas<br \/>\n<strong>Bater\u00eda:<\/strong> 700 mAh recargable con carga r\u00e1pida Type-C<\/p>\n<h3 class=\"text-lg font-bold text-text-100 mt-1 -mb-1.5\">Descubre m\u00e1s FUMOT VAPE en vozolpuff<\/h3>\n<p class=\"whitespace-normal break-words\">Explora nuestro <strong><a class=\"underline\" href=\"https:\/\/vozolpuff.de\/es\/\">Oferta Premium<\/a><\/strong>navegar por la <strong><a class=\"underline\" href=\"https:\/\/vozolpuff.de\/es\/product-category\/fumot-vape\/\">Colecci\u00f3n FUMOT VAPE<\/a><\/strong> o elija entre todos <strong><a class=\"underline\" href=\"https:\/\/vozolpuff.de\/es\/product-category\/fumot-vape\/fumot-tornado-25000\/\">Opciones Fumot Tornado 25000<\/a><\/strong>.<\/p>","protected":false},"excerpt":{"rendered":"<p class=\"whitespace-normal break-words\">El vapeador desechable Fumot Tornado 25000 Dr Blue ofrece una misteriosa mezcla de sabor dulce a bayas. 25.000 caladas, 20 ml de e-l\u00edquido, bater\u00eda de 700 mAh con carga Type-C. Tecnolog\u00eda punta de bobina de tres mallas y pantalla t\u00e1ctil TFT de 1,77\u2033. Disponible en nicotina 0%, 2%, 3%, 5%. Misterioso placer para exploradores.<\/p>\n<h2 class=\"text-xl font-bold text-text-100 mt-1 -mb-0.5\"><\/h2>","protected":false},"featured_media":2768,"comment_status":"open","ping_status":"closed","template":"","meta":{"_acf_changed":false},"product_brand":[],"product_cat":[46],"product_tag":[],"class_list":{"0":"post-2763","1":"product","2":"type-product","3":"status-publish","4":"has-post-thumbnail","6":"product_cat-fumot-tornado-25000","8":"first","9":"instock","10":"shipping-taxable","11":"purchasable","12":"product-type-variable"},"acf":[],"_links":{"self":[{"href":"https:\/\/vozolpuff.de\/es\/wp-json\/wp\/v2\/product\/2763","targetHints":{"allow":["GET"]}}],"collection":[{"href":"https:\/\/vozolpuff.de\/es\/wp-json\/wp\/v2\/product"}],"about":[{"href":"https:\/\/vozolpuff.de\/es\/wp-json\/wp\/v2\/types\/product"}],"replies":[{"embeddable":true,"href":"https:\/\/vozolpuff.de\/es\/wp-json\/wp\/v2\/comments?post=2763"}],"wp:featuredmedia":[{"embeddable":true,"href":"https:\/\/vozolpuff.de\/es\/wp-json\/wp\/v2\/media\/2768"}],"wp:attachment":[{"href":"https:\/\/vozolpuff.de\/es\/wp-json\/wp\/v2\/media?parent=2763"}],"wp:term":[{"taxonomy":"product_brand","embeddable":true,"href":"https:\/\/vozolpuff.de\/es\/wp-json\/wp\/v2\/product_brand?post=2763"},{"taxonomy":"product_cat","embeddable":true,"href":"https:\/\/vozolpuff.de\/es\/wp-json\/wp\/v2\/product_cat?post=2763"},{"taxonomy":"product_tag","embeddable":true,"href":"https:\/\/vozolpuff.de\/es\/wp-json\/wp\/v2\/product_tag?post=2763"}],"curies":[{"name":"wp","href":"https:\/\/api.w.org\/{rel}","templated":true}]}}