{"id":2773,"date":"2025-09-03T11:42:19","date_gmt":"2025-09-03T09:42:19","guid":{"rendered":"https:\/\/vozolpuff.de\/?post_type=product&#038;p=2773"},"modified":"2025-09-03T11:42:19","modified_gmt":"2025-09-03T09:42:19","slug":"fumot-tornado-25000-kiwi-passion-fruit-guava","status":"publish","type":"product","link":"https:\/\/vozolpuff.de\/es\/producto\/fumot-tornado-25000-kiwi-passion-fruit-guava\/","title":{"rendered":"Fumot Tornado 25000 Kiwi Maracuy\u00e1 Guayaba"},"content":{"rendered":"<h2 class=\"text-xl font-bold text-text-100 mt-1 -mb-0.5\">Fumot Tornado 25000 Kiwi Fruta de la Pasi\u00f3n Guayaba e-cigarrillo desechable<\/h2>\n<p class=\"whitespace-normal break-words\">Emb\u00e1rcate en un viaje de sabores tropicales con el Fumot Tornado 25000 Kiwi Maracuy\u00e1 Guayaba. Este ex\u00f3tico cigarrillo electr\u00f3nico desechable combina tres frutas tropicales para crear una armoniosa experiencia de sabor de hasta 25.000 caladas celestiales. El equilibrio perfecto entre la acidez del kiwi, la dulzura de la fruta de la pasi\u00f3n y el exotismo de la guayaba.<\/p>\n<p class=\"whitespace-normal break-words\">El rico sistema de e-l\u00edquido de 20 ml con concentraciones de nicotina seleccionables de 0% a 5% permite momentos de vapeo personalizados. La bater\u00eda de 700 mAh de larga duraci\u00f3n con tecnolog\u00eda de carga r\u00e1pida Type-C garantiza un uso duradero. La innovadora tecnolog\u00eda de bobina de tres mallas enfatiza cada nota frutal individual y crea un perfil de sabor multicapa.<\/p>\n<p class=\"whitespace-normal break-words\">Su dise\u00f1o port\u00e1til de 120 g lo convierte en el compa\u00f1ero de viaje ideal, mientras que la n\u00edtida pantalla TFT de 1,77 pulgadas ofrece un control exhaustivo. Kiwi Maracuy\u00e1 Guayaba es imprescindible para los amantes de las combinaciones de frutas ex\u00f3ticas.<\/p>\n<h3 class=\"text-lg font-bold text-text-100 mt-1 -mb-1.5\">Especificaciones t\u00e9cnicas<\/h3>\n<p class=\"whitespace-normal break-words\"><strong>Trenes:<\/strong> Hasta 25.000<br \/>\n<strong>Pantalla:<\/strong> Muestra el estado del e-l\u00edquido y de la bater\u00eda<br \/>\n<strong>Capacidad:<\/strong> 20 ml<br \/>\n<strong>Tipo de bobina:<\/strong> Bobina de tres mallas<br \/>\n<strong>Peso:<\/strong> 120g<br \/>\n<strong>Pantalla t\u00e1ctil:<\/strong> Pantalla TFT de 1,77 pulgadas<br \/>\n<strong>Bater\u00eda:<\/strong> 700 mAh recargable con carga r\u00e1pida Type-C<\/p>\n<h3 class=\"text-lg font-bold text-text-100 mt-1 -mb-1.5\">Descubre m\u00e1s FUMOT VAPE en vozolpuff<\/h3>\n<p class=\"whitespace-normal break-words\">Descubra m\u00e1s sabores ex\u00f3ticos en nuestro <strong><a class=\"underline\" href=\"https:\/\/vozolpuff.de\/es\/\">Gama completa<\/a><\/strong>explorar la <strong><a class=\"underline\" href=\"https:\/\/vozolpuff.de\/es\/product-category\/fumot-vape\/\">Mundo FUMOT VAPE<\/a><\/strong> o navegar por todos los <strong><a class=\"underline\" href=\"https:\/\/vozolpuff.de\/es\/product-category\/fumot-vape\/fumot-tornado-25000\/\">Creaciones Fumot Tornado 25000<\/a><\/strong>.<\/p>","protected":false},"excerpt":{"rendered":"<p class=\"whitespace-normal break-words\">Vapeador desechable Fumot Tornado 25000 Kiwi Maracuy\u00e1 Guayaba combina armoniosamente tres frutas tropicales. 25.000 caladas, 20ml de e-l\u00edquido, bater\u00eda de 700mAh con carga Type-C. Tecnolog\u00eda de bobina de tres mallas y pantalla t\u00e1ctil TFT de 1,77\u2033. Disponible en nicotina 0%, 2%, 3%, 5%. Para\u00edso ex\u00f3tico en tama\u00f1o de bolsillo.<\/p>\n<h2 class=\"text-xl font-bold text-text-100 mt-1 -mb-0.5\"><\/h2>","protected":false},"featured_media":2778,"comment_status":"open","ping_status":"closed","template":"","meta":{"_acf_changed":false},"product_brand":[],"product_cat":[46],"product_tag":[],"class_list":{"0":"post-2773","1":"product","2":"type-product","3":"status-publish","4":"has-post-thumbnail","6":"product_cat-fumot-tornado-25000","8":"first","9":"instock","10":"shipping-taxable","11":"purchasable","12":"product-type-variable"},"acf":[],"_links":{"self":[{"href":"https:\/\/vozolpuff.de\/es\/wp-json\/wp\/v2\/product\/2773","targetHints":{"allow":["GET"]}}],"collection":[{"href":"https:\/\/vozolpuff.de\/es\/wp-json\/wp\/v2\/product"}],"about":[{"href":"https:\/\/vozolpuff.de\/es\/wp-json\/wp\/v2\/types\/product"}],"replies":[{"embeddable":true,"href":"https:\/\/vozolpuff.de\/es\/wp-json\/wp\/v2\/comments?post=2773"}],"wp:featuredmedia":[{"embeddable":true,"href":"https:\/\/vozolpuff.de\/es\/wp-json\/wp\/v2\/media\/2778"}],"wp:attachment":[{"href":"https:\/\/vozolpuff.de\/es\/wp-json\/wp\/v2\/media?parent=2773"}],"wp:term":[{"taxonomy":"product_brand","embeddable":true,"href":"https:\/\/vozolpuff.de\/es\/wp-json\/wp\/v2\/product_brand?post=2773"},{"taxonomy":"product_cat","embeddable":true,"href":"https:\/\/vozolpuff.de\/es\/wp-json\/wp\/v2\/product_cat?post=2773"},{"taxonomy":"product_tag","embeddable":true,"href":"https:\/\/vozolpuff.de\/es\/wp-json\/wp\/v2\/product_tag?post=2773"}],"curies":[{"name":"wp","href":"https:\/\/api.w.org\/{rel}","templated":true}]}}