{"id":2783,"date":"2025-09-03T11:45:09","date_gmt":"2025-09-03T09:45:09","guid":{"rendered":"https:\/\/vozolpuff.de\/?post_type=product&#038;p=2783"},"modified":"2025-09-03T11:45:09","modified_gmt":"2025-09-03T09:45:09","slug":"fumot-tornado-25000-cherry-cola","status":"publish","type":"product","link":"https:\/\/vozolpuff.de\/es\/producto\/fumot-tornado-25000-cherry-cola\/","title":{"rendered":"Fumot Tornado 25000 Cereza Cola"},"content":{"rendered":"<h2 class=\"text-xl font-bold text-text-100 mt-1 -mb-0.5\">Fumot Tornado 25000 Cherry Cola e-cigarrillo desechable<\/h2>\n<p class=\"whitespace-normal break-words\">Disfruta de un refresco nost\u00e1lgico con el Fumot Tornado 25000 Cherry Cola. Este innovador cigarrillo electr\u00f3nico desechable combina el cl\u00e1sico sabor a cola con dulces notas de cereza para hasta 25.000 burbujeantes caladas. La popular mezcla de bebidas trae recuerdos y proporciona una aut\u00e9ntica experiencia de sabor.<\/p>\n<p class=\"whitespace-normal break-words\">La amplia capacidad de 20 ml de e-l\u00edquido con concentraciones de nicotina personalizables (0%, 2%, 3%, 5%) ofrece un disfrute individual para cada gusto. La fiable bater\u00eda de 700 mAh con carga r\u00e1pida Type-C permite vapear todo el d\u00eda sin interrupci\u00f3n. La avanzada tecnolog\u00eda de doble bobina de malla realza tanto los sabores de cola como los acentos afrutados de cereza.<\/p>\n<p class=\"whitespace-normal break-words\">El dise\u00f1o ergon\u00f3mico de 120 g garantiza un manejo c\u00f3modo, mientras que la pantalla TFT de 1,77 pulgadas garantiza un funcionamiento sencillo. Cherry Cola es perfecto para cualquiera que desee combinar sabores de bebidas cl\u00e1sicas con la comodidad del vapeo moderno.<\/p>\n<h3 class=\"text-lg font-bold text-text-100 mt-1 -mb-1.5\">Especificaciones t\u00e9cnicas<\/h3>\n<p class=\"whitespace-normal break-words\"><strong>Trenes:<\/strong> Hasta 25.000<br \/>\n<strong>Pantalla:<\/strong> Muestra el estado del e-l\u00edquido y de la bater\u00eda<br \/>\n<strong>Capacidad:<\/strong> 20 ml<br \/>\n<strong>Tipo de bobina:<\/strong> Bobina de tres mallas<br \/>\n<strong>Peso:<\/strong> 120g<br \/>\n<strong>Pantalla t\u00e1ctil:<\/strong> Pantalla TFT de 1,77 pulgadas<br \/>\n<strong>Bater\u00eda:<\/strong> 700 mAh recargable con carga r\u00e1pida Type-C<\/p>\n<h3 class=\"text-lg font-bold text-text-100 mt-1 -mb-1.5\">Descubre m\u00e1s FUMOT VAPE en vozolpuff<\/h3>\n<p class=\"whitespace-normal break-words\">Encuentre m\u00e1s sabores cl\u00e1sicos en nuestra <strong><a class=\"underline\" href=\"https:\/\/vozolpuff.de\/es\/\">Surtido en l\u00ednea<\/a><\/strong>descubra la <strong><a class=\"underline\" href=\"https:\/\/vozolpuff.de\/es\/product-category\/fumot-vape\/\">Gama de productos FUMOT VAPE<\/a><\/strong> o explorar toda la <strong><a class=\"underline\" href=\"https:\/\/vozolpuff.de\/es\/product-category\/fumot-vape\/fumot-tornado-25000\/\">Fumot Tornado 25000 variantes<\/a><\/strong>.<\/p>","protected":false},"excerpt":{"rendered":"<p class=\"whitespace-normal break-words\">El vapeador desechable Fumot Tornado 25000 Cherry Cola ofrece un nost\u00e1lgico sabor a cola con dulces notas de cereza. 25.000 caladas, 20ml de e-l\u00edquido, bater\u00eda de 700mAh con carga Type-C. Tecnolog\u00eda de bobina de tres mallas y pantalla t\u00e1ctil TFT de 1,77\u2033. Disponible en nicotina 0%, 2%, 3%, 5%. El cl\u00e1sico refresco reinventado.<\/p>\n<h2 class=\"text-xl font-bold text-text-100 mt-1 -mb-0.5\"><\/h2>","protected":false},"featured_media":2788,"comment_status":"open","ping_status":"closed","template":"","meta":{"_acf_changed":false},"product_brand":[],"product_cat":[46],"product_tag":[],"class_list":{"0":"post-2783","1":"product","2":"type-product","3":"status-publish","4":"has-post-thumbnail","6":"product_cat-fumot-tornado-25000","8":"first","9":"instock","10":"shipping-taxable","11":"purchasable","12":"product-type-variable"},"acf":[],"_links":{"self":[{"href":"https:\/\/vozolpuff.de\/es\/wp-json\/wp\/v2\/product\/2783","targetHints":{"allow":["GET"]}}],"collection":[{"href":"https:\/\/vozolpuff.de\/es\/wp-json\/wp\/v2\/product"}],"about":[{"href":"https:\/\/vozolpuff.de\/es\/wp-json\/wp\/v2\/types\/product"}],"replies":[{"embeddable":true,"href":"https:\/\/vozolpuff.de\/es\/wp-json\/wp\/v2\/comments?post=2783"}],"wp:featuredmedia":[{"embeddable":true,"href":"https:\/\/vozolpuff.de\/es\/wp-json\/wp\/v2\/media\/2788"}],"wp:attachment":[{"href":"https:\/\/vozolpuff.de\/es\/wp-json\/wp\/v2\/media?parent=2783"}],"wp:term":[{"taxonomy":"product_brand","embeddable":true,"href":"https:\/\/vozolpuff.de\/es\/wp-json\/wp\/v2\/product_brand?post=2783"},{"taxonomy":"product_cat","embeddable":true,"href":"https:\/\/vozolpuff.de\/es\/wp-json\/wp\/v2\/product_cat?post=2783"},{"taxonomy":"product_tag","embeddable":true,"href":"https:\/\/vozolpuff.de\/es\/wp-json\/wp\/v2\/product_tag?post=2783"}],"curies":[{"name":"wp","href":"https:\/\/api.w.org\/{rel}","templated":true}]}}