{"id":2793,"date":"2025-09-03T11:49:39","date_gmt":"2025-09-03T09:49:39","guid":{"rendered":"https:\/\/vozolpuff.de\/?post_type=product&#038;p=2793"},"modified":"2025-09-03T11:49:39","modified_gmt":"2025-09-03T09:49:39","slug":"fumot-tornado-25000-cool-mint","status":"publish","type":"product","link":"https:\/\/vozolpuff.de\/es\/producto\/fumot-tornado-25000-cool-mint\/","title":{"rendered":"Fumot Tornado 25000 Cool Mint"},"content":{"rendered":"<h2 class=\"text-xl font-bold text-text-100 mt-1 -mb-0.5\">Fumot Tornado 25000 Cool Mint e-cigarrillo desechable<\/h2>\n<p class=\"whitespace-normal break-words\">Refr\u00e9scate con el revitalizante Fumot Tornado 25000 Cool Mint. Este cigarrillo electr\u00f3nico desechable puro ofrece un intenso sabor a menta con un efecto refrescante de hasta 25.000 caladas. El cl\u00e1sico sabor a menta proporciona un frescor duradero y es ideal para vapear durante todo el d\u00eda.<\/p>\n<p class=\"whitespace-normal break-words\">El sistema de e-l\u00edquido de gran volumen de 20 ml con potencias de nicotina flexibles de 0% a 5% permite experiencias de vapeo personalizadas. La potente bater\u00eda de 700 mAh con funci\u00f3n de carga r\u00e1pida Type-C garantiza un rendimiento constante. La tecnolog\u00eda de bobina de tres mallas maximiza la intensidad de la menta y garantiza un desarrollo del vapor uniforme y fresco.<\/p>\n<p class=\"whitespace-normal break-words\">El dise\u00f1o compacto de 120 g ofrece comodidad port\u00e1til para cualquier ocasi\u00f3n, mientras que la brillante pantalla TFT de 1,77 pulgadas permite un control intuitivo. Cool Mint es la primera opci\u00f3n para los puristas que aprecian el sabor a menta claro sin aditivos.<\/p>\n<h3 class=\"text-lg font-bold text-text-100 mt-1 -mb-1.5\">Especificaciones t\u00e9cnicas<\/h3>\n<p class=\"whitespace-normal break-words\"><strong>Trenes:<\/strong> Hasta 25.000<br \/>\n<strong>Pantalla:<\/strong> Muestra el estado del e-l\u00edquido y de la bater\u00eda<br \/>\n<strong>Capacidad:<\/strong> 20 ml<br \/>\n<strong>Tipo de bobina:<\/strong> Bobina de tres mallas<br \/>\n<strong>Peso:<\/strong> 120g<br \/>\n<strong>Pantalla t\u00e1ctil:<\/strong> Pantalla TFT de 1,77 pulgadas<br \/>\n<strong>Bater\u00eda:<\/strong> 700 mAh recargable con carga r\u00e1pida Type-C<\/p>\n<h3 class=\"text-lg font-bold text-text-100 mt-1 -mb-1.5\">Descubre m\u00e1s FUMOT VAPE en vozolpuff<\/h3>\n<p class=\"whitespace-normal break-words\">Navegue por nuestra <strong><a class=\"underline\" href=\"https:\/\/vozolpuff.de\/es\/\">Surtido principal<\/a><\/strong> para m\u00e1s variantes de Mint, explore la gama completa de <strong><a class=\"underline\" href=\"https:\/\/vozolpuff.de\/es\/product-category\/fumot-vape\/\">Selecci\u00f3n FUMOT VAPE<\/a><\/strong> o elija entre todos <strong><a class=\"underline\" href=\"https:\/\/vozolpuff.de\/es\/product-category\/fumot-vape\/fumot-tornado-25000\/\">Fumot Tornado 25000 sabores<\/a><\/strong>.<\/p>","protected":false},"excerpt":{"rendered":"<p class=\"whitespace-normal break-words\">El Fumot Tornado 25000 Cool Mint ofrece un intenso sabor a menta hasta 25.000 caladas. Con 20ml de e-l\u00edquido, bater\u00eda de 700mAh, carga r\u00e1pida Type-C y pantalla TFT de 1,77\u2033. Tecnolog\u00eda de bobina de tres mallas para una m\u00e1xima frescura y un desarrollo uniforme del vapor. Perfecto para todo el d\u00eda.<\/p>\n<p class=\"whitespace-normal break-words\">","protected":false},"featured_media":2795,"comment_status":"open","ping_status":"closed","template":"","meta":{"_acf_changed":false},"product_brand":[],"product_cat":[46],"product_tag":[],"class_list":{"0":"post-2793","1":"product","2":"type-product","3":"status-publish","4":"has-post-thumbnail","6":"product_cat-fumot-tornado-25000","8":"first","9":"instock","10":"shipping-taxable","11":"purchasable","12":"product-type-variable"},"acf":[],"_links":{"self":[{"href":"https:\/\/vozolpuff.de\/es\/wp-json\/wp\/v2\/product\/2793","targetHints":{"allow":["GET"]}}],"collection":[{"href":"https:\/\/vozolpuff.de\/es\/wp-json\/wp\/v2\/product"}],"about":[{"href":"https:\/\/vozolpuff.de\/es\/wp-json\/wp\/v2\/types\/product"}],"replies":[{"embeddable":true,"href":"https:\/\/vozolpuff.de\/es\/wp-json\/wp\/v2\/comments?post=2793"}],"wp:featuredmedia":[{"embeddable":true,"href":"https:\/\/vozolpuff.de\/es\/wp-json\/wp\/v2\/media\/2795"}],"wp:attachment":[{"href":"https:\/\/vozolpuff.de\/es\/wp-json\/wp\/v2\/media?parent=2793"}],"wp:term":[{"taxonomy":"product_brand","embeddable":true,"href":"https:\/\/vozolpuff.de\/es\/wp-json\/wp\/v2\/product_brand?post=2793"},{"taxonomy":"product_cat","embeddable":true,"href":"https:\/\/vozolpuff.de\/es\/wp-json\/wp\/v2\/product_cat?post=2793"},{"taxonomy":"product_tag","embeddable":true,"href":"https:\/\/vozolpuff.de\/es\/wp-json\/wp\/v2\/product_tag?post=2793"}],"curies":[{"name":"wp","href":"https:\/\/api.w.org\/{rel}","templated":true}]}}