{"id":3029,"date":"2025-09-06T05:24:07","date_gmt":"2025-09-06T03:24:07","guid":{"rendered":"https:\/\/vozolpuff.de\/?post_type=product&#038;p=3029"},"modified":"2026-03-02T10:34:43","modified_gmt":"2026-03-02T09:34:43","slug":"fumot-leopard-40k-blueberry-on-ice","status":"publish","type":"product","link":"https:\/\/vozolpuff.de\/es\/producto\/fumot-leopard-40k-blueberry-on-ice\/","title":{"rendered":"Fumot Leopardo 40K Ar\u00e1ndano sobre hielo"},"content":{"rendered":"<h2 class=\"text-2xl font-bold mt-1 text-text-100\">Fumot Leopard 40K Blueberry on Ice e-cigarrillo desechable<\/h2>\n<p class=\"whitespace-normal break-words\">Experimenta el equilibrio perfecto entre los dulces ar\u00e1ndanos y el refrescante frescor con el Fumot Leopard 40K Blueberry on Ice. Este cigarrillo electr\u00f3nico desechable de primera calidad combina 40.000 caladas de intenso sabor con la m\u00e1s moderna tecnolog\u00eda de doble malla. El sabor a ar\u00e1ndanos helados proporciona una experiencia de vapor vigorizante, mientras que el dise\u00f1o de leopardo transparente garantiza un aspecto distintivo.<\/p>\n<h3 class=\"text-xl font-bold text-text-100 mt-1 -mb-0.5\">Blueberry on Ice: perfil arom\u00e1tico y tecnolog\u00eda<\/h3>\n<p class=\"whitespace-normal break-words\"><strong>Sensaci\u00f3n helada de ar\u00e1ndanos:<\/strong> Aut\u00e9ntico sabor a ar\u00e1ndanos y refrescante frescor mentolado. La dulzura natural de los ar\u00e1ndanos maduros se equilibra perfectamente con el acabado helado y ofrece una experiencia de vapeo refrescante para los d\u00edas c\u00e1lidos.<\/p>\n<p class=\"whitespace-normal break-words\"><strong>Bobinas avanzadas de doble malla:<\/strong> La tecnolog\u00eda de calentamiento de dos niveles con una superficie de contacto maximizada garantiza un desarrollo \u00f3ptimo del sabor. Cada calada ofrece una intensidad de sabor constante y una producci\u00f3n de vapor suave hasta la \u00faltima gota.<\/p>\n<p class=\"whitespace-normal break-words\"><strong>Control inteligente de los LED:<\/strong> Visualizaci\u00f3n precisa del estado de la bater\u00eda y del e-l\u00edquido restante mediante s\u00edmbolos intuitivos. El icono de la gota de agua a la izquierda muestra las reservas de l\u00edquido, el icono de la bater\u00eda a la derecha muestra el estado de la energ\u00eda.<\/p>\n<p class=\"whitespace-normal break-words\"><strong>Sistema de carga USB-C premium:<\/strong> Bater\u00eda de alto rendimiento de 700 mAh con conexi\u00f3n USB-C preparada para el futuro que permite una carga r\u00e1pida y eficiente hasta el uso completo del e-l\u00edquido.<\/p>\n<h3 class=\"text-xl font-bold text-text-100 mt-1 -mb-0.5\">Especificaciones t\u00e9cnicas<\/h3>\n<p class=\"whitespace-normal break-words\">\u2611 0% 2% 3% 5% Opciones de nicotina<br \/>\n\u2611 Bater\u00eda recargable de larga duraci\u00f3n de 700 mAh<br \/>\n\u2611 Tecnolog\u00eda de doble malla<br \/>\n\u2611 40.000 trenes premium<br \/>\nCarga r\u00e1pida USB-C<br \/>\n\u2611 Indicador digital del nivel de llenado<\/p>\n<h3 class=\"text-xl font-bold text-text-100 mt-1 -mb-0.5\">Descubre m\u00e1s FUMOT VAPE en vozolpuff<\/h3>\n<p class=\"whitespace-normal break-words\">Descubra m\u00e1s productos de vapor de alta calidad en nuestra <strong><a class=\"underline\" href=\"https:\/\/vozolpuff.de\/es\/\">P\u00e1gina de inicio<\/a><\/strong>Explore toda la <strong><a class=\"underline\" href=\"https:\/\/vozolpuff.de\/es\/product-category\/fumot-vape\/\">Colecci\u00f3n FUMOT VAPE<\/a><\/strong> o elija entre todos los disponibles <strong><a class=\"underline\" href=\"https:\/\/vozolpuff.de\/es\/product-category\/fumot-vape\/fumot-leopard-40k\/\">Fumot Leopardo 40K sabores<\/a><\/strong>.<\/p>","protected":false},"excerpt":{"rendered":"<p class=\"whitespace-normal break-words\">El e-cigarrillo desechable Fumot Leopard 40K Blueberry on Ice ofrece 40.000 caladas con sabor a ar\u00e1ndanos helados. Con bater\u00eda USB-C de 700 mAh, tecnolog\u00eda dual mesh, monitorizaci\u00f3n LED y dise\u00f1o de leopardo transparente. Potencias de nicotina 0%-5% disponibles. Calidad premium para un disfrute duradero.<\/p>\n<h2 class=\"text-xl font-bold text-text-100 mt-1 -mb-0.5\"><\/h2>\n<h2 class=\"text-xl font-bold text-text-100 mt-1 -mb-0.5\"><\/h2>","protected":false},"featured_media":3031,"comment_status":"open","ping_status":"closed","template":"","meta":{"_acf_changed":false},"product_brand":[],"product_cat":[48],"product_tag":[],"class_list":{"0":"post-3029","1":"product","2":"type-product","3":"status-publish","4":"has-post-thumbnail","6":"product_cat-fumot-leopard-40k","8":"first","9":"instock","10":"shipping-taxable","11":"purchasable","12":"product-type-variable"},"acf":[],"_links":{"self":[{"href":"https:\/\/vozolpuff.de\/es\/wp-json\/wp\/v2\/product\/3029","targetHints":{"allow":["GET"]}}],"collection":[{"href":"https:\/\/vozolpuff.de\/es\/wp-json\/wp\/v2\/product"}],"about":[{"href":"https:\/\/vozolpuff.de\/es\/wp-json\/wp\/v2\/types\/product"}],"replies":[{"embeddable":true,"href":"https:\/\/vozolpuff.de\/es\/wp-json\/wp\/v2\/comments?post=3029"}],"wp:featuredmedia":[{"embeddable":true,"href":"https:\/\/vozolpuff.de\/es\/wp-json\/wp\/v2\/media\/3031"}],"wp:attachment":[{"href":"https:\/\/vozolpuff.de\/es\/wp-json\/wp\/v2\/media?parent=3029"}],"wp:term":[{"taxonomy":"product_brand","embeddable":true,"href":"https:\/\/vozolpuff.de\/es\/wp-json\/wp\/v2\/product_brand?post=3029"},{"taxonomy":"product_cat","embeddable":true,"href":"https:\/\/vozolpuff.de\/es\/wp-json\/wp\/v2\/product_cat?post=3029"},{"taxonomy":"product_tag","embeddable":true,"href":"https:\/\/vozolpuff.de\/es\/wp-json\/wp\/v2\/product_tag?post=3029"}],"curies":[{"name":"wp","href":"https:\/\/api.w.org\/{rel}","templated":true}]}}