{"id":3069,"date":"2025-09-06T05:46:19","date_gmt":"2025-09-06T03:46:19","guid":{"rendered":"https:\/\/vozolpuff.de\/?post_type=product&#038;p=3069"},"modified":"2026-03-02T10:33:56","modified_gmt":"2026-03-02T09:33:56","slug":"fumot-leopard-40k-watermelon-bubblegum","status":"publish","type":"product","link":"https:\/\/vozolpuff.de\/es\/producto\/fumot-leopard-40k-watermelon-bubblegum\/","title":{"rendered":"Fumot Leopardo 40K Sand\u00eda Chicle"},"content":{"rendered":"<h2 class=\"text-xl font-bold text-text-100 mt-1 -mb-0.5\">Fumot Leopard 40K Watermelon Bubblegum Edici\u00f3n de verano<\/h2>\n<p class=\"whitespace-normal break-words\">El Fumot Leopard 40K Watermelon Bubblegum combina la refrescante sand\u00eda con el nost\u00e1lgico aroma del chicle para ofrecer una experiencia de vapeo \u00fanica. Con 40 000 caladas intensas y una innovadora tecnolog\u00eda de calentamiento de doble malla, este cigarrillo electr\u00f3nico desechable ofrece un placer duradero. El art\u00edstico dise\u00f1o de leopardo en la carcasa transparente convierte cada dispositivo en un atractivo visual.<\/p>\n<h3 class=\"text-xl font-bold text-text-100 mt-1 -mb-0.5\">Watermelon Bubblegum: una creaci\u00f3n de sabor l\u00fadico<\/h3>\n<p class=\"whitespace-normal break-words\"><strong>Fusi\u00f3n veraniega de chicles:<\/strong> La jugosa sand\u00eda se combina con el dulce aroma del chicle para crear un sabor divertido y sofisticado. La combinaci\u00f3n de la frescura natural de la fruta y el dulzor nost\u00e1lgico despierta recuerdos positivos de la infancia.<\/p>\n<p class=\"whitespace-normal break-words\"><strong>Tecnolog\u00eda de evaporaci\u00f3n innovadora:<\/strong> Las bobinas de doble malla con estructura de rejilla optimizada garantizan una superficie de contacto con el l\u00edquido m\u00e1xima y una distribuci\u00f3n uniforme del calor. Esto garantiza un desarrollo intenso del aroma y una producci\u00f3n suave de vapor durante toda la vida \u00fatil.<\/p>\n<p class=\"whitespace-normal break-words\"><strong>Indicador de estado de alta resoluci\u00f3n:<\/strong> Indicadores LED precisos con supervisi\u00f3n en tiempo real del nivel de bater\u00eda y las reservas de l\u00edquido. El intuitivo sistema de s\u00edmbolos permite evaluar al instante el estado del dispositivo sin confusiones.<\/p>\n<p class=\"whitespace-normal break-words\"><strong>Gesti\u00f3n eficiente de la energ\u00eda:<\/strong> Bater\u00eda de pol\u00edmero de litio de 700 mAh con funci\u00f3n de carga r\u00e1pida USB-C que permite recargar repetidamente hasta agotar completamente el l\u00edquido. Tecnolog\u00eda de carga moderna para un aprovechamiento m\u00e1ximo del dispositivo.<\/p>\n<h3 class=\"text-xl font-bold text-text-100 mt-1 -mb-0.5\">Especificaciones de hardware<\/h3>\n<p class=\"whitespace-normal break-words\">\u2611 0% 2% 3% 5% Opciones de nicotina<br \/>\n\u2611 Acumulator de energ\u00eda de 700 mAh<br \/>\n\u2611 Elementos calefactores de malla doble<br \/>\n\u2611 Capacidad para 40 000 trenes<br \/>\n\u2611 Conector de carga tipo C<br \/>\n\u2611 Pantalla digital de estado<\/p>\n<h3 class=\"text-xl font-bold text-text-100 mt-1 -mb-0.5\">Descubre m\u00e1s FUMOT VAPE en vozolpuff<\/h3>\n<p class=\"whitespace-normal break-words\">Descubra m\u00e1s productos de vapor de alta calidad en nuestra <strong><a class=\"underline\" href=\"https:\/\/vozolpuff.de\/es\/\">P\u00e1gina de inicio<\/a><\/strong>Explore toda la <strong><a class=\"underline\" href=\"https:\/\/vozolpuff.de\/es\/product-category\/fumot-vape\/\">Colecci\u00f3n FUMOT VAPE<\/a><\/strong> o elija entre todos los disponibles <strong><a class=\"underline\" href=\"https:\/\/vozolpuff.de\/es\/product-category\/fumot-vape\/fumot-leopard-40k\/\">Fumot Leopardo 40K sabores<\/a><\/strong>.<\/p>","protected":false},"excerpt":{"rendered":"<p class=\"whitespace-normal break-words\">La edici\u00f3n de verano Fumot Leopard 40K Watermelon Bubblegum ofrece 40 000 caladas con refrescante sabor a sand\u00eda y nost\u00e1lgico aroma a chicle. Con bater\u00eda USB-C de 700 mAh, tecnolog\u00eda de calentamiento Dual Mesh, pantalla LED de estado y dise\u00f1o de leopardo. Concentraciones de nicotina disponibles: 0%-5%.<\/p>\n<h2 class=\"text-xl font-bold text-text-100 mt-1 -mb-0.5\"><\/h2>","protected":false},"featured_media":3071,"comment_status":"open","ping_status":"closed","template":"","meta":{"_acf_changed":false},"product_brand":[],"product_cat":[48],"product_tag":[],"class_list":{"0":"post-3069","1":"product","2":"type-product","3":"status-publish","4":"has-post-thumbnail","6":"product_cat-fumot-leopard-40k","8":"first","9":"instock","10":"shipping-taxable","11":"purchasable","12":"product-type-variable"},"acf":[],"_links":{"self":[{"href":"https:\/\/vozolpuff.de\/es\/wp-json\/wp\/v2\/product\/3069","targetHints":{"allow":["GET"]}}],"collection":[{"href":"https:\/\/vozolpuff.de\/es\/wp-json\/wp\/v2\/product"}],"about":[{"href":"https:\/\/vozolpuff.de\/es\/wp-json\/wp\/v2\/types\/product"}],"replies":[{"embeddable":true,"href":"https:\/\/vozolpuff.de\/es\/wp-json\/wp\/v2\/comments?post=3069"}],"wp:featuredmedia":[{"embeddable":true,"href":"https:\/\/vozolpuff.de\/es\/wp-json\/wp\/v2\/media\/3071"}],"wp:attachment":[{"href":"https:\/\/vozolpuff.de\/es\/wp-json\/wp\/v2\/media?parent=3069"}],"wp:term":[{"taxonomy":"product_brand","embeddable":true,"href":"https:\/\/vozolpuff.de\/es\/wp-json\/wp\/v2\/product_brand?post=3069"},{"taxonomy":"product_cat","embeddable":true,"href":"https:\/\/vozolpuff.de\/es\/wp-json\/wp\/v2\/product_cat?post=3069"},{"taxonomy":"product_tag","embeddable":true,"href":"https:\/\/vozolpuff.de\/es\/wp-json\/wp\/v2\/product_tag?post=3069"}],"curies":[{"name":"wp","href":"https:\/\/api.w.org\/{rel}","templated":true}]}}