{"id":3087,"date":"2025-09-06T05:54:21","date_gmt":"2025-09-06T03:54:21","guid":{"rendered":"https:\/\/vozolpuff.de\/?post_type=product&#038;p=3087"},"modified":"2026-03-02T10:33:34","modified_gmt":"2026-03-02T09:33:34","slug":"fumot-leopard-40k-black-dragon-ice","status":"publish","type":"product","link":"https:\/\/vozolpuff.de\/es\/producto\/fumot-leopard-40k-black-dragon-ice\/","title":{"rendered":"Fumot Leopardo 40K Drag\u00f3n Negro Hielo"},"content":{"rendered":"<h2 class=\"text-xl font-bold text-text-100 mt-1 -mb-0.5\">Fumot Leopardo 40K Drag\u00f3n Negro Hielo Edici\u00f3n M\u00edstica<\/h2>\n<p class=\"whitespace-normal break-words\">Sum\u00e9rgete en el misterioso mundo del Fumot Leopard 40K Black Dragon Ice. Esta extraordinaria creaci\u00f3n de sabores combina aromas m\u00edsticos con un frescor helado para crear una experiencia de vapeo inolvidable. 40.000 caladas intensas gracias a la revolucionaria tecnolog\u00eda de doble bobina de malla, empaquetadas en un espectacular dise\u00f1o de leopardo, hacen de este dispositivo una verdadera pieza de coleccionista.<\/p>\n<h3 class=\"text-xl font-bold text-text-100 mt-1 -mb-0.5\">Black Dragon Ice - El misticismo se une a la frescura<\/h3>\n<p class=\"whitespace-normal break-words\"><strong>Misterioso viaje de sabores:<\/strong> Una compleja combinaci\u00f3n de sabores de notas oscuras y misteriosas va acompa\u00f1ada de una potente ola refrescante. Esta mezcla \u00fanica ofrece profundidad, intensidad y refrescante frescor en perfecto equilibrio.<\/p>\n<p class=\"whitespace-normal break-words\"><strong>Sistema de bobina de alto rendimiento:<\/strong> Dise\u00f1o de malla de doble capa con superficie de contacto maximizada para una extracci\u00f3n \u00f3ptima del sabor. La avanzada tecnolog\u00eda de calentamiento garantiza un rendimiento constante y una intensa experiencia de sabor durante las 40.000 caladas.<\/p>\n<p class=\"whitespace-normal break-words\"><strong>Interfaz de visualizaci\u00f3n Premium:<\/strong> Las pantallas LED cristalinas con indicadores separados para el estado de la bater\u00eda y el nivel de l\u00edquido proporcionan un control total sobre su experiencia de vapeo. El sistema de iconos f\u00e1cil de usar elimina cualquier incertidumbre sobre el estado del dispositivo.<\/p>\n<p class=\"whitespace-normal break-words\"><strong>Soluci\u00f3n energ\u00e9tica profesional:<\/strong> Bater\u00eda de 700 mAh de larga duraci\u00f3n con un moderno puerto USB-C que permite una carga r\u00e1pida y fiable. La gesti\u00f3n optimizada de la energ\u00eda garantiza el m\u00e1ximo aprovechamiento de todo el suministro de e-l\u00edquido.<\/p>\n<h3 class=\"text-xl font-bold text-text-100 mt-1 -mb-0.5\">Propiedades del sistema<\/h3>\n<p class=\"whitespace-normal break-words\">\u2611 0% 2% 3% 5% Niveles de nicotina<br \/>\nBater\u00eda de 700 mAh<br \/>\n\u2611 Configuraci\u00f3n de doble malla<br \/>\n\u2611 Rendimiento de los trenes 40K<br \/>\n\u2611 Carga de tipo C<br \/>\n\u2611 Indicador digital de nivel de llenado<\/p>\n<h3 class=\"text-xl font-bold text-text-100 mt-1 -mb-0.5\">Descubre m\u00e1s FUMOT VAPE en vozolpuff<\/h3>\n<p class=\"whitespace-normal break-words\">Descubra m\u00e1s productos de vapor de alta calidad en nuestra <strong><a class=\"underline\" href=\"https:\/\/vozolpuff.de\/es\/\">P\u00e1gina de inicio<\/a><\/strong>Explore toda la <strong><a class=\"underline\" href=\"https:\/\/vozolpuff.de\/es\/product-category\/fumot-vape\/\">Colecci\u00f3n FUMOT VAPE<\/a><\/strong> o elija entre todos los disponibles <strong><a class=\"underline\" href=\"https:\/\/vozolpuff.de\/es\/product-category\/fumot-vape\/fumot-leopard-40k\/\">Fumot Leopardo 40K sabores<\/a><\/strong>.<\/p>","protected":false},"excerpt":{"rendered":"<p class=\"whitespace-normal break-words\">El Fumot Leopard 40K Black Dragon Ice Mystic Edition ofrece 40.000 caladas con sabores misteriosos y frescor helado. Con bater\u00eda USB-C de 700 mAh, sistema de doble malla, indicador digital de nivel de llenado y dise\u00f1o de leopardo. Niveles de nicotina 0%-5% disponibles. Experiencia \u00fanica de sabor m\u00edstico.<\/p>\n<h2 class=\"text-xl font-bold text-text-100 mt-1 -mb-0.5\"><\/h2>","protected":false},"featured_media":3089,"comment_status":"open","ping_status":"closed","template":"","meta":{"_acf_changed":false},"product_brand":[],"product_cat":[48],"product_tag":[],"class_list":{"0":"post-3087","1":"product","2":"type-product","3":"status-publish","4":"has-post-thumbnail","6":"product_cat-fumot-leopard-40k","8":"first","9":"instock","10":"shipping-taxable","11":"purchasable","12":"product-type-variable"},"acf":[],"_links":{"self":[{"href":"https:\/\/vozolpuff.de\/es\/wp-json\/wp\/v2\/product\/3087","targetHints":{"allow":["GET"]}}],"collection":[{"href":"https:\/\/vozolpuff.de\/es\/wp-json\/wp\/v2\/product"}],"about":[{"href":"https:\/\/vozolpuff.de\/es\/wp-json\/wp\/v2\/types\/product"}],"replies":[{"embeddable":true,"href":"https:\/\/vozolpuff.de\/es\/wp-json\/wp\/v2\/comments?post=3087"}],"wp:featuredmedia":[{"embeddable":true,"href":"https:\/\/vozolpuff.de\/es\/wp-json\/wp\/v2\/media\/3089"}],"wp:attachment":[{"href":"https:\/\/vozolpuff.de\/es\/wp-json\/wp\/v2\/media?parent=3087"}],"wp:term":[{"taxonomy":"product_brand","embeddable":true,"href":"https:\/\/vozolpuff.de\/es\/wp-json\/wp\/v2\/product_brand?post=3087"},{"taxonomy":"product_cat","embeddable":true,"href":"https:\/\/vozolpuff.de\/es\/wp-json\/wp\/v2\/product_cat?post=3087"},{"taxonomy":"product_tag","embeddable":true,"href":"https:\/\/vozolpuff.de\/es\/wp-json\/wp\/v2\/product_tag?post=3087"}],"curies":[{"name":"wp","href":"https:\/\/api.w.org\/{rel}","templated":true}]}}