{"id":3696,"date":"2025-09-09T10:11:29","date_gmt":"2025-09-09T08:11:29","guid":{"rendered":"https:\/\/vozolpuff.de\/?post_type=product&#038;p=3696"},"modified":"2025-09-09T10:11:29","modified_gmt":"2025-09-09T08:11:29","slug":"randm-tornado-7000-red-apple-lemon","status":"publish","type":"product","link":"https:\/\/vozolpuff.de\/es\/producto\/randm-tornado-7000-red-apple-lemon\/","title":{"rendered":"RandM Tornado 7000 Manzana roja Lim\u00f3n"},"content":{"rendered":"<h2 class=\"text-xl font-bold text-text-100 mt-1 -mb-0.5\">RandM Tornado 7000 Red Apple Lemon Cigarrillo electr\u00f3nico desechable<\/h2>\n<p class=\"whitespace-normal break-words\">El cigarrillo electr\u00f3nico RandM Tornado 7000 Red Apple Lemon ofrece unas extraordinarias 7000 caladas por dispositivo, con una capacidad de 14 ml de e-l\u00edquido y concentraciones de nicotina de 0%, 2%, 3% y 5%. Est\u00e1 equipado con una bater\u00eda recargable de 850 mAh, un control preciso del flujo de aire y una innovadora tecnolog\u00eda de bobina de malla. Antes de utilizar por primera vez el Tornado R&amp;M 7000 Red Apple Lemon, se recomienda esperar unos 2 minutos despu\u00e9s de llenarlo con e-l\u00edquido. Este periodo de reposo garantiza una absorci\u00f3n \u00f3ptima del l\u00edquido y mejora el disfrute del vapor.<\/p>\n<h3 class=\"text-lg font-bold text-text-100 mt-1 -mb-1.5\">RandM Tornado 7000 Red Apple Lemon Caracter\u00edsticas:<\/h3>\n<p class=\"whitespace-normal break-words\">El cigarrillo electr\u00f3nico desechable RandM Tornado 7000 Red Apple Lemon es un potente dispositivo de vapeo que combina comodidad y rendimiento en un elegante dise\u00f1o. Con una notable capacidad de hasta 7000 caladas, este cigarrillo electr\u00f3nico desechable es ideal para los vapeadores que buscan una experiencia duradera y arom\u00e1tica.<\/p>\n<p class=\"whitespace-normal break-words\">Equipado con una bater\u00eda robusta de 850 mAh y un generoso dep\u00f3sito de e-l\u00edquido precargado de 14 ml, el Red Apple Lemon Tornado garantiza largas sesiones de vapeo. El control de flujo de aire ajustable ofrece un nivel adicional de personalizaci\u00f3n y le permite adaptar su experiencia de vapeo a sus preferencias individuales.<\/p>\n<p class=\"whitespace-normal break-words\">Dise\u00f1ado para los entusiastas del vapeo m\u00f3vil, el Tornado destaca por su dise\u00f1o compacto y su mecanismo de activaci\u00f3n por inhalaci\u00f3n, lo que lo hace extremadamente f\u00e1cil de usar. El sabor Red Apple Lemon combina jugosas manzanas rojas con lim\u00f3n \u00e1cido para una experiencia de sabor refrescante. El Tornado 7000 est\u00e1 disponible en variantes de sal de nicotina de 0%, 2%, 3% y 5%, y se adapta a diferentes preferencias.<\/p>\n<h3 class=\"text-lg font-bold text-text-100 mt-1 -mb-1.5\">Datos t\u00e9cnicos<\/h3>\n<p class=\"whitespace-normal break-words\">Contenido de nicotina: 0% \/2%\/3%\/5%<br \/>\n\u2611 Capacidad: 14 ml<br \/>\n\u2611 Tiradas por dispositivo: 7000<br \/>\n\u2611 Regulaci\u00f3n del flujo de aire<br \/>\n\u2611 Carga de tipo C<br \/>\n\u2611 Bater\u00eda recargable<br \/>\n\u2611 Bater\u00eda integrada de 850 mAh<\/p>\n<h3 class=\"text-lg font-bold text-text-100 mt-1 -mb-1.5\">Descubre m\u00e1s FUMOT VAPE en vozolpuff<\/h3>\n<p class=\"whitespace-normal break-words\">Explore nuestra gama completa de productos en nuestra <strong><a class=\"underline\" href=\"https:\/\/vozolpuff.de\/es\/\">P\u00e1gina principal<\/a><\/strong>, descubra otros dispositivos premium en la <strong><a class=\"underline\" href=\"https:\/\/vozolpuff.de\/es\/product-category\/fumot-vape\/\">Categor\u00eda FUMOT VAPE<\/a><\/strong> o elija entre la completa <strong><a class=\"underline\" href=\"https:\/\/vozolpuff.de\/es\/product-category\/fumot-vape\/randm-tornado-7000\/\">Selecci\u00f3n de sabores RandM Tornado 7000<\/a><\/strong>.<\/p>","protected":false},"excerpt":{"rendered":"<p class=\"whitespace-normal break-words\">El vaporizador desechable RandM Tornado 7000 Red Apple Lemon combina jugosas manzanas rojas con lim\u00f3n \u00e1cido para hasta 7000 caladas. Con dep\u00f3sito de e-l\u00edquido de 14 ml, bater\u00eda recargable de 850 mAh y control de flujo de aire ajustable. Disponible en nicotina 0%, 2%, 3% y 5%. Tecnolog\u00eda de bobina de malla para una experiencia frutal intensa.<\/p>\n<p class=\"whitespace-normal break-words\">","protected":false},"featured_media":3700,"comment_status":"open","ping_status":"closed","template":"","meta":{"_acf_changed":false},"product_brand":[],"product_cat":[50],"product_tag":[],"class_list":{"0":"post-3696","1":"product","2":"type-product","3":"status-publish","4":"has-post-thumbnail","6":"product_cat-randm-tornado-7000","8":"first","9":"instock","10":"shipping-taxable","11":"purchasable","12":"product-type-variable"},"acf":[],"_links":{"self":[{"href":"https:\/\/vozolpuff.de\/es\/wp-json\/wp\/v2\/product\/3696","targetHints":{"allow":["GET"]}}],"collection":[{"href":"https:\/\/vozolpuff.de\/es\/wp-json\/wp\/v2\/product"}],"about":[{"href":"https:\/\/vozolpuff.de\/es\/wp-json\/wp\/v2\/types\/product"}],"replies":[{"embeddable":true,"href":"https:\/\/vozolpuff.de\/es\/wp-json\/wp\/v2\/comments?post=3696"}],"wp:featuredmedia":[{"embeddable":true,"href":"https:\/\/vozolpuff.de\/es\/wp-json\/wp\/v2\/media\/3700"}],"wp:attachment":[{"href":"https:\/\/vozolpuff.de\/es\/wp-json\/wp\/v2\/media?parent=3696"}],"wp:term":[{"taxonomy":"product_brand","embeddable":true,"href":"https:\/\/vozolpuff.de\/es\/wp-json\/wp\/v2\/product_brand?post=3696"},{"taxonomy":"product_cat","embeddable":true,"href":"https:\/\/vozolpuff.de\/es\/wp-json\/wp\/v2\/product_cat?post=3696"},{"taxonomy":"product_tag","embeddable":true,"href":"https:\/\/vozolpuff.de\/es\/wp-json\/wp\/v2\/product_tag?post=3696"}],"curies":[{"name":"wp","href":"https:\/\/api.w.org\/{rel}","templated":true}]}}