{"id":3705,"date":"2025-09-09T10:13:58","date_gmt":"2025-09-09T08:13:58","guid":{"rendered":"https:\/\/vozolpuff.de\/?post_type=product&#038;p=3705"},"modified":"2025-09-09T10:13:59","modified_gmt":"2025-09-09T08:13:59","slug":"randm-tornado-7000-pineapple-ice","status":"publish","type":"product","link":"https:\/\/vozolpuff.de\/es\/producto\/randm-tornado-7000-pineapple-ice\/","title":{"rendered":"RandM Tornado 7000 Pineapple Ice"},"content":{"rendered":"<h2 class=\"text-xl font-bold text-text-100 mt-1 -mb-0.5\">RandM Tornado 7000 Pineapple Ice e-cigarrillo desechable<\/h2>\n<p class=\"whitespace-normal break-words\">El e-cigarrillo RandM Tornado 7000 Pineapple Ice ofrece unas impresionantes 7000 caladas por dispositivo con una capacidad de e-l\u00edquido de 14ml y concentraciones de nicotina de 0%, 2%, 3% y 5%. El dispositivo cuenta con una bater\u00eda recargable de 850mAh, control de flujo de aire y tecnolog\u00eda de bobina de malla de \u00faltima generaci\u00f3n. Antes de usar el Tornado R&amp;M 7000 Pineapple Ice por primera vez, debes esperar unos 2 minutos despu\u00e9s de llenarlo. Este tiempo de espera asegura la completa absorci\u00f3n del e-l\u00edquido y optimiza su experiencia de vapeo tropical.<\/p>\n<h3 class=\"text-lg font-bold text-text-100 mt-1 -mb-1.5\">RandM Tornado 7000 Pineapple Ice Caracter\u00edsticas:<\/h3>\n<p class=\"whitespace-normal break-words\">El e-cigarrillo desechable RandM Tornado 7000 Pineapple Ice - un potente dispositivo de vapor que combina refresco tropical y rendimiento de primera clase en un elegante paquete. Con una capacidad excepcional de hasta 7000 caladas, este cigarrillo electr\u00f3nico desechable es perfecto para los usuarios que aprecian una experiencia duradera y sabrosa.<\/p>\n<p class=\"whitespace-normal break-words\">Con una potente bater\u00eda de 850mAh y un impresionante dep\u00f3sito de e-l\u00edquido precargado de 14ml, el Pineapple Ice Tornado est\u00e1 preparado para largas sesiones de vapeo. El control de flujo de aire ajustable a\u00f1ade una capa de personalizaci\u00f3n y le permite adaptar su experiencia de vapeo a su gusto.<\/p>\n<p class=\"whitespace-normal break-words\">Dise\u00f1ado para los vapeadores en movimiento, el Tornado destaca por su dise\u00f1o compacto y su mecanismo de encendido por arrastre, que lo hace incre\u00edblemente f\u00e1cil de usar. El sabor Pineapple Ice combina la dulce pi\u00f1a tropical con un refrescante efecto fr\u00edo para una experiencia de vapeo vigorizante. El Tornado 7000 est\u00e1 disponible en opciones de sal de nicotina de 0%, 2%, 3% y 5% y cubre varias necesidades.<\/p>\n<h3 class=\"text-lg font-bold text-text-100 mt-1 -mb-1.5\">Especificaciones t\u00e9cnicas<\/h3>\n<p class=\"whitespace-normal break-words\">\u2611 0% \/2%\/3%\/5% Nicotina<br \/>\nCapacidad de 14 ml de e-l\u00edquido<br \/>\n\u2611 7000 trenes por unidad<br \/>\n\u2611 Regulaci\u00f3n del caudal de aire<br \/>\n\u2611 Recarga de tipo C<br \/>\nBater\u00eda recargable<br \/>\n\u2611 Bater\u00eda recargable integrada de 850 mAh.<\/p>\n<h3 class=\"text-lg font-bold text-text-100 mt-1 -mb-1.5\">Descubre m\u00e1s FUMOT VAPE en vozolpuff<\/h3>\n<p class=\"whitespace-normal break-words\">Consulte nuestra amplia gama de productos en <strong><a class=\"underline\" href=\"https:\/\/vozolpuff.de\/es\/\">P\u00e1gina de inicio<\/a><\/strong>descubra productos de alta calidad en <strong><a class=\"underline\" href=\"https:\/\/vozolpuff.de\/es\/product-category\/fumot-vape\/\">Secci\u00f3n FUMOT VAPE<\/a><\/strong> o explore toda la <strong><a class=\"underline\" href=\"https:\/\/vozolpuff.de\/es\/product-category\/fumot-vape\/randm-tornado-7000\/\">Colecci\u00f3n de sabores RandM Tornado 7000<\/a><\/strong>.<\/p>","protected":false},"excerpt":{"rendered":"<p class=\"whitespace-normal break-words\">El vapeador desechable RandM Tornado 7000 Pineapple Ice combina la dulce pi\u00f1a tropical con un refrescante efecto fr\u00edo para hasta 7000 caladas. Con dep\u00f3sito de e-l\u00edquido de 14ml, bater\u00eda recargable de 850mAh y control de flujo de aire ajustable. Disponible en nicotina 0%, 2%, 3% y 5%. Tecnolog\u00eda de bobina de malla para una experiencia tropical.<\/p>\n<p class=\"whitespace-normal break-words\">","protected":false},"featured_media":3709,"comment_status":"open","ping_status":"closed","template":"","meta":{"_acf_changed":false},"product_brand":[],"product_cat":[50],"product_tag":[],"class_list":{"0":"post-3705","1":"product","2":"type-product","3":"status-publish","4":"has-post-thumbnail","6":"product_cat-randm-tornado-7000","8":"first","9":"instock","10":"shipping-taxable","11":"purchasable","12":"product-type-variable"},"acf":[],"_links":{"self":[{"href":"https:\/\/vozolpuff.de\/es\/wp-json\/wp\/v2\/product\/3705","targetHints":{"allow":["GET"]}}],"collection":[{"href":"https:\/\/vozolpuff.de\/es\/wp-json\/wp\/v2\/product"}],"about":[{"href":"https:\/\/vozolpuff.de\/es\/wp-json\/wp\/v2\/types\/product"}],"replies":[{"embeddable":true,"href":"https:\/\/vozolpuff.de\/es\/wp-json\/wp\/v2\/comments?post=3705"}],"wp:featuredmedia":[{"embeddable":true,"href":"https:\/\/vozolpuff.de\/es\/wp-json\/wp\/v2\/media\/3709"}],"wp:attachment":[{"href":"https:\/\/vozolpuff.de\/es\/wp-json\/wp\/v2\/media?parent=3705"}],"wp:term":[{"taxonomy":"product_brand","embeddable":true,"href":"https:\/\/vozolpuff.de\/es\/wp-json\/wp\/v2\/product_brand?post=3705"},{"taxonomy":"product_cat","embeddable":true,"href":"https:\/\/vozolpuff.de\/es\/wp-json\/wp\/v2\/product_cat?post=3705"},{"taxonomy":"product_tag","embeddable":true,"href":"https:\/\/vozolpuff.de\/es\/wp-json\/wp\/v2\/product_tag?post=3705"}],"curies":[{"name":"wp","href":"https:\/\/api.w.org\/{rel}","templated":true}]}}