{"id":3714,"date":"2025-09-09T10:16:43","date_gmt":"2025-09-09T08:16:43","guid":{"rendered":"https:\/\/vozolpuff.de\/?post_type=product&#038;p=3714"},"modified":"2025-09-09T10:16:43","modified_gmt":"2025-09-09T08:16:43","slug":"randm-tornado-7000-cotton-candy","status":"publish","type":"product","link":"https:\/\/vozolpuff.de\/es\/producto\/randm-tornado-7000-cotton-candy\/","title":{"rendered":"Algod\u00f3n de az\u00facar RandM Tornado 7000"},"content":{"rendered":"<h2 class=\"text-xl font-bold text-text-100 mt-1 -mb-0.5\">e-cigarrillo desechable RandM Tornado 7000 Cotton Candy<\/h2>\n<p class=\"whitespace-normal break-words\">El RandM Tornado 7000 Cotton Candy Vape ofrece unas fant\u00e1sticas 7000 caladas por dispositivo con un relleno de e-l\u00edquido de 14ml y potencias de nicotina de 0%, 2%, 3% y 5%. Tiene una bater\u00eda recargable de 850mAh, control de tiro y tecnolog\u00eda de bobina de malla de \u00faltima generaci\u00f3n. Antes de usar el Tornado R&amp;M 7000 Cotton Candy por primera vez, es aconsejable esperar aproximadamente 2 minutos despu\u00e9s de llenarlo con e-liquid. Este tiempo de remojo asegura una perfecta saturaci\u00f3n del l\u00edquido y maximiza el placer de vapear.<\/p>\n<h3 class=\"text-lg font-bold text-text-100 mt-1 -mb-1.5\">Algod\u00f3n de az\u00facar RandM Tornado 7000 Caracter\u00edsticas:<\/h3>\n<p class=\"whitespace-normal break-words\">El e-cigarrillo desechable RandM Tornado 7000 Cotton Candy es un potente vaporizador que combina la dulzura nost\u00e1lgica y la tecnolog\u00eda moderna en un formato compacto. Con una autonom\u00eda excepcional de hasta 7000 caladas, este cigarrillo electr\u00f3nico desechable es ideal para cualquier persona que anhele una experiencia de vapeo duradera y dulce.<\/p>\n<p class=\"whitespace-normal break-words\">Equipado con una fiable bater\u00eda de 850 mAh y un voluminoso dep\u00f3sito de e-l\u00edquido precargado de 14 ml, el Cotton Candy Tornado garantiza momentos de vapor sin fin. El control de flujo de aire ajustable ofrece opciones de personalizaci\u00f3n adicionales y te permite ajustar con precisi\u00f3n tu experiencia de vapeo.<\/p>\n<p class=\"whitespace-normal break-words\">Dise\u00f1ado para los vapeadores en movimiento, el Tornado impresiona por su pr\u00e1ctico formato y su mecanismo de gatillo activado por extracci\u00f3n, que lo hace extremadamente f\u00e1cil de usar. El sabor Cotton Candy evoca recuerdos de la infancia de algod\u00f3n de az\u00facar con su irresistible nota dulce. El Tornado 7000 est\u00e1 disponible en versiones de sal de nicotina de 0%, 2%, 3% y 5% y cumple diversos requisitos.<\/p>\n<h3 class=\"text-lg font-bold text-text-100 mt-1 -mb-1.5\">Especificaciones del producto<\/h3>\n<p class=\"whitespace-normal break-words\">Variantes de nicotina: 0% \/2%\/3%\/5%<br \/>\nVolumen del dep\u00f3sito: 14 ml<br \/>\n\u2611 Trenes de vapor por unidad: 7000<br \/>\n\u2611 Ajuste del flujo de aire<br \/>\nFunci\u00f3n de carga Type-C<br \/>\nBater\u00eda recargable<br \/>\nBater\u00eda de 850 mAh integrada<\/p>\n<h3 class=\"text-lg font-bold text-text-100 mt-1 -mb-1.5\">Descubre m\u00e1s FUMOT VAPE en vozolpuff<\/h3>\n<p class=\"whitespace-normal break-words\">Visite nuestra variada cartera en nuestra <strong><a class=\"underline\" href=\"https:\/\/vozolpuff.de\/es\/\">P\u00e1gina de inicio<\/a><\/strong>explorar aparatos de vapor de primera clase en el <strong><a class=\"underline\" href=\"https:\/\/vozolpuff.de\/es\/product-category\/fumot-vape\/\">Departamento FUMOT VAPE<\/a><\/strong> o buscar en toda la <strong><a class=\"underline\" href=\"https:\/\/vozolpuff.de\/es\/product-category\/fumot-vape\/randm-tornado-7000\/\">Gama de sabores RandM Tornado 7000<\/a><\/strong>.<\/p>","protected":false},"excerpt":{"rendered":"<p class=\"whitespace-normal break-words\">El vapeador desechable RandM Tornado 7000 Cotton Candy despierta la dulzura nost\u00e1lgica del algod\u00f3n de az\u00facar hasta 7000 caladas. Con tanque de e-l\u00edquido de 14ml, bater\u00eda recargable de 850mAh y control de flujo de aire ajustable. Disponible en nicotina 0%, 2%, 3% y 5%. Tecnolog\u00eda de bobina de malla para una experiencia de dulce recuerdo de la infancia.<\/p>\n<p class=\"whitespace-normal break-words\">","protected":false},"featured_media":3716,"comment_status":"open","ping_status":"closed","template":"","meta":{"_acf_changed":false},"product_brand":[],"product_cat":[50],"product_tag":[],"class_list":{"0":"post-3714","1":"product","2":"type-product","3":"status-publish","4":"has-post-thumbnail","6":"product_cat-randm-tornado-7000","8":"first","9":"instock","10":"shipping-taxable","11":"purchasable","12":"product-type-variable"},"acf":[],"_links":{"self":[{"href":"https:\/\/vozolpuff.de\/es\/wp-json\/wp\/v2\/product\/3714","targetHints":{"allow":["GET"]}}],"collection":[{"href":"https:\/\/vozolpuff.de\/es\/wp-json\/wp\/v2\/product"}],"about":[{"href":"https:\/\/vozolpuff.de\/es\/wp-json\/wp\/v2\/types\/product"}],"replies":[{"embeddable":true,"href":"https:\/\/vozolpuff.de\/es\/wp-json\/wp\/v2\/comments?post=3714"}],"wp:featuredmedia":[{"embeddable":true,"href":"https:\/\/vozolpuff.de\/es\/wp-json\/wp\/v2\/media\/3716"}],"wp:attachment":[{"href":"https:\/\/vozolpuff.de\/es\/wp-json\/wp\/v2\/media?parent=3714"}],"wp:term":[{"taxonomy":"product_brand","embeddable":true,"href":"https:\/\/vozolpuff.de\/es\/wp-json\/wp\/v2\/product_brand?post=3714"},{"taxonomy":"product_cat","embeddable":true,"href":"https:\/\/vozolpuff.de\/es\/wp-json\/wp\/v2\/product_cat?post=3714"},{"taxonomy":"product_tag","embeddable":true,"href":"https:\/\/vozolpuff.de\/es\/wp-json\/wp\/v2\/product_tag?post=3714"}],"curies":[{"name":"wp","href":"https:\/\/api.w.org\/{rel}","templated":true}]}}