{"id":3723,"date":"2025-09-09T10:19:09","date_gmt":"2025-09-09T08:19:09","guid":{"rendered":"https:\/\/vozolpuff.de\/?post_type=product&#038;p=3723"},"modified":"2025-09-09T10:19:09","modified_gmt":"2025-09-09T08:19:09","slug":"randm-tornado-7000-strawberry-banana","status":"publish","type":"product","link":"https:\/\/vozolpuff.de\/es\/producto\/randm-tornado-7000-strawberry-banana\/","title":{"rendered":"RandM Tornado 7000 Fresa Pl\u00e1tano"},"content":{"rendered":"<h2 class=\"text-xl font-bold text-text-100 mt-1 -mb-0.5\">RandM Tornado 7000 Strawberry Banana Cigarrillo electr\u00f3nico desechable<\/h2>\n<p class=\"whitespace-normal break-words\">El RandM Tornado 7000 Strawberry Banana Vape ofrece unas excelentes 7000 caladas por dispositivo con una capacidad de 14 ml de e-l\u00edquido y contenidos de nicotina de 0%, 2%, 3% y 5%. El dispositivo est\u00e1 equipado con una bater\u00eda recargable de 850 mAh, control de tiro y tecnolog\u00eda avanzada de bobina de malla. Antes de utilizar por primera vez el Tornado R&amp;M 7000 Strawberry Banana, se recomienda esperar unos 2 minutos despu\u00e9s de rellenarlo con e-l\u00edquido. Esta fase de espera garantiza una impregnaci\u00f3n \u00f3ptima y perfecciona su experiencia de vapeo afrutada.<\/p>\n<h3 class=\"text-lg font-bold text-text-100 mt-1 -mb-1.5\">Caracter\u00edsticas del RandM Tornado 7000 Strawberry Banana:<\/h3>\n<p class=\"whitespace-normal break-words\">El RandM Tornado 7000 Strawberry Banana Disposable: una potente vaporizadora que combina la cremosa dulzura del pl\u00e1tano con la jugosa frescura de la fresa en una elegante carcasa. Con una impresionante potencia de hasta 7000 caladas, este cigarrillo electr\u00f3nico desechable es ideal para los sibaritas que buscan un aroma afrutado y duradero.<\/p>\n<p class=\"whitespace-normal break-words\">Equipado con una potente bater\u00eda de 850 mAh y un generoso dep\u00f3sito de e-l\u00edquido de 14 ml, el Strawberry Banana Tornado garantiza largos momentos de placer. El control de flujo de aire variable a\u00f1ade un nivel adicional de personalizaci\u00f3n y le permite configurar su experiencia de vapeo seg\u00fan sus preferencias.<\/p>\n<p class=\"whitespace-normal break-words\">Creado para los amantes del vapeo m\u00f3vil, el Tornado destaca por su dise\u00f1o port\u00e1til y su sistema de encendido activado por aspiraci\u00f3n, lo que lo hace muy f\u00e1cil de usar. El sabor Strawberry Banana combina fresas maduras con pl\u00e1tanos cremosos para crear un armonioso aroma afrutado. El Tornado 7000 est\u00e1 disponible en variaciones de sal de nicotina de 0%, 2%, 3% y 5%, y satisface diferentes gustos.<\/p>\n<h3 class=\"text-lg font-bold text-text-100 mt-1 -mb-1.5\">Especificaciones del dispositivo<\/h3>\n<p class=\"whitespace-normal break-words\">Opciones de nicotina: 0% \/2%\/3%\/5%<br \/>\n\u2611 Contenido l\u00edquido: 14 ml<br \/>\n\u2611 Puffs por dispositivo: 7000<br \/>\n\u2611 Ajuste del flujo de aire<br \/>\n\u2611 Cargable con tipo C<br \/>\n\u2611 Pila recargable<br \/>\n\u2611 Fuente de alimentaci\u00f3n integrada de 850 mAh<\/p>\n<h3 class=\"text-lg font-bold text-text-100 mt-1 -mb-1.5\">Descubre m\u00e1s FUMOT VAPE en vozolpuff<\/h3>\n<p class=\"whitespace-normal break-words\">Explore nuestra amplia gama de productos en nuestra <strong><a class=\"underline\" href=\"https:\/\/vozolpuff.de\/es\/\">P\u00e1gina web<\/a><\/strong>, descubra productos de vapeo premium en la <strong><a class=\"underline\" href=\"https:\/\/vozolpuff.de\/es\/product-category\/fumot-vape\/\">Categor\u00eda FUMOT VAPE<\/a><\/strong> o descubra la gama completa <strong><a class=\"underline\" href=\"https:\/\/vozolpuff.de\/es\/product-category\/fumot-vape\/randm-tornado-7000\/\">RandM Tornado 7000 sabor mundo<\/a><\/strong>.<\/p>","protected":false},"excerpt":{"rendered":"<p class=\"whitespace-normal break-words\">El vaporizador desechable RandM Tornado 7000 Strawberry Banana combina fresas maduras con pl\u00e1tanos cremosos para hasta 7000 caladas. Con dep\u00f3sito de e-l\u00edquido de 14 ml, bater\u00eda recargable de 850 mAh y control de flujo de aire ajustable. Disponible en nicotina 0%, 2%, 3% y 5%. Tecnolog\u00eda de bobina de malla para una experiencia frutal armoniosa.<\/p>\n<p class=\"whitespace-normal break-words\">","protected":false},"featured_media":3727,"comment_status":"open","ping_status":"closed","template":"","meta":{"_acf_changed":false},"product_brand":[],"product_cat":[50],"product_tag":[],"class_list":{"0":"post-3723","1":"product","2":"type-product","3":"status-publish","4":"has-post-thumbnail","6":"product_cat-randm-tornado-7000","8":"first","9":"instock","10":"shipping-taxable","11":"purchasable","12":"product-type-variable"},"acf":[],"_links":{"self":[{"href":"https:\/\/vozolpuff.de\/es\/wp-json\/wp\/v2\/product\/3723","targetHints":{"allow":["GET"]}}],"collection":[{"href":"https:\/\/vozolpuff.de\/es\/wp-json\/wp\/v2\/product"}],"about":[{"href":"https:\/\/vozolpuff.de\/es\/wp-json\/wp\/v2\/types\/product"}],"replies":[{"embeddable":true,"href":"https:\/\/vozolpuff.de\/es\/wp-json\/wp\/v2\/comments?post=3723"}],"wp:featuredmedia":[{"embeddable":true,"href":"https:\/\/vozolpuff.de\/es\/wp-json\/wp\/v2\/media\/3727"}],"wp:attachment":[{"href":"https:\/\/vozolpuff.de\/es\/wp-json\/wp\/v2\/media?parent=3723"}],"wp:term":[{"taxonomy":"product_brand","embeddable":true,"href":"https:\/\/vozolpuff.de\/es\/wp-json\/wp\/v2\/product_brand?post=3723"},{"taxonomy":"product_cat","embeddable":true,"href":"https:\/\/vozolpuff.de\/es\/wp-json\/wp\/v2\/product_cat?post=3723"},{"taxonomy":"product_tag","embeddable":true,"href":"https:\/\/vozolpuff.de\/es\/wp-json\/wp\/v2\/product_tag?post=3723"}],"curies":[{"name":"wp","href":"https:\/\/api.w.org\/{rel}","templated":true}]}}