{"id":3732,"date":"2025-09-09T10:21:42","date_gmt":"2025-09-09T08:21:42","guid":{"rendered":"https:\/\/vozolpuff.de\/?post_type=product&#038;p=3732"},"modified":"2025-09-09T10:21:42","modified_gmt":"2025-09-09T08:21:42","slug":"randm-tornado-7000-strawberry-ice","status":"publish","type":"product","link":"https:\/\/vozolpuff.de\/es\/producto\/randm-tornado-7000-strawberry-ice\/","title":{"rendered":"RandM Tornado 7000 Fresa Helada"},"content":{"rendered":"<h2 class=\"text-xl font-bold text-text-100 mt-1 -mb-0.5\">RandM Tornado 7000 Strawberry Ice e-cigarrillo desechable<\/h2>\n<p class=\"whitespace-normal break-words\">El RandM Tornado 7000 Strawberry Ice Vape presenta unas espectaculares 7000 caladas por unidad con un relleno de e-l\u00edquido de 14ml y niveles de nicotina de 0%, 2%, 3% y 5%. Tiene una bater\u00eda recargable de 850mAh, gesti\u00f3n del flujo de aire y una innovadora tecnolog\u00eda de bobina de malla. Antes de usar el Tornado R&amp;M 7000 Strawberry Ice por primera vez, debe esperar unos 2 minutos despu\u00e9s de llenarlo con e-l\u00edquido. Este periodo de reposo asegura una saturaci\u00f3n completa y optimiza tu experiencia de vapeo refrescante y afrutado.<\/p>\n<h3 class=\"text-lg font-bold text-text-100 mt-1 -mb-1.5\">Caracter\u00edsticas del RandM Tornado 7000 Strawberry Ice:<\/h3>\n<p class=\"whitespace-normal break-words\">El vapeador desechable RandM Tornado 7000 Strawberry Ice es un dispositivo de vapor de primera clase que combina la dulzura natural de las fresas maduras con un vigorizante efecto fr\u00edo en un sofisticado envase. Con una notable capacidad de hasta 7000 caladas, este e-cigarrillo desechable es perfecto para los usuarios que desean una experiencia de sabor duradera y refrescante.<\/p>\n<p class=\"whitespace-normal break-words\">Equipado con una robusta bater\u00eda de 850mAh y un dep\u00f3sito de e-l\u00edquido preparado de gran volumen de 14ml, el Strawberry Ice Tornado garantiza fases de vapor de larga duraci\u00f3n. El control de flujo de aire modulable ofrece opciones de personalizaci\u00f3n adicionales y te permite personalizar tu experiencia de vapeo.<\/p>\n<p class=\"whitespace-normal break-words\">Dise\u00f1ado para los vapeadores en movimiento, el Tornado brilla por su tama\u00f1o compacto y su mecanismo de activaci\u00f3n activo a la inhalaci\u00f3n, que lo hacen excepcionalmente f\u00e1cil de usar. El sabor Strawberry Ice combina fresas dulces con un toque refrescante para una experiencia de sabor vigorizante. El Tornado 7000 est\u00e1 disponible en gradaciones de sal de nicotina de 0%, 2%, 3% y 5% y se adapta a diferentes preferencias.<\/p>\n<h3 class=\"text-lg font-bold text-text-100 mt-1 -mb-1.5\">Datos de hardware<\/h3>\n<p class=\"whitespace-normal break-words\">Contenido de nicotina: 0% \/2%\/3%\/5%<br \/>\nVolumen E-Jugo: 14ml<br \/>\n\u2611 Trenes de vapor por unidad: 7000<br \/>\n\u2611 Regulaci\u00f3n del caudal de aire<br \/>\nPuerto de carga Tipo-C<br \/>\nUnidad de bater\u00eda recargable<br \/>\n\u2611 Unidad de almacenamiento de energ\u00eda de 850 mAh incorporada.<\/p>\n<h3 class=\"text-lg font-bold text-text-100 mt-1 -mb-1.5\">Descubre m\u00e1s FUMOT VAPE en vozolpuff<\/h3>\n<p class=\"whitespace-normal break-words\">Explore nuestra amplia gama de productos en <strong><a class=\"underline\" href=\"https:\/\/vozolpuff.de\/es\/\">Plataforma principal<\/a><\/strong>, descubra art\u00edculos de vaping de alta calidad en el <strong><a class=\"underline\" href=\"https:\/\/vozolpuff.de\/es\/product-category\/fumot-vape\/\">Divisi\u00f3n FUMOT VAPE<\/a><\/strong> o navegar por toda la <strong><a class=\"underline\" href=\"https:\/\/vozolpuff.de\/es\/product-category\/fumot-vape\/randm-tornado-7000\/\">RandM Tornado 7000 Variedad de sabores<\/a><\/strong>.<\/p>","protected":false},"excerpt":{"rendered":"<p class=\"whitespace-normal break-words\">El vapeador desechable RandM Tornado 7000 Strawberry Ice combina fresas dulces con un vigorizante efecto fr\u00edo de hasta 7000 caladas. Con dep\u00f3sito de e-liquid de 14ml, bater\u00eda recargable de 850mAh y control de flujo de aire ajustable. Disponible en nicotina 0%, 2%, 3% y 5%. Tecnolog\u00eda Mesh Coil para una experiencia refrescante y afrutada.<\/p>\n<p class=\"whitespace-normal break-words\">","protected":false},"featured_media":3736,"comment_status":"open","ping_status":"closed","template":"","meta":{"_acf_changed":false},"product_brand":[],"product_cat":[50],"product_tag":[],"class_list":{"0":"post-3732","1":"product","2":"type-product","3":"status-publish","4":"has-post-thumbnail","6":"product_cat-randm-tornado-7000","8":"first","9":"instock","10":"shipping-taxable","11":"purchasable","12":"product-type-variable"},"acf":[],"_links":{"self":[{"href":"https:\/\/vozolpuff.de\/es\/wp-json\/wp\/v2\/product\/3732","targetHints":{"allow":["GET"]}}],"collection":[{"href":"https:\/\/vozolpuff.de\/es\/wp-json\/wp\/v2\/product"}],"about":[{"href":"https:\/\/vozolpuff.de\/es\/wp-json\/wp\/v2\/types\/product"}],"replies":[{"embeddable":true,"href":"https:\/\/vozolpuff.de\/es\/wp-json\/wp\/v2\/comments?post=3732"}],"wp:featuredmedia":[{"embeddable":true,"href":"https:\/\/vozolpuff.de\/es\/wp-json\/wp\/v2\/media\/3736"}],"wp:attachment":[{"href":"https:\/\/vozolpuff.de\/es\/wp-json\/wp\/v2\/media?parent=3732"}],"wp:term":[{"taxonomy":"product_brand","embeddable":true,"href":"https:\/\/vozolpuff.de\/es\/wp-json\/wp\/v2\/product_brand?post=3732"},{"taxonomy":"product_cat","embeddable":true,"href":"https:\/\/vozolpuff.de\/es\/wp-json\/wp\/v2\/product_cat?post=3732"},{"taxonomy":"product_tag","embeddable":true,"href":"https:\/\/vozolpuff.de\/es\/wp-json\/wp\/v2\/product_tag?post=3732"}],"curies":[{"name":"wp","href":"https:\/\/api.w.org\/{rel}","templated":true}]}}