{"id":3741,"date":"2025-09-09T10:24:11","date_gmt":"2025-09-09T08:24:11","guid":{"rendered":"https:\/\/vozolpuff.de\/?post_type=product&#038;p=3741"},"modified":"2025-09-09T10:24:12","modified_gmt":"2025-09-09T08:24:12","slug":"randm-tornado-7000-strawberry-kiwi","status":"publish","type":"product","link":"https:\/\/vozolpuff.de\/es\/producto\/randm-tornado-7000-strawberry-kiwi\/","title":{"rendered":"RandM Tornado 7000 Fresa Kiwi"},"content":{"rendered":"<h2 class=\"text-xl font-bold text-text-100 mt-1 -mb-0.5\">RandM Tornado 7000 Strawberry Kiwi Cigarrillo electr\u00f3nico desechable<\/h2>\n<p class=\"whitespace-normal break-words\">El cigarrillo electr\u00f3nico RandM Tornado 7000 Strawberry Kiwi permite realizar la impresionante cantidad de 7000 caladas por unidad con un relleno de 14 ml de e-l\u00edquido y concentraciones de nicotina de 0%, 2%, 3% y 5%. El dispositivo cuenta con una bater\u00eda recargable de 850 mAh, ajuste de tiro y tecnolog\u00eda de bobina de malla de \u00faltima generaci\u00f3n. Antes de utilizar por primera vez el Tornado R&amp;M 7000 Strawberry Kiwi, se recomienda esperar unos 2 minutos despu\u00e9s de rellenarlo con e-l\u00edquido. Esta fase de absorci\u00f3n garantiza la saturaci\u00f3n ideal del l\u00edquido y perfecciona su experiencia de vapeo ex\u00f3tica y afrutada.<\/p>\n<h3 class=\"text-lg font-bold text-text-100 mt-1 -mb-1.5\">RandM Tornado 7000 Strawberry Kiwi Caracter\u00edsticas:<\/h3>\n<p class=\"whitespace-normal break-words\">El cigarrillo electr\u00f3nico desechable RandM Tornado 7000 Strawberry Kiwi: un dispositivo de vapeo de alto rendimiento que combina el dulce encanto de las fresas con la ex\u00f3tica acidez del kiwi en una elegante carcasa. Con una extraordinaria autonom\u00eda de hasta 7000 caladas, este cigarrillo electr\u00f3nico desechable es ideal para los entusiastas que buscan un aroma duradero e intenso.<\/p>\n<p class=\"whitespace-normal break-words\">Equipado con una potente bater\u00eda de 850 mAh y un amplio dep\u00f3sito de e-l\u00edquido precargado de 14 ml, el Strawberry Kiwi Tornado garantiza largas sesiones de vapeo. La regulaci\u00f3n del flujo de aire personalizable a\u00f1ade una dimensi\u00f3n de individualizaci\u00f3n y le permite modificar su experiencia de vapeo seg\u00fan sus preferencias.<\/p>\n<p class=\"whitespace-normal break-words\">Dise\u00f1ado para vapeadores m\u00f3viles, el Tornado destaca por su pr\u00e1ctico dise\u00f1o y su dispositivo de activaci\u00f3n controlado por la respiraci\u00f3n, lo que lo hace extremadamente f\u00e1cil de usar. El sabor Strawberry Kiwi combina fresas dulces con kiwi \u00e1cido para obtener un aroma frutal equilibrado. El Tornado 7000 est\u00e1 disponible en versiones de sal de nicotina de 0%, 2%, 3% y 5%, y satisface una amplia gama de necesidades.<\/p>\n<h3 class=\"text-lg font-bold text-text-100 mt-1 -mb-1.5\">Caracter\u00edsticas t\u00e9cnicas<\/h3>\n<p class=\"whitespace-normal break-words\">Concentraciones de nicotina: 0% \/2%\/3%\/5%<br \/>\n\u2611 Capacidad del dep\u00f3sito: 14 ml<br \/>\n\u2611 Inhalaciones por dispositivo: 7000<br \/>\n\u2611 Modificaci\u00f3n del flujo de aire<br \/>\nFuente de alimentaci\u00f3n Tipo-C<br \/>\nPila recargable<br \/>\n\u2611 Bloque de bater\u00eda integrada de 850 mAh<\/p>\n<h3 class=\"text-lg font-bold text-text-100 mt-1 -mb-1.5\">Descubre m\u00e1s FUMOT VAPE en vozolpuff<\/h3>\n<p class=\"whitespace-normal break-words\">Navegue por nuestra amplia gama de productos en nuestro <strong><a class=\"underline\" href=\"https:\/\/vozolpuff.de\/es\/\">Presencia en l\u00ednea<\/a><\/strong>, descubra art\u00edculos de vapeo de primera clase en la <strong><a class=\"underline\" href=\"https:\/\/vozolpuff.de\/es\/product-category\/fumot-vape\/\">Categor\u00eda FUMOT VAPE<\/a><\/strong> o navegar por toda la <strong><a class=\"underline\" href=\"https:\/\/vozolpuff.de\/es\/product-category\/fumot-vape\/randm-tornado-7000\/\">RandM Tornado 7000 sabor mundo<\/a><\/strong>.<\/p>","protected":false},"excerpt":{"rendered":"<p class=\"whitespace-normal break-words\">El vaporizador desechable RandM Tornado 7000 Strawberry Kiwi combina fresas dulces con kiwi \u00e1cido para hasta 7000 caladas. Con dep\u00f3sito de e-l\u00edquido de 14 ml, bater\u00eda recargable de 850 mAh y control de flujo de aire ajustable. Disponible en nicotina 0%, 2%, 3% y 5%. Tecnolog\u00eda de bobina de malla para una experiencia equilibrada de frutas ex\u00f3ticas.<\/p>\n<p class=\"whitespace-normal break-words\">","protected":false},"featured_media":3745,"comment_status":"open","ping_status":"closed","template":"","meta":{"_acf_changed":false},"product_brand":[],"product_cat":[50],"product_tag":[],"class_list":{"0":"post-3741","1":"product","2":"type-product","3":"status-publish","4":"has-post-thumbnail","6":"product_cat-randm-tornado-7000","8":"first","9":"instock","10":"shipping-taxable","11":"purchasable","12":"product-type-variable"},"acf":[],"_links":{"self":[{"href":"https:\/\/vozolpuff.de\/es\/wp-json\/wp\/v2\/product\/3741","targetHints":{"allow":["GET"]}}],"collection":[{"href":"https:\/\/vozolpuff.de\/es\/wp-json\/wp\/v2\/product"}],"about":[{"href":"https:\/\/vozolpuff.de\/es\/wp-json\/wp\/v2\/types\/product"}],"replies":[{"embeddable":true,"href":"https:\/\/vozolpuff.de\/es\/wp-json\/wp\/v2\/comments?post=3741"}],"wp:featuredmedia":[{"embeddable":true,"href":"https:\/\/vozolpuff.de\/es\/wp-json\/wp\/v2\/media\/3745"}],"wp:attachment":[{"href":"https:\/\/vozolpuff.de\/es\/wp-json\/wp\/v2\/media?parent=3741"}],"wp:term":[{"taxonomy":"product_brand","embeddable":true,"href":"https:\/\/vozolpuff.de\/es\/wp-json\/wp\/v2\/product_brand?post=3741"},{"taxonomy":"product_cat","embeddable":true,"href":"https:\/\/vozolpuff.de\/es\/wp-json\/wp\/v2\/product_cat?post=3741"},{"taxonomy":"product_tag","embeddable":true,"href":"https:\/\/vozolpuff.de\/es\/wp-json\/wp\/v2\/product_tag?post=3741"}],"curies":[{"name":"wp","href":"https:\/\/api.w.org\/{rel}","templated":true}]}}