{"id":3750,"date":"2025-09-09T10:26:51","date_gmt":"2025-09-09T08:26:51","guid":{"rendered":"https:\/\/vozolpuff.de\/?post_type=product&#038;p=3750"},"modified":"2025-09-09T10:26:51","modified_gmt":"2025-09-09T08:26:51","slug":"randm-tornado-7000-red-energy-ice","status":"publish","type":"product","link":"https:\/\/vozolpuff.de\/es\/producto\/randm-tornado-7000-red-energy-ice\/","title":{"rendered":"RandM Tornado 7000 Red Energy Ice"},"content":{"rendered":"<h2 class=\"text-xl font-bold text-text-100 mt-1 -mb-0.5\">e-cigarrillo desechable RandM Tornado 7000 Red Energy Ice<\/h2>\n<p class=\"whitespace-normal break-words\">El RandM Tornado 7000 Red Energy Ice Vape ofrece un excepcional 7000 caladas por dispositivo con una capacidad de e-l\u00edquido de 14ml y niveles de nicotina de 0%, 2%, 3% y 5%. Est\u00e1 equipado con una bater\u00eda recargable de 850mAh, control de flujo de aire y tecnolog\u00eda de bobina de malla progresiva. Antes de usar el Tornado R&amp;M 7000 Red Energy Ice por primera vez, es aconsejable hacer una pausa de unos 2 minutos despu\u00e9s de llenarlo con e-l\u00edquido. Este tiempo de saturaci\u00f3n asegura una absorci\u00f3n \u00f3ptima y maximiza su experiencia de vapor energ\u00e9tico y fresco.<\/p>\n<h3 class=\"text-lg font-bold text-text-100 mt-1 -mb-1.5\">Especificaciones del RandM Tornado 7000 Red Energy Ice:<\/h3>\n<p class=\"whitespace-normal break-words\">El RandM Tornado 7000 Red Energy Ice Desechable es un potente vapeador que combina el vigorizante sabor de la bebida energ\u00e9tica con un refrescante acabado en un moderno envase. Con un notable rendimiento de hasta 7000 caladas, este cigarrillo electr\u00f3nico desechable es perfecto para los usuarios que prefieren una experiencia de sabor duradera y energizante.<\/p>\n<p class=\"whitespace-normal break-words\">Equipado con una potente bater\u00eda de 850mAh y un importante dep\u00f3sito de e-l\u00edquido precargado de 14ml, el Red Energy Ice Tornado garantiza largos periodos de vapor. El control de flujo de aire ajustable proporciona otro nivel de personalizaci\u00f3n y le permite calibrar su experiencia de vapeo a su gusto.<\/p>\n<p class=\"whitespace-normal break-words\">Dise\u00f1ado para los vapeadores en movimiento, el Tornado brilla por su formato port\u00e1til y su mecanismo de encendido controlado por inhalaci\u00f3n, que lo hacen incre\u00edblemente f\u00e1cil de usar. El sabor Red Energy Ice combina el estimulante sabor de las bebidas energ\u00e9ticas con un efecto refrescante para una experiencia de vapeo vigorizante. El Tornado 7000 est\u00e1 disponible en opciones de sal de nicotina de 0%, 2%, 3% y 5% y satisface diferentes preferencias.<\/p>\n<h3 class=\"text-lg font-bold text-text-100 mt-1 -mb-1.5\">Especificaciones del dispositivo<\/h3>\n<p class=\"whitespace-normal break-words\">Variantes de nicotina: 0% \/2%\/3%\/5%<br \/>\n\u2611 Capacidad de l\u00edquido: 14 ml<br \/>\nBocanadas por unidad: 7000<br \/>\n\u2611 Ajuste del caudal de aire<br \/>\n\u2611 Posibilidad de carga tipo C<br \/>\n\u2611 Unidad de alimentaci\u00f3n recargable<br \/>\n\u2611 Fuente de alimentaci\u00f3n integrada de 850 mAh<\/p>\n<h3 class=\"text-lg font-bold text-text-100 mt-1 -mb-1.5\">Descubre m\u00e1s FUMOT VAPE en vozolpuff<\/h3>\n<p class=\"whitespace-normal break-words\">Descubra nuestra amplia oferta en nuestra <strong><a class=\"underline\" href=\"https:\/\/vozolpuff.de\/es\/\">p\u00e1gina web<\/a><\/strong>, descubra los mejores dispositivos para vapeo en la <strong><a class=\"underline\" href=\"https:\/\/vozolpuff.de\/es\/product-category\/fumot-vape\/\">Secci\u00f3n FUMOT VAPE<\/a><\/strong> o navegar por toda la <strong><a class=\"underline\" href=\"https:\/\/vozolpuff.de\/es\/product-category\/fumot-vape\/randm-tornado-7000\/\">Colecci\u00f3n de sabores RandM Tornado 7000<\/a><\/strong>.<\/p>","protected":false},"excerpt":{"rendered":"<p class=\"whitespace-normal break-words\">El vapeador desechable RandM Tornado 7000 Red Energy Ice combina un estimulante sabor a bebida energ\u00e9tica con un efecto refrescante para hasta 7000 caladas. Con dep\u00f3sito de e-l\u00edquido de 14ml, bater\u00eda recargable de 850mAh y control de flujo de aire ajustable. Disponible en nicotina 0%, 2%, 3% y 5%. Tecnolog\u00eda de bobina de malla para una experiencia energizante.<\/p>\n<p class=\"whitespace-normal break-words\">","protected":false},"featured_media":3753,"comment_status":"open","ping_status":"closed","template":"","meta":{"_acf_changed":false},"product_brand":[],"product_cat":[50],"product_tag":[],"class_list":{"0":"post-3750","1":"product","2":"type-product","3":"status-publish","4":"has-post-thumbnail","6":"product_cat-randm-tornado-7000","8":"first","9":"instock","10":"shipping-taxable","11":"purchasable","12":"product-type-variable"},"acf":[],"_links":{"self":[{"href":"https:\/\/vozolpuff.de\/es\/wp-json\/wp\/v2\/product\/3750","targetHints":{"allow":["GET"]}}],"collection":[{"href":"https:\/\/vozolpuff.de\/es\/wp-json\/wp\/v2\/product"}],"about":[{"href":"https:\/\/vozolpuff.de\/es\/wp-json\/wp\/v2\/types\/product"}],"replies":[{"embeddable":true,"href":"https:\/\/vozolpuff.de\/es\/wp-json\/wp\/v2\/comments?post=3750"}],"wp:featuredmedia":[{"embeddable":true,"href":"https:\/\/vozolpuff.de\/es\/wp-json\/wp\/v2\/media\/3753"}],"wp:attachment":[{"href":"https:\/\/vozolpuff.de\/es\/wp-json\/wp\/v2\/media?parent=3750"}],"wp:term":[{"taxonomy":"product_brand","embeddable":true,"href":"https:\/\/vozolpuff.de\/es\/wp-json\/wp\/v2\/product_brand?post=3750"},{"taxonomy":"product_cat","embeddable":true,"href":"https:\/\/vozolpuff.de\/es\/wp-json\/wp\/v2\/product_cat?post=3750"},{"taxonomy":"product_tag","embeddable":true,"href":"https:\/\/vozolpuff.de\/es\/wp-json\/wp\/v2\/product_tag?post=3750"}],"curies":[{"name":"wp","href":"https:\/\/api.w.org\/{rel}","templated":true}]}}