{"id":3759,"date":"2025-09-09T10:29:17","date_gmt":"2025-09-09T08:29:17","guid":{"rendered":"https:\/\/vozolpuff.de\/?post_type=product&#038;p=3759"},"modified":"2025-09-09T10:29:17","modified_gmt":"2025-09-09T08:29:17","slug":"randm-tornado-7000-blue-razz-lemonade","status":"publish","type":"product","link":"https:\/\/vozolpuff.de\/es\/producto\/randm-tornado-7000-blue-razz-lemonade\/","title":{"rendered":"RandM Tornado 7000 Blue Razz Lemonade"},"content":{"rendered":"<h2 class=\"text-xl font-bold text-text-100 mt-1 -mb-0.5\">RandM Tornado 7000 Blue Razz Lemonade e-cigarrillo desechable<\/h2>\n<p class=\"whitespace-normal break-words\">El e-cigarrillo RandM Tornado 7000 Blue Razz Lemonade ofrece la notable cifra de 7000 caladas por dispositivo con un relleno de e-l\u00edquido de 14ml y niveles de nicotina de 0%, 2%, 3% y 5%. El producto tiene una bater\u00eda recargable de 850mAh, regulaci\u00f3n del flujo de aire y una moderna tecnolog\u00eda de bobina de malla. Antes de usar el Tornado R&amp;M 7000 Blue Razz Lemonade por primera vez, debe hacer una pausa de unos 2 minutos despu\u00e9s de llenarlo con e-juice. Esta fase de remojo asegura una saturaci\u00f3n perfecta y optimiza tu experiencia de vapor afrutado-amargo.<\/p>\n<h3 class=\"text-lg font-bold text-text-100 mt-1 -mb-1.5\">RandM Tornado 7000 Blue Razz Lemonade Caracter\u00edsticas:<\/h3>\n<p class=\"whitespace-normal break-words\">El e-cigarrillo desechable RandM Tornado 7000 Blue Razz Lemonade - una obra maestra del vapor que combina la intensidad agridulce de las frambuesas azules con la frescura \u00e1cida de la limonada en un dise\u00f1o compacto. Con una extraordinaria autonom\u00eda de hasta 7000 caladas, este cigarrillo electr\u00f3nico desechable es ideal para los entendidos que aprecian un sabor afrutado refrescante y duradero.<\/p>\n<p class=\"whitespace-normal break-words\">Equipado con una fiable bater\u00eda de 850mAh y un voluminoso contenedor de e-l\u00edquido de 14ml, el Blue Razz Lemonade Tornado permite extensos momentos de vapor. El control de flujo de aire ajustable ofrece opciones de personalizaci\u00f3n adicionales y le permite ajustar con precisi\u00f3n su experiencia de vapeo.<\/p>\n<p class=\"whitespace-normal break-words\">Creado para los aficionados al vapeo sobre la marcha, el Tornado impresiona por su formato port\u00e1til y su mecanismo de gatillo activado por extracci\u00f3n, que lo hacen excepcionalmente f\u00e1cil de usar. El sabor Blue Razz Lemonade combina frambuesas azules con limonada alimonada para una refrescante experiencia de sabor afrutado. El Tornado 7000 est\u00e1 disponible en gradaciones de sal de nicotina de 0%, 2%, 3% y 5% y apela a diferentes sabores.<\/p>\n<h3 class=\"text-lg font-bold text-text-100 mt-1 -mb-1.5\">Especificaciones del producto<\/h3>\n<p class=\"whitespace-normal break-words\">Opciones de nicotina: 0% \/2%\/3%\/5%<br \/>\nContenido del dep\u00f3sito: 14 ml<br \/>\n\u2611 Trenes de vapor por aparato: 7000<br \/>\n\u2611 Ajuste del flujo de aire<br \/>\n\u2611 Carga de tipo C<br \/>\nPila recargable<br \/>\n\u2611 Fuente de alimentaci\u00f3n integrada de 850 mAh.<\/p>\n<h3 class=\"text-lg font-bold text-text-100 mt-1 -mb-1.5\">Descubre m\u00e1s FUMOT VAPE en vozolpuff<\/h3>\n<p class=\"whitespace-normal break-words\">Consulte nuestra amplia cartera en nuestra <strong><a class=\"underline\" href=\"https:\/\/vozolpuff.de\/es\/\">P\u00e1gina web<\/a><\/strong>descubra productos de vapor de alta calidad en <strong><a class=\"underline\" href=\"https:\/\/vozolpuff.de\/es\/product-category\/fumot-vape\/\">Departamento FUMOT VAPE<\/a><\/strong> o explore toda la <strong><a class=\"underline\" href=\"https:\/\/vozolpuff.de\/es\/product-category\/fumot-vape\/randm-tornado-7000\/\">Selecci\u00f3n de sabores RandM Tornado 7000<\/a><\/strong>.<\/p>","protected":false},"excerpt":{"rendered":"<p class=\"whitespace-normal break-words\">El vapeador desechable RandM Tornado 7000 Blue Razz Lemonade combina frambuesas azules dulces y \u00e1cidas con limonada \u00e1cida para hasta 7000 caladas. Con tanque de e-l\u00edquido de 14ml, bater\u00eda recargable de 850mAh y control de flujo de aire ajustable. Disponible en nicotina 0%, 2%, 3% y 5%. Tecnolog\u00eda Mesh Coil para una experiencia refrescante y afrutada.<\/p>\n<p class=\"whitespace-normal break-words\">","protected":false},"featured_media":3763,"comment_status":"open","ping_status":"closed","template":"","meta":{"_acf_changed":false},"product_brand":[],"product_cat":[50],"product_tag":[],"class_list":{"0":"post-3759","1":"product","2":"type-product","3":"status-publish","4":"has-post-thumbnail","6":"product_cat-randm-tornado-7000","8":"first","9":"instock","10":"shipping-taxable","11":"purchasable","12":"product-type-variable"},"acf":[],"_links":{"self":[{"href":"https:\/\/vozolpuff.de\/es\/wp-json\/wp\/v2\/product\/3759","targetHints":{"allow":["GET"]}}],"collection":[{"href":"https:\/\/vozolpuff.de\/es\/wp-json\/wp\/v2\/product"}],"about":[{"href":"https:\/\/vozolpuff.de\/es\/wp-json\/wp\/v2\/types\/product"}],"replies":[{"embeddable":true,"href":"https:\/\/vozolpuff.de\/es\/wp-json\/wp\/v2\/comments?post=3759"}],"wp:featuredmedia":[{"embeddable":true,"href":"https:\/\/vozolpuff.de\/es\/wp-json\/wp\/v2\/media\/3763"}],"wp:attachment":[{"href":"https:\/\/vozolpuff.de\/es\/wp-json\/wp\/v2\/media?parent=3759"}],"wp:term":[{"taxonomy":"product_brand","embeddable":true,"href":"https:\/\/vozolpuff.de\/es\/wp-json\/wp\/v2\/product_brand?post=3759"},{"taxonomy":"product_cat","embeddable":true,"href":"https:\/\/vozolpuff.de\/es\/wp-json\/wp\/v2\/product_cat?post=3759"},{"taxonomy":"product_tag","embeddable":true,"href":"https:\/\/vozolpuff.de\/es\/wp-json\/wp\/v2\/product_tag?post=3759"}],"curies":[{"name":"wp","href":"https:\/\/api.w.org\/{rel}","templated":true}]}}