{"id":3768,"date":"2025-09-09T10:32:02","date_gmt":"2025-09-09T08:32:02","guid":{"rendered":"https:\/\/vozolpuff.de\/?post_type=product&#038;p=3768"},"modified":"2025-09-09T10:32:02","modified_gmt":"2025-09-09T08:32:02","slug":"randm-tornado-7000-red-apple-ice","status":"publish","type":"product","link":"https:\/\/vozolpuff.de\/es\/producto\/randm-tornado-7000-red-apple-ice\/","title":{"rendered":"RandM Tornado 7000 Hielo Manzana Roja"},"content":{"rendered":"<h2 class=\"text-xl font-bold text-text-100 mt-1 -mb-0.5\">e-cigarrillo desechable RandM Tornado 7000 Red Apple Ice<\/h2>\n<p class=\"whitespace-normal break-words\">El RandM Tornado 7000 Red Apple Ice Vape presenta un extraordinario rendimiento de 7000 caladas por unidad con un relleno de e-l\u00edquido de 14ml y niveles de nicotina de 0%, 2%, 3% y 5%. Cuenta con una bater\u00eda recargable de 850mAh, control de tiro y tecnolog\u00eda avanzada de bobina de malla. Antes de usar el Tornado R&amp;M 7000 Red Apple Ice por primera vez, se recomienda esperar unos 2 minutos despu\u00e9s de rellenarlo con e-l\u00edquido. Este tiempo de absorci\u00f3n asegura una saturaci\u00f3n completa y perfecciona tu experiencia de vapor refrescante y afrutado.<\/p>\n<h3 class=\"text-lg font-bold text-text-100 mt-1 -mb-1.5\">RandM Tornado 7000 Hielo Manzana Roja Caracter\u00edsticas:<\/h3>\n<p class=\"whitespace-normal break-words\">El e-cigarrillo desechable RandM Tornado 7000 Red Apple Ice es un dispositivo de vapeo premium que combina la dulzura natural de las manzanas rojas con un vigorizante efecto fr\u00edo en una elegante carcasa. Con una impresionante salida de hasta 7000 caladas, este cigarrillo electr\u00f3nico desechable es ideal para los usuarios que desean una experiencia de sabor dulce y refrescante de larga duraci\u00f3n.<\/p>\n<p class=\"whitespace-normal break-words\">Equipado con una potente bater\u00eda de 850 mAh y un generoso dep\u00f3sito de e-l\u00edquido precargado de 14 ml, el Red Apple Ice Tornado garantiza sesiones de vapor prolongadas. El control de flujo de aire ajustable permite m\u00e1s opciones de personalizaci\u00f3n y le permite configurar su experiencia vaping de acuerdo a sus preferencias.<\/p>\n<p class=\"whitespace-normal break-words\">Desarrollado para los entusiastas del vapeo m\u00f3vil, el Tornado destaca por su dise\u00f1o compacto y su sistema de activaci\u00f3n controlado por inhalaci\u00f3n, que lo hacen extremadamente f\u00e1cil de usar. El sabor Red Apple Ice combina jugosas manzanas rojas con un toque refrescante para una experiencia de vapeo afrutada y refrescante. El Tornado 7000 est\u00e1 disponible en variaciones de sal de nicotina de 0%, 2%, 3% y 5% y satisface una amplia gama de necesidades.<\/p>\n<h3 class=\"text-lg font-bold text-text-100 mt-1 -mb-1.5\">Especificaciones de hardware<\/h3>\n<p class=\"whitespace-normal break-words\">Contenido de nicotina: 0% \/2%\/3%\/5%<br \/>\n\u2611 Volumen del e-l\u00edquido: 14ml<br \/>\n\u2611 Inhalaciones por dispositivo: 7000<br \/>\n\u2611 Regulaci\u00f3n del caudal de aire<br \/>\n\u2611 Recarga de tipo C<br \/>\nFuente de energ\u00eda recargable<br \/>\n\u2611 Bater\u00eda integrada de 850 mAh<\/p>\n<h3 class=\"text-lg font-bold text-text-100 mt-1 -mb-1.5\">Descubre m\u00e1s FUMOT VAPE en vozolpuff<\/h3>\n<p class=\"whitespace-normal break-words\">Consulte nuestra amplia gama de productos en <strong><a class=\"underline\" href=\"https:\/\/vozolpuff.de\/es\/\">P\u00e1gina principal<\/a><\/strong>explore los dispositivos de vapeo premium en <strong><a class=\"underline\" href=\"https:\/\/vozolpuff.de\/es\/product-category\/fumot-vape\/\">Categor\u00eda FUMOT VAPE<\/a><\/strong> o explore la completa <strong><a class=\"underline\" href=\"https:\/\/vozolpuff.de\/es\/product-category\/fumot-vape\/randm-tornado-7000\/\">Gama de sabores RandM Tornado 7000<\/a><\/strong>.<\/p>","protected":false},"excerpt":{"rendered":"<p class=\"whitespace-normal break-words\">El vapeador desechable RandM Tornado 7000 Red Apple Ice combina jugosas manzanas rojas con un vigorizante efecto fr\u00edo de hasta 7000 caladas. Con dep\u00f3sito de e-l\u00edquido de 14ml, bater\u00eda recargable de 850mAh y control de flujo de aire ajustable. Disponible en nicotina 0%, 2%, 3% y 5%. Tecnolog\u00eda de bobina de malla para una experiencia refrescante y dulce.<\/p>\n<p class=\"whitespace-normal break-words\">","protected":false},"featured_media":3770,"comment_status":"open","ping_status":"closed","template":"","meta":{"_acf_changed":false},"product_brand":[],"product_cat":[50],"product_tag":[],"class_list":{"0":"post-3768","1":"product","2":"type-product","3":"status-publish","4":"has-post-thumbnail","6":"product_cat-randm-tornado-7000","8":"first","9":"instock","10":"shipping-taxable","11":"purchasable","12":"product-type-variable"},"acf":[],"_links":{"self":[{"href":"https:\/\/vozolpuff.de\/es\/wp-json\/wp\/v2\/product\/3768","targetHints":{"allow":["GET"]}}],"collection":[{"href":"https:\/\/vozolpuff.de\/es\/wp-json\/wp\/v2\/product"}],"about":[{"href":"https:\/\/vozolpuff.de\/es\/wp-json\/wp\/v2\/types\/product"}],"replies":[{"embeddable":true,"href":"https:\/\/vozolpuff.de\/es\/wp-json\/wp\/v2\/comments?post=3768"}],"wp:featuredmedia":[{"embeddable":true,"href":"https:\/\/vozolpuff.de\/es\/wp-json\/wp\/v2\/media\/3770"}],"wp:attachment":[{"href":"https:\/\/vozolpuff.de\/es\/wp-json\/wp\/v2\/media?parent=3768"}],"wp:term":[{"taxonomy":"product_brand","embeddable":true,"href":"https:\/\/vozolpuff.de\/es\/wp-json\/wp\/v2\/product_brand?post=3768"},{"taxonomy":"product_cat","embeddable":true,"href":"https:\/\/vozolpuff.de\/es\/wp-json\/wp\/v2\/product_cat?post=3768"},{"taxonomy":"product_tag","embeddable":true,"href":"https:\/\/vozolpuff.de\/es\/wp-json\/wp\/v2\/product_tag?post=3768"}],"curies":[{"name":"wp","href":"https:\/\/api.w.org\/{rel}","templated":true}]}}