{"id":3777,"date":"2025-09-09T10:37:07","date_gmt":"2025-09-09T08:37:07","guid":{"rendered":"https:\/\/vozolpuff.de\/?post_type=product&#038;p=3777"},"modified":"2025-09-09T10:37:07","modified_gmt":"2025-09-09T08:37:07","slug":"randm-tornado-7000-berry-lemonade","status":"publish","type":"product","link":"https:\/\/vozolpuff.de\/es\/producto\/randm-tornado-7000-berry-lemonade\/","title":{"rendered":"RandM Tornado 7000 Berry Lemonade"},"content":{"rendered":"<h2 class=\"text-xl font-bold text-text-100 mt-1 -mb-0.5\">e-cigarrillo desechable RandM Tornado 7000 Berry Lemonade<\/h2>\n<p class=\"whitespace-normal break-words\">El e-cigarrillo RandM Tornado 7000 Berry Lemonade permite espectaculares 7000 caladas por unidad con una capacidad de e-l\u00edquido de 14ml y concentraciones de nicotina de 0%, 2%, 3% y 5%. El dispositivo tiene una bater\u00eda recargable de 850mAh, gesti\u00f3n del flujo de aire y una innovadora tecnolog\u00eda de bobina de malla. Antes de usar el Tornado R&amp;M 7000 Berry Lemonade por primera vez, debes esperar aproximadamente 2 minutos despu\u00e9s de rellenar el e-juice. Este periodo de descanso asegura una penetraci\u00f3n ideal y maximiza tu experiencia de vapor refrescante de bayas.<\/p>\n<h3 class=\"text-lg font-bold text-text-100 mt-1 -mb-1.5\">Caracter\u00edsticas del RandM Tornado 7000 Berry Lemonade:<\/h3>\n<p class=\"whitespace-normal break-words\">El RandM Tornado 7000 Berry Lemonade Desechable - un potente vapeador que fusiona la dulce intensidad de la mezcla de bayas con la \u00e1cida acidez de la limonada en un sofisticado envase. Con una notable resistencia de hasta 7000 caladas, este cigarrillo electr\u00f3nico desechable es perfecto para los usuarios que prefieren un sabor duradero, afrutado y refrescante.<\/p>\n<p class=\"whitespace-normal break-words\">Equipado con una robusta bater\u00eda de 850mAh y un amplio tanque de e-l\u00edquido preparado de 14ml, el Berry Lemonade Tornado asegura largas fases de vapor. El control de flujo de aire modulable proporciona niveles de ajuste adicionales y le permite personalizar su experiencia de vapeo.<\/p>\n<p class=\"whitespace-normal break-words\">Dise\u00f1ado para los vapeadores en movimiento, el Tornado brilla por su pr\u00e1ctico formato y su dispositivo de encendido activado por la respiraci\u00f3n, que lo hacen extremadamente f\u00e1cil de usar. El sabor Berry Lemonade combina bayas dulces con limonada alimonada para una experiencia de sabor armoniosa y afrutada. El Tornado 7000 est\u00e1 disponible en versiones de sal de nicotina de 0%, 2%, 3% y 5% y satisface diversas preferencias.<\/p>\n<h3 class=\"text-lg font-bold text-text-100 mt-1 -mb-1.5\">Datos del dispositivo<\/h3>\n<p class=\"whitespace-normal break-words\">Concentraciones de nicotina: 0% \/2%\/3%\/5%<br \/>\n\u2611 Capacidad del envase: 14 ml<br \/>\nBocanadas por unidad: 7000<br \/>\n\u2611 Modificaci\u00f3n del flujo de aire<br \/>\nPuerto de carga Tipo-C<br \/>\nUnidad de bater\u00eda recargable<br \/>\n\u2611 Unidad de almacenamiento de energ\u00eda de 850 mAh incorporada.<\/p>\n<h3 class=\"text-lg font-bold text-text-100 mt-1 -mb-1.5\">Descubre m\u00e1s FUMOT VAPE en vozolpuff<\/h3>\n<p class=\"whitespace-normal break-words\">Explore nuestra amplia gama de productos en <strong><a class=\"underline\" href=\"https:\/\/vozolpuff.de\/es\/\">Plataforma en l\u00ednea<\/a><\/strong>descubra productos de vapor de alta calidad en <strong><a class=\"underline\" href=\"https:\/\/vozolpuff.de\/es\/product-category\/fumot-vape\/\">Divisi\u00f3n FUMOT VAPE<\/a><\/strong> o navegar por toda la <strong><a class=\"underline\" href=\"https:\/\/vozolpuff.de\/es\/product-category\/fumot-vape\/randm-tornado-7000\/\">RandM Tornado 7000 Variedad de sabores<\/a><\/strong>.<\/p>","protected":false},"excerpt":{"rendered":"<p class=\"whitespace-normal break-words\">El vapeador desechable RandM Tornado 7000 Berry Lemonade combina bayas dulces con limonada \u00e1cida. Con 7000 caladas, 14ml de capacidad de e-l\u00edquido, bater\u00eda de 850mAh y tecnolog\u00eda de bobina de malla, ofrece un placer de vapor duradero en 0%, 2%, 3% o 5% nicotina.<\/p>\n<p class=\"whitespace-normal break-words\">","protected":false},"featured_media":3781,"comment_status":"open","ping_status":"closed","template":"","meta":{"_acf_changed":false},"product_brand":[],"product_cat":[50],"product_tag":[],"class_list":{"0":"post-3777","1":"product","2":"type-product","3":"status-publish","4":"has-post-thumbnail","6":"product_cat-randm-tornado-7000","8":"first","9":"instock","10":"shipping-taxable","11":"purchasable","12":"product-type-variable"},"acf":[],"_links":{"self":[{"href":"https:\/\/vozolpuff.de\/es\/wp-json\/wp\/v2\/product\/3777","targetHints":{"allow":["GET"]}}],"collection":[{"href":"https:\/\/vozolpuff.de\/es\/wp-json\/wp\/v2\/product"}],"about":[{"href":"https:\/\/vozolpuff.de\/es\/wp-json\/wp\/v2\/types\/product"}],"replies":[{"embeddable":true,"href":"https:\/\/vozolpuff.de\/es\/wp-json\/wp\/v2\/comments?post=3777"}],"wp:featuredmedia":[{"embeddable":true,"href":"https:\/\/vozolpuff.de\/es\/wp-json\/wp\/v2\/media\/3781"}],"wp:attachment":[{"href":"https:\/\/vozolpuff.de\/es\/wp-json\/wp\/v2\/media?parent=3777"}],"wp:term":[{"taxonomy":"product_brand","embeddable":true,"href":"https:\/\/vozolpuff.de\/es\/wp-json\/wp\/v2\/product_brand?post=3777"},{"taxonomy":"product_cat","embeddable":true,"href":"https:\/\/vozolpuff.de\/es\/wp-json\/wp\/v2\/product_cat?post=3777"},{"taxonomy":"product_tag","embeddable":true,"href":"https:\/\/vozolpuff.de\/es\/wp-json\/wp\/v2\/product_tag?post=3777"}],"curies":[{"name":"wp","href":"https:\/\/api.w.org\/{rel}","templated":true}]}}