{"id":3786,"date":"2025-09-09T10:39:51","date_gmt":"2025-09-09T08:39:51","guid":{"rendered":"https:\/\/vozolpuff.de\/?post_type=product&#038;p=3786"},"modified":"2025-09-09T10:39:51","modified_gmt":"2025-09-09T08:39:51","slug":"randm-tornado-7000-blueberry-bubblegum","status":"publish","type":"product","link":"https:\/\/vozolpuff.de\/es\/producto\/randm-tornado-7000-blueberry-bubblegum\/","title":{"rendered":"RandM Tornado 7000 Blueberry Bubblegum"},"content":{"rendered":"<h2 class=\"text-xl font-bold text-text-100 mt-1 -mb-0.5\">RandM Tornado 7000 Blueberry Bubblegum e-cigarrillo desechable<\/h2>\n<p class=\"whitespace-normal break-words\">El RandM Tornado 7000 Blueberry Bubblegum Vape ofrece un impresionante 7000 caladas por dispositivo con un relleno de e-l\u00edquido de 14ml y niveles de nicotina de 0%, 2%, 3% y 5%. Est\u00e1 equipado con una bater\u00eda recargable de 850mAh, control de tiro y una moderna tecnolog\u00eda de bobina de malla. Antes de usar el Tornado R&amp;M 7000 Blueberry Bubblegum por primera vez, recomendamos un tiempo de espera de unos 2 minutos despu\u00e9s de llenarlo con e-liquid. Esta fase de saturaci\u00f3n asegura una absorci\u00f3n \u00f3ptima y perfecciona su experiencia de vapor dulce y afrutado.<\/p>\n<h3 class=\"text-lg font-bold text-text-100 mt-1 -mb-1.5\">RandM Tornado 7000 Blueberry Bubblegum Caracter\u00edsticas:<\/h3>\n<p class=\"whitespace-normal break-words\">El vapeador desechable RandM Tornado 7000 Blueberry Bubblegum es un dispositivo de vapor de alto rendimiento que combina la dulzura natural de los ar\u00e1ndanos con la nost\u00e1lgica dulzura del chicle en una elegante carcasa. Con un rendimiento excepcional de hasta 7000 caladas, este e-cigarrillo desechable es ideal para los entusiastas que buscan una experiencia de sabor duradera, dulce y afrutada.<\/p>\n<p class=\"whitespace-normal break-words\">Equipado con una potente bater\u00eda de 850mAh y un importante dep\u00f3sito de e-l\u00edquido precargado de 14ml, el Blueberry Bubblegum Tornado garantiza largas sesiones de vapeo. El control de flujo de aire ajustable a\u00f1ade una dimensi\u00f3n de personalizaci\u00f3n y le permite modificar su experiencia de vapeo a su gusto.<\/p>\n<p class=\"whitespace-normal break-words\">Dise\u00f1ado para vapeadores m\u00f3viles, el Tornado impresiona por su dise\u00f1o port\u00e1til y su dispositivo de activaci\u00f3n por arrastre, que lo hace extremadamente f\u00e1cil de usar. El sabor Blueberry Bubblegum combina ar\u00e1ndanos dulces con sabor a chicle para una experiencia de sabor divertida. El Tornado 7000 est\u00e1 disponible en gradaciones de sal de nicotina de 0%, 2%, 3% y 5% y satisface diferentes necesidades.<\/p>\n<h3 class=\"text-lg font-bold text-text-100 mt-1 -mb-1.5\">Caracter\u00edsticas t\u00e9cnicas<\/h3>\n<p class=\"whitespace-normal break-words\">Variantes de nicotina: 0% \/2%\/3%\/5%<br \/>\n\u2611 Capacidad de l\u00edquido: 14 ml<br \/>\n\u2611 Trenes de vapor por unidad: 7000<br \/>\n\u2611 Ajuste del caudal de aire<br \/>\nFuente de alimentaci\u00f3n Tipo-C<br \/>\nPila recargable<br \/>\n\u2611 Fuente de alimentaci\u00f3n integrada de 850 mAh.<\/p>\n<h3 class=\"text-lg font-bold text-text-100 mt-1 -mb-1.5\">Descubre m\u00e1s FUMOT VAPE en vozolpuff<\/h3>\n<p class=\"whitespace-normal break-words\">Navegue por nuestra amplia gama de productos en nuestro <strong><a class=\"underline\" href=\"https:\/\/vozolpuff.de\/es\/\">Presencia en Internet<\/a><\/strong>explore los mejores productos para vapear en <strong><a class=\"underline\" href=\"https:\/\/vozolpuff.de\/es\/product-category\/fumot-vape\/\">Categor\u00eda FUMOT VAPE<\/a><\/strong> o buscar en toda la <strong><a class=\"underline\" href=\"https:\/\/vozolpuff.de\/es\/product-category\/fumot-vape\/randm-tornado-7000\/\">RandM Tornado 7000 sabor mundo<\/a><\/strong>.<\/p>","protected":false},"excerpt":{"rendered":"<p>El vapeador desechable RandM Tornado 7000 Blueberry Bubblegum combina la dulzura natural del ar\u00e1ndano con un nost\u00e1lgico sabor a chicle. Con 7000 caladas, 14ml de capacidad de e-l\u00edquido, bater\u00eda de 850mAh y tecnolog\u00eda de bobina de malla, ofrece un disfrute del vapor duradero en 0%, 2%, 3% o 5% nicotina.repetir<\/p>","protected":false},"featured_media":3789,"comment_status":"open","ping_status":"closed","template":"","meta":{"_acf_changed":false},"product_brand":[],"product_cat":[50],"product_tag":[],"class_list":{"0":"post-3786","1":"product","2":"type-product","3":"status-publish","4":"has-post-thumbnail","6":"product_cat-randm-tornado-7000","8":"first","9":"instock","10":"shipping-taxable","11":"purchasable","12":"product-type-variable"},"acf":[],"_links":{"self":[{"href":"https:\/\/vozolpuff.de\/es\/wp-json\/wp\/v2\/product\/3786","targetHints":{"allow":["GET"]}}],"collection":[{"href":"https:\/\/vozolpuff.de\/es\/wp-json\/wp\/v2\/product"}],"about":[{"href":"https:\/\/vozolpuff.de\/es\/wp-json\/wp\/v2\/types\/product"}],"replies":[{"embeddable":true,"href":"https:\/\/vozolpuff.de\/es\/wp-json\/wp\/v2\/comments?post=3786"}],"wp:featuredmedia":[{"embeddable":true,"href":"https:\/\/vozolpuff.de\/es\/wp-json\/wp\/v2\/media\/3789"}],"wp:attachment":[{"href":"https:\/\/vozolpuff.de\/es\/wp-json\/wp\/v2\/media?parent=3786"}],"wp:term":[{"taxonomy":"product_brand","embeddable":true,"href":"https:\/\/vozolpuff.de\/es\/wp-json\/wp\/v2\/product_brand?post=3786"},{"taxonomy":"product_cat","embeddable":true,"href":"https:\/\/vozolpuff.de\/es\/wp-json\/wp\/v2\/product_cat?post=3786"},{"taxonomy":"product_tag","embeddable":true,"href":"https:\/\/vozolpuff.de\/es\/wp-json\/wp\/v2\/product_tag?post=3786"}],"curies":[{"name":"wp","href":"https:\/\/api.w.org\/{rel}","templated":true}]}}