{"id":3795,"date":"2025-09-09T10:42:32","date_gmt":"2025-09-09T08:42:32","guid":{"rendered":"https:\/\/vozolpuff.de\/?post_type=product&#038;p=3795"},"modified":"2025-09-09T10:42:32","modified_gmt":"2025-09-09T08:42:32","slug":"randm-tornado-7000-bluesour-raspberry","status":"publish","type":"product","link":"https:\/\/vozolpuff.de\/es\/producto\/randm-tornado-7000-bluesour-raspberry\/","title":{"rendered":"RandM Tornado 7000 Bluesour Frambuesa"},"content":{"rendered":"<h2 class=\"text-xl font-bold text-text-100 mt-1 -mb-0.5\">RandM Tornado 7000 Bluesour Raspberry Cigarrillo electr\u00f3nico desechable<\/h2>\n<p class=\"whitespace-normal break-words\">El cigarrillo electr\u00f3nico RandM Tornado 7000 Bluesour Raspberry ofrece la extraordinaria cantidad de 7000 caladas por unidad, con un dep\u00f3sito de 14 ml de e-l\u00edquido y contenidos de nicotina de 0%, 2%, 3% y 5%. El producto cuenta con una bater\u00eda recargable de 850 mAh, ajuste del flujo de aire y tecnolog\u00eda progresiva de bobina de malla. Antes de utilizar por primera vez el Tornado R&amp;M 7000 Bluesour Raspberry, es recomendable esperar unos 2 minutos despu\u00e9s de rellenarlo con e-l\u00edquido. Este tiempo de espera garantiza la impregnaci\u00f3n completa y optimiza su experiencia de vapeo \u00e1cida y afrutada.<\/p>\n<h3 class=\"text-lg font-bold text-text-100 mt-1 -mb-1.5\">Especificaciones del RandM Tornado 7000 Bluesour Raspberry:<\/h3>\n<p class=\"whitespace-normal break-words\">El cigarrillo electr\u00f3nico desechable RandM Tornado 7000 Bluesour Raspberry: una potente experiencia de vapeo que combina el intenso dulzor de las frambuesas azules con un refrescante toque \u00e1cido en un moderno envase. Con una notable autonom\u00eda de hasta 7000 caladas, este cigarrillo electr\u00f3nico desechable es perfecto para los sibaritas que aprecian un aroma frutal intenso y duradero.<\/p>\n<p class=\"whitespace-normal break-words\">Equipado con una potente bater\u00eda de 850 mAh y un voluminoso dep\u00f3sito de e-l\u00edquido precargado de 14 ml, el Bluesour Raspberry Tornado permite periodos de vapeo prolongados. El control de flujo de aire ajustable ofrece m\u00e1s opciones de personalizaci\u00f3n y le permite calibrar su experiencia de vapeo seg\u00fan sus preferencias.<\/p>\n<p class=\"whitespace-normal break-words\">Dise\u00f1ado para vapeadores en movimiento, el Tornado destaca por su formato port\u00e1til y su mecanismo de encendido controlado por inhalaci\u00f3n, lo que lo hace muy f\u00e1cil de usar. El sabor Bluesour Raspberry combina frambuesas azules con notas \u00e1cidas para una experiencia de vapeo intensamente afrutada. El Tornado 7000 est\u00e1 disponible en opciones de sal de nicotina de 0%, 2%, 3% y 5%, y satisface diferentes gustos.<\/p>\n<h3 class=\"text-lg font-bold text-text-100 mt-1 -mb-1.5\">datos del producto<\/h3>\n<p class=\"whitespace-normal break-words\">Opciones de nicotina: 0% \/2%\/3%\/5%<br \/>\nVolumen del dep\u00f3sito: 14 ml<br \/>\n\u2611 Inhalaciones por dispositivo: 7000<br \/>\n\u2611 Ajuste del flujo de aire<br \/>\n\u2611 Posibilidad de carga tipo C<br \/>\n\u2611 Unidad de alimentaci\u00f3n recargable<br \/>\n\u2611 Fuente de alimentaci\u00f3n integrada de 850 mAh<\/p>\n<h3 class=\"text-lg font-bold text-text-100 mt-1 -mb-1.5\">Descubre m\u00e1s FUMOT VAPE en vozolpuff<\/h3>\n<p class=\"whitespace-normal break-words\">Descubra nuestra amplia oferta en nuestra <strong><a class=\"underline\" href=\"https:\/\/vozolpuff.de\/es\/\">p\u00e1gina web<\/a><\/strong>, descubra los mejores dispositivos para vapeo en la <strong><a class=\"underline\" href=\"https:\/\/vozolpuff.de\/es\/product-category\/fumot-vape\/\">Secci\u00f3n FUMOT VAPE<\/a><\/strong> o explore la completa <strong><a class=\"underline\" href=\"https:\/\/vozolpuff.de\/es\/product-category\/fumot-vape\/randm-tornado-7000\/\">Colecci\u00f3n de sabores RandM Tornado 7000<\/a><\/strong>.<\/p>","protected":false},"excerpt":{"rendered":"<p>El vaporizador desechable RandM Tornado 7000 Bluesour Raspberry combina el intenso dulzor de la frambuesa azul con una refrescante acidez. Con 7000 caladas, 14 ml de capacidad de e-l\u00edquido, bater\u00eda de 850 mAh y tecnolog\u00eda de bobina de malla, ofrece un placer de vapeo duradero en nicotina 0%, 2%, 3% o 5%. Repetir<\/p>","protected":false},"featured_media":3799,"comment_status":"open","ping_status":"closed","template":"","meta":{"_acf_changed":false},"product_brand":[],"product_cat":[50],"product_tag":[],"class_list":{"0":"post-3795","1":"product","2":"type-product","3":"status-publish","4":"has-post-thumbnail","6":"product_cat-randm-tornado-7000","8":"first","9":"instock","10":"shipping-taxable","11":"purchasable","12":"product-type-variable"},"acf":[],"_links":{"self":[{"href":"https:\/\/vozolpuff.de\/es\/wp-json\/wp\/v2\/product\/3795","targetHints":{"allow":["GET"]}}],"collection":[{"href":"https:\/\/vozolpuff.de\/es\/wp-json\/wp\/v2\/product"}],"about":[{"href":"https:\/\/vozolpuff.de\/es\/wp-json\/wp\/v2\/types\/product"}],"replies":[{"embeddable":true,"href":"https:\/\/vozolpuff.de\/es\/wp-json\/wp\/v2\/comments?post=3795"}],"wp:featuredmedia":[{"embeddable":true,"href":"https:\/\/vozolpuff.de\/es\/wp-json\/wp\/v2\/media\/3799"}],"wp:attachment":[{"href":"https:\/\/vozolpuff.de\/es\/wp-json\/wp\/v2\/media?parent=3795"}],"wp:term":[{"taxonomy":"product_brand","embeddable":true,"href":"https:\/\/vozolpuff.de\/es\/wp-json\/wp\/v2\/product_brand?post=3795"},{"taxonomy":"product_cat","embeddable":true,"href":"https:\/\/vozolpuff.de\/es\/wp-json\/wp\/v2\/product_cat?post=3795"},{"taxonomy":"product_tag","embeddable":true,"href":"https:\/\/vozolpuff.de\/es\/wp-json\/wp\/v2\/product_tag?post=3795"}],"curies":[{"name":"wp","href":"https:\/\/api.w.org\/{rel}","templated":true}]}}