{"id":3804,"date":"2025-09-09T10:45:19","date_gmt":"2025-09-09T08:45:19","guid":{"rendered":"https:\/\/vozolpuff.de\/?post_type=product&#038;p=3804"},"modified":"2025-09-09T10:45:20","modified_gmt":"2025-09-09T08:45:20","slug":"randm-tornado-7000-mr-blue","status":"publish","type":"product","link":"https:\/\/vozolpuff.de\/es\/producto\/randm-tornado-7000-mr-blue\/","title":{"rendered":"RandM Tornado 7000 Mr Azul"},"content":{"rendered":"<h2 class=\"text-xl font-bold text-text-100 mt-1 -mb-0.5\">RandM Tornado 7000 Mr Blue cigarrillo electr\u00f3nico desechable<\/h2>\n<p class=\"whitespace-normal break-words\">El RandM Tornado 7000 Mr Blue Vape presenta un notable 7000 caladas por unidad con una capacidad de e-l\u00edquido de 14ml y niveles de nicotina de 0%, 2%, 3% y 5%. Tiene una bater\u00eda recargable de 850mAh, control de tiro y una moderna tecnolog\u00eda de bobina de malla. Antes de usar el Tornado R&amp;M 7000 Mr Blue por primera vez, debe hacer una pausa de unos 2 minutos despu\u00e9s de llenarlo con e-l\u00edquido. Este periodo de absorci\u00f3n asegura una saturaci\u00f3n perfecta y maximiza su intensa experiencia de vapor de bayas.<\/p>\n<h3 class=\"text-lg font-bold text-text-100 mt-1 -mb-1.5\">RandM Tornado 7000 Mr Blue Caracter\u00edsticas:<\/h3>\n<p class=\"whitespace-normal break-words\">El RandM Tornado 7000 Mr Blue Desechable - una obra maestra del vapor que combina la compleja dulzura de la mezcla de bayas azules con una misteriosa profundidad en un dise\u00f1o compacto. Con una extraordinaria resistencia de hasta 7000 caladas, este cigarrillo electr\u00f3nico desechable es ideal para los usuarios que prefieren una experiencia de sabor duradera y con m\u00faltiples capas.<\/p>\n<p class=\"whitespace-normal break-words\">Equipado con una fiable bater\u00eda de 850mAh y un generoso dep\u00f3sito de e-l\u00edquido de 14ml, el Mr Blue Tornado garantiza momentos de vapeo prolongados. El control de flujo de aire ajustable proporciona niveles de personalizaci\u00f3n adicionales y le permite ajustar con precisi\u00f3n su experiencia de vapeo.<\/p>\n<p class=\"whitespace-normal break-words\">Creado para los aficionados al vapeo sobre la marcha, el Tornado impresiona por su pr\u00e1ctico formato y su mecanismo de gatillo activado por extracci\u00f3n, que lo hacen excepcionalmente f\u00e1cil de usar. El sabor Mr Blue ofrece una compleja mezcla de frutas azules para una profunda experiencia de sabor a bayas. El Tornado 7000 est\u00e1 disponible en variaciones de sal de nicotina de 0%, 2%, 3% y 5% y satisface una amplia gama de necesidades.<\/p>\n<h3 class=\"text-lg font-bold text-text-100 mt-1 -mb-1.5\">Especificaciones del dispositivo<\/h3>\n<p class=\"whitespace-normal break-words\">Concentraciones de nicotina: 0% \/2%\/3%\/5%<br \/>\nContenido del envase: 14 ml<br \/>\nBocanadas por unidad: 7000<br \/>\n\u2611 Regulaci\u00f3n del caudal de aire<br \/>\n\u2611 Carga de tipo C<br \/>\nPila recargable<br \/>\n\u2611 Fuente de alimentaci\u00f3n integrada de 850 mAh.<\/p>\n<h3 class=\"text-lg font-bold text-text-100 mt-1 -mb-1.5\">Descubre m\u00e1s FUMOT VAPE en vozolpuff<\/h3>\n<p class=\"whitespace-normal break-words\">Consulte nuestra amplia cartera en nuestra <strong><a class=\"underline\" href=\"https:\/\/vozolpuff.de\/es\/\">P\u00e1gina de inicio<\/a><\/strong>descubra productos de vapor de alta calidad en <strong><a class=\"underline\" href=\"https:\/\/vozolpuff.de\/es\/product-category\/fumot-vape\/\">Departamento FUMOT VAPE<\/a><\/strong> o explore la completa <strong><a class=\"underline\" href=\"https:\/\/vozolpuff.de\/es\/product-category\/fumot-vape\/randm-tornado-7000\/\">Selecci\u00f3n de sabores RandM Tornado 7000<\/a><\/strong>.<\/p>","protected":false},"excerpt":{"rendered":"<p>El vapeador desechable RandM Tornado 7000 Mr Blue combina la compleja dulzura de la mezcla de bayas azules con una misteriosa profundidad. Con 7000 caladas, 14ml de capacidad de e-liquido, bater\u00eda de 850mAh y tecnolog\u00eda de bobina de malla, ofrece un disfrute del vapor de larga duraci\u00f3n en 0%, 2%, 3% o 5% nicotine.repeat<\/p>","protected":false},"featured_media":3808,"comment_status":"open","ping_status":"closed","template":"","meta":{"_acf_changed":false},"product_brand":[],"product_cat":[50],"product_tag":[],"class_list":{"0":"post-3804","1":"product","2":"type-product","3":"status-publish","4":"has-post-thumbnail","6":"product_cat-randm-tornado-7000","8":"first","9":"instock","10":"shipping-taxable","11":"purchasable","12":"product-type-variable"},"acf":[],"_links":{"self":[{"href":"https:\/\/vozolpuff.de\/es\/wp-json\/wp\/v2\/product\/3804","targetHints":{"allow":["GET"]}}],"collection":[{"href":"https:\/\/vozolpuff.de\/es\/wp-json\/wp\/v2\/product"}],"about":[{"href":"https:\/\/vozolpuff.de\/es\/wp-json\/wp\/v2\/types\/product"}],"replies":[{"embeddable":true,"href":"https:\/\/vozolpuff.de\/es\/wp-json\/wp\/v2\/comments?post=3804"}],"wp:featuredmedia":[{"embeddable":true,"href":"https:\/\/vozolpuff.de\/es\/wp-json\/wp\/v2\/media\/3808"}],"wp:attachment":[{"href":"https:\/\/vozolpuff.de\/es\/wp-json\/wp\/v2\/media?parent=3804"}],"wp:term":[{"taxonomy":"product_brand","embeddable":true,"href":"https:\/\/vozolpuff.de\/es\/wp-json\/wp\/v2\/product_brand?post=3804"},{"taxonomy":"product_cat","embeddable":true,"href":"https:\/\/vozolpuff.de\/es\/wp-json\/wp\/v2\/product_cat?post=3804"},{"taxonomy":"product_tag","embeddable":true,"href":"https:\/\/vozolpuff.de\/es\/wp-json\/wp\/v2\/product_tag?post=3804"}],"curies":[{"name":"wp","href":"https:\/\/api.w.org\/{rel}","templated":true}]}}