{"id":3813,"date":"2025-09-09T10:47:54","date_gmt":"2025-09-09T08:47:54","guid":{"rendered":"https:\/\/vozolpuff.de\/?post_type=product&#038;p=3813"},"modified":"2025-09-09T10:47:55","modified_gmt":"2025-09-09T08:47:55","slug":"randm-tornado-7000-apple-peach-pear","status":"publish","type":"product","link":"https:\/\/vozolpuff.de\/es\/producto\/randm-tornado-7000-apple-peach-pear\/","title":{"rendered":"RandM Tornado 7000 Manzana Melocot\u00f3n Pera"},"content":{"rendered":"<h2 class=\"text-xl font-bold text-text-100 mt-1 -mb-0.5\">RandM Tornado 7000 Manzana Melocot\u00f3n Pera e-cigarrillo desechable<\/h2>\n<p class=\"whitespace-normal break-words\">El e-cigarrillo RandM Tornado 7000 Apple Peach Pear permite realizar 7000 caladas por dispositivo con un e-l\u00edquido de 14ml y concentraciones de nicotina de 0%, 2%, 3% y 5%. El dispositivo est\u00e1 equipado con una bater\u00eda recargable de 850mAh, gesti\u00f3n del flujo de aire y tecnolog\u00eda avanzada de bobina de malla. Antes de usar el Tornado R&amp;M 7000 Apple Peach Pear por primera vez, recomendamos una fase de espera de unos 2 minutos despu\u00e9s de rellenarlo con e-l\u00edquido. Este tiempo de reposo asegura una absorci\u00f3n \u00f3ptima y perfecciona tu experiencia de vapor triplemente afrutada.<\/p>\n<h3 class=\"text-lg font-bold text-text-100 mt-1 -mb-1.5\">RandM Tornado 7000 Manzana Melocot\u00f3n Pera Caracter\u00edsticas:<\/h3>\n<p class=\"whitespace-normal break-words\">El e-cigarrillo desechable RandM Tornado 7000 Apple Peach Pear es un dispositivo de vapeo premium que orquesta la dulzura armoniosa de manzanas, melocotones y peras en una elegante carcasa. Con una impresionante salida de hasta 7000 caladas, este cigarrillo electr\u00f3nico desechable es ideal para los entusiastas que desean un sabor afrutado duradero y complejo.<\/p>\n<p class=\"whitespace-normal break-words\">Equipado con una potente bater\u00eda de 850 mAh y un espacioso dep\u00f3sito de e-l\u00edquido precargado de 14 ml, el Tornado Apple Peach Pear garantiza sesiones de vapor prolongadas. El control de flujo de aire modulable ofrece m\u00e1s opciones de personalizaci\u00f3n y te permite configurar tu experiencia de vapeo seg\u00fan tus preferencias.<\/p>\n<p class=\"whitespace-normal break-words\">Desarrollado para los amantes del vapeo m\u00f3vil, el Tornado destaca por su dise\u00f1o compacto y su sistema de activaci\u00f3n controlado por inhalaci\u00f3n, que lo hace extremadamente f\u00e1cil de usar. El sabor Pera Melocot\u00f3n Manzana combina tres frutas cl\u00e1sicas para una experiencia de sabor equilibrada y con m\u00faltiples capas. El Tornado 7000 est\u00e1 disponible en versiones de sal de nicotina de 0%, 2%, 3% y 5% y satisface diferentes necesidades.<\/p>\n<h3 class=\"text-lg font-bold text-text-100 mt-1 -mb-1.5\">Datos de hardware<\/h3>\n<p class=\"whitespace-normal break-words\">Contenido de nicotina: 0% \/2%\/3%\/5%<br \/>\n\u2611 Capacidad de e-l\u00edquido: 14ml<br \/>\n\u2611 Trenes de vapor por unidad: 7000<br \/>\n\u2611 Modificaci\u00f3n del flujo de aire<br \/>\n\u2611 Recarga de tipo C<br \/>\nFuente de energ\u00eda recargable<br \/>\n\u2611 Bater\u00eda integrada de 850 mAh<\/p>\n<h3 class=\"text-lg font-bold text-text-100 mt-1 -mb-1.5\">Descubre m\u00e1s FUMOT VAPE en vozolpuff<\/h3>\n<p class=\"whitespace-normal break-words\">Consulte nuestra amplia gama de productos en <strong><a class=\"underline\" href=\"https:\/\/vozolpuff.de\/es\/\">Plataforma principal<\/a><\/strong>explore los dispositivos de vapeo premium en <strong><a class=\"underline\" href=\"https:\/\/vozolpuff.de\/es\/product-category\/fumot-vape\/\">Categor\u00eda FUMOT VAPE<\/a><\/strong> o navegar por toda la <strong><a class=\"underline\" href=\"https:\/\/vozolpuff.de\/es\/product-category\/fumot-vape\/randm-tornado-7000\/\">Gama de sabores RandM Tornado 7000<\/a><\/strong>.<\/p>","protected":false},"excerpt":{"rendered":"<p>El vapeador desechable RandM Tornado 7000 Apple Peach Pear orquesta la armoniosa dulzura de las manzanas, los melocotones y las peras. Con 7000 caladas, 14ml de capacidad de e-l\u00edquido, bater\u00eda de 850mAh y tecnolog\u00eda de bobina de malla, ofrece un disfrute del vapor duradero en nicotina 0%, 2%, 3% o 5%.<\/p>","protected":false},"featured_media":3817,"comment_status":"open","ping_status":"closed","template":"","meta":{"_acf_changed":false},"product_brand":[],"product_cat":[50],"product_tag":[],"class_list":{"0":"post-3813","1":"product","2":"type-product","3":"status-publish","4":"has-post-thumbnail","6":"product_cat-randm-tornado-7000","8":"first","9":"instock","10":"shipping-taxable","11":"purchasable","12":"product-type-variable"},"acf":[],"_links":{"self":[{"href":"https:\/\/vozolpuff.de\/es\/wp-json\/wp\/v2\/product\/3813","targetHints":{"allow":["GET"]}}],"collection":[{"href":"https:\/\/vozolpuff.de\/es\/wp-json\/wp\/v2\/product"}],"about":[{"href":"https:\/\/vozolpuff.de\/es\/wp-json\/wp\/v2\/types\/product"}],"replies":[{"embeddable":true,"href":"https:\/\/vozolpuff.de\/es\/wp-json\/wp\/v2\/comments?post=3813"}],"wp:featuredmedia":[{"embeddable":true,"href":"https:\/\/vozolpuff.de\/es\/wp-json\/wp\/v2\/media\/3817"}],"wp:attachment":[{"href":"https:\/\/vozolpuff.de\/es\/wp-json\/wp\/v2\/media?parent=3813"}],"wp:term":[{"taxonomy":"product_brand","embeddable":true,"href":"https:\/\/vozolpuff.de\/es\/wp-json\/wp\/v2\/product_brand?post=3813"},{"taxonomy":"product_cat","embeddable":true,"href":"https:\/\/vozolpuff.de\/es\/wp-json\/wp\/v2\/product_cat?post=3813"},{"taxonomy":"product_tag","embeddable":true,"href":"https:\/\/vozolpuff.de\/es\/wp-json\/wp\/v2\/product_tag?post=3813"}],"curies":[{"name":"wp","href":"https:\/\/api.w.org\/{rel}","templated":true}]}}