{"id":3822,"date":"2025-09-09T10:50:27","date_gmt":"2025-09-09T08:50:27","guid":{"rendered":"https:\/\/vozolpuff.de\/?post_type=product&#038;p=3822"},"modified":"2025-09-09T10:50:27","modified_gmt":"2025-09-09T08:50:27","slug":"randm-tornado-7000-blueberry-pomegranate","status":"publish","type":"product","link":"https:\/\/vozolpuff.de\/es\/producto\/randm-tornado-7000-blueberry-pomegranate\/","title":{"rendered":"RandM Tornado 7000 Ar\u00e1ndano Granada"},"content":{"rendered":"<h2 class=\"text-xl font-bold text-text-100 mt-1 -mb-0.5\">RandM Tornado 7000 Blueberry Pomegranate Cigarrillo electr\u00f3nico desechable<\/h2>\n<p class=\"whitespace-normal break-words\">El vaporizador RandM Tornado 7000 Blueberry Pomegranate ofrece la espectacular cifra de 7000 caladas por unidad, con una capacidad de 14 ml de e-l\u00edquido y niveles de nicotina de 0%, 2%, 3% y 5%. Cuenta con una bater\u00eda recargable de 850 mAh, control de tiro e innovadora tecnolog\u00eda de bobina de malla. Antes de utilizar por primera vez el Tornado R&amp;M 7000 Blueberry Pomegranate, debe esperar unos 2 minutos despu\u00e9s de rellenarlo con e-l\u00edquido. Este tiempo de saturaci\u00f3n garantiza una penetraci\u00f3n ideal y maximiza su experiencia de vapeo rica en antioxidantes.<\/p>\n<h3 class=\"text-lg font-bold text-text-100 mt-1 -mb-1.5\">RandM Tornado 7000 Blueberry Pomegranate Caracter\u00edsticas:<\/h3>\n<p class=\"whitespace-normal break-words\">El RandM Tornado 7000 Blueberry Pomegranate Disposable: una potencia de vapeo que fusiona la dulce intensidad de los ar\u00e1ndanos con la complejidad agridulce de las granadas en un sofisticado envase. Con una notable autonom\u00eda de hasta 7000 caladas, este cigarrillo electr\u00f3nico desechable es perfecto para los sibaritas que aprecian una experiencia de sabor duradera y sofisticada.<\/p>\n<p class=\"whitespace-normal break-words\">Equipado con una bater\u00eda robusta de 850 mAh y un considerable dep\u00f3sito de e-l\u00edquido preparado de 14 ml, el Blueberry Pomegranate Tornado garantiza largas sesiones de vapeo. El control de flujo de aire regulable ofrece niveles adicionales de personalizaci\u00f3n y le permite ajustar su experiencia de vapeo de forma individual.<\/p>\n<p class=\"whitespace-normal break-words\">Dise\u00f1ado para vapear sobre la marcha, Tornado destaca por su pr\u00e1ctico formato y su dispositivo de encendido activado por inhalaci\u00f3n, lo que lo hace extremadamente f\u00e1cil de usar. El sabor Blueberry Pomegranate combina ar\u00e1ndanos dulces con granada agridulce para ofrecer una experiencia de vapeo elegante y afrutada. El Tornado 7000 est\u00e1 disponible en concentraciones de sal de nicotina de 0%, 2%, 3% y 5%, y se adapta a diferentes preferencias.<\/p>\n<h3 class=\"text-lg font-bold text-text-100 mt-1 -mb-1.5\">Especificaciones t\u00e9cnicas<\/h3>\n<p class=\"whitespace-normal break-words\">Variantes de nicotina: 0% \/2%\/3%\/5%<br \/>\n\u2611 Volumen de l\u00edquido: 14 ml<br \/>\n\u2611 Inhalaciones por unidad: 7000<br \/>\n\u2611 Ajuste del caudal de aire<br \/>\nPuerto de carga Tipo-C<br \/>\nUnidad de bater\u00eda recargable<br \/>\n\u2611 Unidad de almacenamiento de energ\u00eda de 850 mAh incorporada.<\/p>\n<h3 class=\"text-lg font-bold text-text-100 mt-1 -mb-1.5\">Descubre m\u00e1s FUMOT VAPE en vozolpuff<\/h3>\n<p class=\"whitespace-normal break-words\">Explore nuestra amplia gama de productos en <strong><a class=\"underline\" href=\"https:\/\/vozolpuff.de\/es\/\">P\u00e1gina web<\/a><\/strong>descubra productos de vapor de alta calidad en <strong><a class=\"underline\" href=\"https:\/\/vozolpuff.de\/es\/product-category\/fumot-vape\/\">Divisi\u00f3n FUMOT VAPE<\/a><\/strong> o navegar por toda la <strong><a class=\"underline\" href=\"https:\/\/vozolpuff.de\/es\/product-category\/fumot-vape\/randm-tornado-7000\/\">RandM Tornado 7000 Variedad de sabores<\/a><\/strong>.<\/p>","protected":false},"excerpt":{"rendered":"<p>El vaporizador desechable RandM Tornado 7000 Blueberry Pomegranate combina el dulzor de los ar\u00e1ndanos con la complejidad agridulce de la granada. Con 7000 caladas, 14 ml de capacidad de e-l\u00edquido, una bater\u00eda de 850 mAh y tecnolog\u00eda de bobina de malla, ofrece un disfrute prolongado del vapor en nicotina 0%, 2%, 3% o 5%. Repetir<\/p>","protected":false},"featured_media":3826,"comment_status":"open","ping_status":"closed","template":"","meta":{"_acf_changed":false},"product_brand":[],"product_cat":[50],"product_tag":[],"class_list":{"0":"post-3822","1":"product","2":"type-product","3":"status-publish","4":"has-post-thumbnail","6":"product_cat-randm-tornado-7000","8":"first","9":"instock","10":"shipping-taxable","11":"purchasable","12":"product-type-variable"},"acf":[],"_links":{"self":[{"href":"https:\/\/vozolpuff.de\/es\/wp-json\/wp\/v2\/product\/3822","targetHints":{"allow":["GET"]}}],"collection":[{"href":"https:\/\/vozolpuff.de\/es\/wp-json\/wp\/v2\/product"}],"about":[{"href":"https:\/\/vozolpuff.de\/es\/wp-json\/wp\/v2\/types\/product"}],"replies":[{"embeddable":true,"href":"https:\/\/vozolpuff.de\/es\/wp-json\/wp\/v2\/comments?post=3822"}],"wp:featuredmedia":[{"embeddable":true,"href":"https:\/\/vozolpuff.de\/es\/wp-json\/wp\/v2\/media\/3826"}],"wp:attachment":[{"href":"https:\/\/vozolpuff.de\/es\/wp-json\/wp\/v2\/media?parent=3822"}],"wp:term":[{"taxonomy":"product_brand","embeddable":true,"href":"https:\/\/vozolpuff.de\/es\/wp-json\/wp\/v2\/product_brand?post=3822"},{"taxonomy":"product_cat","embeddable":true,"href":"https:\/\/vozolpuff.de\/es\/wp-json\/wp\/v2\/product_cat?post=3822"},{"taxonomy":"product_tag","embeddable":true,"href":"https:\/\/vozolpuff.de\/es\/wp-json\/wp\/v2\/product_tag?post=3822"}],"curies":[{"name":"wp","href":"https:\/\/api.w.org\/{rel}","templated":true}]}}