{"id":3839,"date":"2025-09-10T05:30:08","date_gmt":"2025-09-10T03:30:08","guid":{"rendered":"https:\/\/vozolpuff.de\/?post_type=product&#038;p=3839"},"modified":"2025-09-10T05:30:08","modified_gmt":"2025-09-10T03:30:08","slug":"randm-tornado-7000-vimto","status":"publish","type":"product","link":"https:\/\/vozolpuff.de\/es\/producto\/randm-tornado-7000-vimto\/","title":{"rendered":"RandM Tornado 7000 Vimto"},"content":{"rendered":"<h2 class=\"text-xl font-bold text-text-100 mt-1 -mb-0.5\">RandM Tornado 7000 Vimto cigarrillo electr\u00f3nico desechable<\/h2>\n<p class=\"whitespace-normal break-words\">Experimenta el ic\u00f3nico sabor de Vimto con el cigarrillo electr\u00f3nico desechable RandM Tornado 7000 Puffs. Este dispositivo de vapeo premium combina el cl\u00e1sico sabor a bayas y uvas de Vimto con la tecnolog\u00eda de vapeo m\u00e1s avanzada para ofrecer hasta 7000 agradables caladas. La bater\u00eda recargable integrada de 850 mAh garantiza sesiones de vapor de larga duraci\u00f3n, mientras que el generoso dep\u00f3sito de e-l\u00edquido de 14 ml no necesita rellenarse. El flujo de aire ajustable con precisi\u00f3n le permite personalizar su experiencia de vapeo. Su dise\u00f1o delgado y port\u00e1til hace de este cigarrillo electr\u00f3nico el compa\u00f1ero perfecto para todos los d\u00edas.<\/p>\n<h3 class=\"text-lg font-bold text-text-100 mt-1 -mb-1.5\">Caracter\u00edsticas del producto<\/h3>\n<p class=\"whitespace-normal break-words\"><strong>Bater\u00eda:<\/strong> 850mAh incorporado (recargable)<br \/>\n<strong>Rendimiento:<\/strong> Desarrollo de vapor fiable y constante<br \/>\n<strong>Volumen de e-l\u00edquido:<\/strong> 14ml precargado<br \/>\n<strong>Opciones de nicotina:<\/strong> 0%, 2%, 3% o 5% seleccionable<br \/>\n<strong>Trenes:<\/strong> Aprox. 7.000 caladas por dispositivo<br \/>\n<strong>Flujo de aire:<\/strong> Suministro de aire regulable<br \/>\n<strong>Dise\u00f1o:<\/strong> Iluminaci\u00f3n RGB integrada<\/p>\n<h3 class=\"text-lg font-bold text-text-100 mt-1 -mb-1.5\">Descubre m\u00e1s FUMOT VAPE en vozolpuff<\/h3>\n<p class=\"whitespace-normal break-words\">Visite nuestro <strong><a class=\"underline\" href=\"https:\/\/vozolpuff.de\/es\/\">Tienda en l\u00ednea<\/a><\/strong> para m\u00e1s productos de vapeo de alta calidad, navegue por toda la <strong><a class=\"underline\" href=\"https:\/\/vozolpuff.de\/es\/product-category\/fumot-vape\/\">Gama de productos FUMOT VAPE<\/a><\/strong> o descubra todos los disponibles <strong><a class=\"underline\" href=\"https:\/\/vozolpuff.de\/es\/product-category\/fumot-vape\/randm-tornado-7000\/\">RandM Tornado 7000 sabores<\/a><\/strong> en nuestra gama.<\/p>","protected":false},"excerpt":{"rendered":"<div>\n<div class=\"grid-cols-1 grid gap-2.5 [&amp;_&gt;_*]:min-w-0 !gap-3.5\">\n<p class=\"whitespace-normal break-words\">Die RandM Tornado 7000 Vimto Einweg-Vape bringt den kultigen Beeren-Trauben-Mix direkt zu Ihnen. Ausgestattet mit langlebigem 850mAh Akku, gro\u00dfz\u00fcgigem 14ml E-Liquid-Vorrat und fortschrittlicher Airflow-Kontrolle bietet sie konstante Qualit\u00e4t \u00fcber alle 7000 Z\u00fcge. RGB-Leuchteffekte runden das Design ab.<\/p>\n<\/div>\n<\/div>\n<div class=\"h-8\"><\/div>\n","protected":false},"featured_media":3843,"comment_status":"open","ping_status":"closed","template":"","meta":{"_acf_changed":false},"product_brand":[],"product_cat":[50],"product_tag":[],"class_list":{"0":"post-3839","1":"product","2":"type-product","3":"status-publish","4":"has-post-thumbnail","6":"product_cat-randm-tornado-7000","8":"first","9":"instock","10":"shipping-taxable","11":"purchasable","12":"product-type-variable"},"acf":[],"_links":{"self":[{"href":"https:\/\/vozolpuff.de\/es\/wp-json\/wp\/v2\/product\/3839","targetHints":{"allow":["GET"]}}],"collection":[{"href":"https:\/\/vozolpuff.de\/es\/wp-json\/wp\/v2\/product"}],"about":[{"href":"https:\/\/vozolpuff.de\/es\/wp-json\/wp\/v2\/types\/product"}],"replies":[{"embeddable":true,"href":"https:\/\/vozolpuff.de\/es\/wp-json\/wp\/v2\/comments?post=3839"}],"wp:featuredmedia":[{"embeddable":true,"href":"https:\/\/vozolpuff.de\/es\/wp-json\/wp\/v2\/media\/3843"}],"wp:attachment":[{"href":"https:\/\/vozolpuff.de\/es\/wp-json\/wp\/v2\/media?parent=3839"}],"wp:term":[{"taxonomy":"product_brand","embeddable":true,"href":"https:\/\/vozolpuff.de\/es\/wp-json\/wp\/v2\/product_brand?post=3839"},{"taxonomy":"product_cat","embeddable":true,"href":"https:\/\/vozolpuff.de\/es\/wp-json\/wp\/v2\/product_cat?post=3839"},{"taxonomy":"product_tag","embeddable":true,"href":"https:\/\/vozolpuff.de\/es\/wp-json\/wp\/v2\/product_tag?post=3839"}],"curies":[{"name":"wp","href":"https:\/\/api.w.org\/{rel}","templated":true}]}}