{"id":3848,"date":"2025-09-10T05:33:03","date_gmt":"2025-09-10T03:33:03","guid":{"rendered":"https:\/\/vozolpuff.de\/?post_type=product&#038;p=3848"},"modified":"2025-09-10T05:33:04","modified_gmt":"2025-09-10T03:33:04","slug":"randm-tornado-7000-kiwi-passion-fruit-guava","status":"publish","type":"product","link":"https:\/\/vozolpuff.de\/es\/producto\/randm-tornado-7000-kiwi-passion-fruit-guava\/","title":{"rendered":"RandM Tornado 7000 Kiwi Maracuy\u00e1 Guayaba"},"content":{"rendered":"<h2 class=\"text-xl font-bold text-text-100 mt-1 -mb-0.5\">RandM Tornado 7000 Kiwi Maracuy\u00e1 Guayaba e-cigarrillo desechable<\/h2>\n<p class=\"whitespace-normal break-words\">Sum\u00e9rgete en un para\u00edso tropical con el RandM Tornado 7000 sabor Kiwi Guayaba Maracuy\u00e1. Esta ex\u00f3tica mezcla de frutas combina la dulzura de la guayaba, la intensidad de la fruta de la pasi\u00f3n y la refrescante acidez del kiwi para crear una experiencia de vapeo irresistible. Con una impresionante capacidad de 7000 caladas, este dispositivo de vapeo desechable ofrece semanas de disfrute sin mantenimiento. La potente bater\u00eda de litio de 850 mAh garantiza una producci\u00f3n de vapor constante, mientras que el dep\u00f3sito de e-l\u00edquido de gran capacidad de 14 ml asegura sesiones de larga duraci\u00f3n. La innovadora activaci\u00f3n por extracci\u00f3n elimina la necesidad de un manejo complicado.<\/p>\n<h3 class=\"text-lg font-bold text-text-100 mt-1 -mb-1.5\">Especificaciones del producto<\/h3>\n<p class=\"whitespace-normal break-words\"><strong>Bater\u00eda:<\/strong> 850mAh incorporado (recargable)<br \/>\n<strong>Rendimiento:<\/strong> Distribuci\u00f3n optimizada y coherente de la energ\u00eda<br \/>\n<strong>Capacidad del dep\u00f3sito:<\/strong> 14ml precargado<br \/>\n<strong>Potencias de nicotina:<\/strong> 0%, 2%, 3% o 5% disponibles<br \/>\n<strong>Recuento de puff:<\/strong> Unos 7.000 trenes<br \/>\n<strong>Regulaci\u00f3n del aire:<\/strong> Suministro de aire personalizable<br \/>\n<strong>Extras:<\/strong> Efectos de iluminaci\u00f3n RGB integrados<\/p>\n<h3 class=\"text-lg font-bold text-text-100 mt-1 -mb-1.5\">Descubre m\u00e1s FUMOT VAPE en vozolpuff<\/h3>\n<p class=\"whitespace-normal break-words\">Echa un vistazo a otros e-cigarrillos de primera clase en nuestro <strong><a class=\"underline\" href=\"https:\/\/vozolpuff.de\/es\/\">P\u00e1gina principal<\/a><\/strong> y explora toda la <strong><a class=\"underline\" href=\"https:\/\/vozolpuff.de\/es\/product-category\/fumot-vape\/\">Serie FUMOT VAPE<\/a><\/strong> o encuentre su nuevo sabor favorito en la <strong><a class=\"underline\" href=\"https:\/\/vozolpuff.de\/es\/product-category\/fumot-vape\/randm-tornado-7000\/\">Colecci\u00f3n RandM Tornado 7000<\/a><\/strong>.<\/p>","protected":false},"excerpt":{"rendered":"<div>\n<div class=\"grid-cols-1 grid gap-2.5 [&amp;_&gt;_*]:min-w-0 !gap-3.5\">\n<p class=\"whitespace-normal break-words\">Erleben Sie tropischen Genuss mit der RandM Tornado 7000 Kiwi Passion Fruit Guava Einweg-Vape. Die exotische Dreifach-Fruchtmischung aus s\u00fc\u00dfer Guave, intensiver Passionsfrucht und erfrischender Kiwi sorgt f\u00fcr ein unvergleichliches Geschmackserlebnis \u00fcber alle 7000 Z\u00fcge mit RGB-Beleuchtung.<\/p>\n<\/div>\n<\/div>\n<div class=\"h-8\"><\/div>\n","protected":false},"featured_media":3852,"comment_status":"open","ping_status":"closed","template":"","meta":{"_acf_changed":false},"product_brand":[],"product_cat":[50],"product_tag":[],"class_list":{"0":"post-3848","1":"product","2":"type-product","3":"status-publish","4":"has-post-thumbnail","6":"product_cat-randm-tornado-7000","8":"first","9":"instock","10":"shipping-taxable","11":"purchasable","12":"product-type-variable"},"acf":[],"_links":{"self":[{"href":"https:\/\/vozolpuff.de\/es\/wp-json\/wp\/v2\/product\/3848","targetHints":{"allow":["GET"]}}],"collection":[{"href":"https:\/\/vozolpuff.de\/es\/wp-json\/wp\/v2\/product"}],"about":[{"href":"https:\/\/vozolpuff.de\/es\/wp-json\/wp\/v2\/types\/product"}],"replies":[{"embeddable":true,"href":"https:\/\/vozolpuff.de\/es\/wp-json\/wp\/v2\/comments?post=3848"}],"wp:featuredmedia":[{"embeddable":true,"href":"https:\/\/vozolpuff.de\/es\/wp-json\/wp\/v2\/media\/3852"}],"wp:attachment":[{"href":"https:\/\/vozolpuff.de\/es\/wp-json\/wp\/v2\/media?parent=3848"}],"wp:term":[{"taxonomy":"product_brand","embeddable":true,"href":"https:\/\/vozolpuff.de\/es\/wp-json\/wp\/v2\/product_brand?post=3848"},{"taxonomy":"product_cat","embeddable":true,"href":"https:\/\/vozolpuff.de\/es\/wp-json\/wp\/v2\/product_cat?post=3848"},{"taxonomy":"product_tag","embeddable":true,"href":"https:\/\/vozolpuff.de\/es\/wp-json\/wp\/v2\/product_tag?post=3848"}],"curies":[{"name":"wp","href":"https:\/\/api.w.org\/{rel}","templated":true}]}}