{"id":3857,"date":"2025-09-10T05:35:40","date_gmt":"2025-09-10T03:35:40","guid":{"rendered":"https:\/\/vozolpuff.de\/?post_type=product&#038;p=3857"},"modified":"2025-09-10T05:35:40","modified_gmt":"2025-09-10T03:35:40","slug":"randm-tornado-7000-cola","status":"publish","type":"product","link":"https:\/\/vozolpuff.de\/es\/producto\/randm-tornado-7000-cola\/","title":{"rendered":"RandM Tornado 7000 Cola"},"content":{"rendered":"<h2 class=\"text-xl font-bold text-text-100 mt-1 -mb-0.5\">Cigarrillo electr\u00f3nico desechable RandM Tornado 7000 Cola<\/h2>\n<p class=\"whitespace-normal break-words\">El RandM Tornado 7000 Cola trae el nost\u00e1lgico sabor de tu refresco favorito al mundo del vapeo. Este aut\u00e9ntico sabor a cola, con su dulzor caracter\u00edstico y sus especias secretas, convierte cada sesi\u00f3n de vapeo en una experiencia refrescante. El sistema desechable de \u00faltima generaci\u00f3n proporciona hasta 7000 caladas de puro placer a cola, respaldado por una fiable bater\u00eda de 850mAh. El gran dep\u00f3sito de l\u00edquido de 14 ml elimina por completo la molestia de rellenar. Gracias al ajuste variable del flujo de aire, puede ajustar perfectamente su comportamiento personal de vapor.<\/p>\n<h3 class=\"text-lg font-bold text-text-100 mt-1 -mb-1.5\">Datos t\u00e9cnicos<\/h3>\n<p class=\"whitespace-normal break-words\"><strong>Rendimiento de la bater\u00eda:<\/strong> 850mAh instalados permanentemente (recargables)<br \/>\n<strong>Salida de vapor:<\/strong> Salida estable y continua<br \/>\n<strong>Contenido l\u00edquido:<\/strong> 14 ml ya rellenados<br \/>\n<strong>Variantes de nicotina:<\/strong> 0%, 2%, 3% o 5% seleccionable<br \/>\n<strong>Capacidad del tren:<\/strong> Unos 7.000 trenes de vapor<br \/>\n<strong>Flujo de aire:<\/strong> Permeabilidad al aire ajustable<br \/>\n<strong>Iluminaci\u00f3n:<\/strong> Pantalla multicolor RGB<\/p>\n<h3 class=\"text-lg font-bold text-text-100 mt-1 -mb-1.5\">Descubre m\u00e1s FUMOT VAPE en vozolpuff<\/h3>\n<p class=\"whitespace-normal break-words\">Descubra otras soluciones premium para vapear en nuestro <strong><a class=\"underline\" href=\"https:\/\/vozolpuff.de\/es\/\">P\u00e1gina de inicio<\/a><\/strong>, sum\u00e9rjase en la variada <strong><a class=\"underline\" href=\"https:\/\/vozolpuff.de\/es\/product-category\/fumot-vape\/\">Selecci\u00f3n FUMOT VAPE<\/a><\/strong> o elija entre la amplia <strong><a class=\"underline\" href=\"https:\/\/vozolpuff.de\/es\/product-category\/fumot-vape\/randm-tornado-7000\/\">RandM Tornado 7000 Variedad de sabores<\/a><\/strong>.<\/p>","protected":false},"excerpt":{"rendered":"<div>\n<div class=\"grid-cols-1 grid gap-2.5 [&amp;_&gt;_*]:min-w-0 !gap-3.5\">\n<p class=\"whitespace-normal break-words\">Entdecken Sie den authentischen Cola-Geschmack mit der RandM Tornado 7000 Cola Einweg-Vape. Diese Premium-Vape kombiniert nostalgische S\u00fc\u00dfe mit geheimen Gew\u00fcrznoten f\u00fcr ein unverwechselbares Dampferlebnis. Mit 850mAh Akku, 14ml Liquidtank und 7000 Z\u00fcgen bietet sie langanhaltenden, erfrischenden Genuss.<\/p>\n<\/div>\n<\/div>\n<div class=\"h-8\"><\/div>\n","protected":false},"featured_media":3859,"comment_status":"open","ping_status":"closed","template":"","meta":{"_acf_changed":false},"product_brand":[],"product_cat":[50],"product_tag":[],"class_list":{"0":"post-3857","1":"product","2":"type-product","3":"status-publish","4":"has-post-thumbnail","6":"product_cat-randm-tornado-7000","8":"first","9":"instock","10":"shipping-taxable","11":"purchasable","12":"product-type-variable"},"acf":[],"_links":{"self":[{"href":"https:\/\/vozolpuff.de\/es\/wp-json\/wp\/v2\/product\/3857","targetHints":{"allow":["GET"]}}],"collection":[{"href":"https:\/\/vozolpuff.de\/es\/wp-json\/wp\/v2\/product"}],"about":[{"href":"https:\/\/vozolpuff.de\/es\/wp-json\/wp\/v2\/types\/product"}],"replies":[{"embeddable":true,"href":"https:\/\/vozolpuff.de\/es\/wp-json\/wp\/v2\/comments?post=3857"}],"wp:featuredmedia":[{"embeddable":true,"href":"https:\/\/vozolpuff.de\/es\/wp-json\/wp\/v2\/media\/3859"}],"wp:attachment":[{"href":"https:\/\/vozolpuff.de\/es\/wp-json\/wp\/v2\/media?parent=3857"}],"wp:term":[{"taxonomy":"product_brand","embeddable":true,"href":"https:\/\/vozolpuff.de\/es\/wp-json\/wp\/v2\/product_brand?post=3857"},{"taxonomy":"product_cat","embeddable":true,"href":"https:\/\/vozolpuff.de\/es\/wp-json\/wp\/v2\/product_cat?post=3857"},{"taxonomy":"product_tag","embeddable":true,"href":"https:\/\/vozolpuff.de\/es\/wp-json\/wp\/v2\/product_tag?post=3857"}],"curies":[{"name":"wp","href":"https:\/\/api.w.org\/{rel}","templated":true}]}}