{"id":3866,"date":"2025-09-10T05:38:14","date_gmt":"2025-09-10T03:38:14","guid":{"rendered":"https:\/\/vozolpuff.de\/?post_type=product&#038;p=3866"},"modified":"2025-09-10T05:38:14","modified_gmt":"2025-09-10T03:38:14","slug":"randm-tornado-7000-sour-apple","status":"publish","type":"product","link":"https:\/\/vozolpuff.de\/es\/producto\/randm-tornado-7000-sour-apple\/","title":{"rendered":"RandM Tornado 7000 Manzana \u00e1cida"},"content":{"rendered":"<h2 class=\"text-xl font-bold text-text-100 mt-1 -mb-0.5\">Cigarrillo electr\u00f3nico desechable RandM Tornado 7000 Sour Apple<\/h2>\n<p class=\"whitespace-normal break-words\">Experimente el contraste perfecto entre dulce y \u00e1cido con la RandM Tornado 7000 Sour Apple Edition. Este sabor afrutado e intenso captura la esencia de una crujiente manzana verde con una sorprendente nota \u00e1cida que vigoriza tus papilas gustativas. Con unas excepcionales 7000 caladas por dispositivo, este cigarrillo electr\u00f3nico desechable establece nuevos est\u00e1ndares en t\u00e9rminos de resistencia. El robusto almacenamiento de energ\u00eda de 850mAh garantiza un rendimiento continuo, mientras que el generoso dep\u00f3sito de l\u00edquido de 14ml asegura semanas de satisfacci\u00f3n. La tecnolog\u00eda draw-to-fire de f\u00e1cil uso hace que cada calada se realice sin esfuerzo.<\/p>\n<h3 class=\"text-lg font-bold text-text-100 mt-1 -mb-1.5\">Especificaciones del dispositivo<\/h3>\n<p class=\"whitespace-normal break-words\"><strong>Tipo de bater\u00eda:<\/strong> 850mAh integrados (recargables)<br \/>\n<strong>Producci\u00f3n de energ\u00eda:<\/strong> Rendimiento constante y eficaz<br \/>\n<strong>Cantidad de E-Jugo:<\/strong> 14 ml completamente precargados<br \/>\n<strong>Contenido de nicotina:<\/strong> 0%, 2%, 3% o 5% a elegir<br \/>\n<strong>Trenes de vapor:<\/strong> Aproximadamente 7.000 por unidad<br \/>\n<strong>Control del aire:<\/strong> Caudal regulable individualmente<br \/>\n<strong>Espect\u00e1culo de luces:<\/strong> Iluminaci\u00f3n RGB integrada<\/p>\n<h3 class=\"text-lg font-bold text-text-100 mt-1 -mb-1.5\">Descubre m\u00e1s FUMOT VAPE en vozolpuff<\/h3>\n<p class=\"whitespace-normal break-words\">Eche un vistazo a otros aparatos de vapor de alta calidad en nuestro <strong><a class=\"underline\" href=\"https:\/\/vozolpuff.de\/es\/\">P\u00e1gina web<\/a><\/strong> navegar por toda la gama de <strong><a class=\"underline\" href=\"https:\/\/vozolpuff.de\/es\/product-category\/fumot-vape\/\">Gama FUMOT VAPE<\/a><\/strong> o descubra otras variantes del <strong><a class=\"underline\" href=\"https:\/\/vozolpuff.de\/es\/product-category\/fumot-vape\/randm-tornado-7000\/\">Familia RandM Tornado 7000<\/a><\/strong>.<\/p>","protected":false},"excerpt":{"rendered":"<div>\n<div class=\"grid-cols-1 grid gap-2.5 [&amp;_&gt;_*]:min-w-0 !gap-3.5\">\n<p class=\"whitespace-normal break-words\">Genie\u00dfen Sie den perfekten s\u00fc\u00df-sauren Kontrast mit der RandM Tornado 7000 Sour Apple Einweg-Vape. Der intensive gr\u00fcne Apfelgeschmack mit seiner belebenden sauren Note sorgt f\u00fcr ein erfrischendes Dampferlebnis. Mit 850mAh Akku, 14ml Liquidkapazit\u00e4t und 7000 Z\u00fcgen f\u00fcr langanhaltenden Genuss mit RGB-Effekten.<\/p>\n<\/div>\n<\/div>\n<div class=\"h-8\"><\/div>\n","protected":false},"featured_media":3870,"comment_status":"open","ping_status":"closed","template":"","meta":{"_acf_changed":false},"product_brand":[],"product_cat":[50],"product_tag":[],"class_list":{"0":"post-3866","1":"product","2":"type-product","3":"status-publish","4":"has-post-thumbnail","6":"product_cat-randm-tornado-7000","8":"first","9":"instock","10":"shipping-taxable","11":"purchasable","12":"product-type-variable"},"acf":[],"_links":{"self":[{"href":"https:\/\/vozolpuff.de\/es\/wp-json\/wp\/v2\/product\/3866","targetHints":{"allow":["GET"]}}],"collection":[{"href":"https:\/\/vozolpuff.de\/es\/wp-json\/wp\/v2\/product"}],"about":[{"href":"https:\/\/vozolpuff.de\/es\/wp-json\/wp\/v2\/types\/product"}],"replies":[{"embeddable":true,"href":"https:\/\/vozolpuff.de\/es\/wp-json\/wp\/v2\/comments?post=3866"}],"wp:featuredmedia":[{"embeddable":true,"href":"https:\/\/vozolpuff.de\/es\/wp-json\/wp\/v2\/media\/3870"}],"wp:attachment":[{"href":"https:\/\/vozolpuff.de\/es\/wp-json\/wp\/v2\/media?parent=3866"}],"wp:term":[{"taxonomy":"product_brand","embeddable":true,"href":"https:\/\/vozolpuff.de\/es\/wp-json\/wp\/v2\/product_brand?post=3866"},{"taxonomy":"product_cat","embeddable":true,"href":"https:\/\/vozolpuff.de\/es\/wp-json\/wp\/v2\/product_cat?post=3866"},{"taxonomy":"product_tag","embeddable":true,"href":"https:\/\/vozolpuff.de\/es\/wp-json\/wp\/v2\/product_tag?post=3866"}],"curies":[{"name":"wp","href":"https:\/\/api.w.org\/{rel}","templated":true}]}}