{"id":3875,"date":"2025-09-10T05:40:48","date_gmt":"2025-09-10T03:40:48","guid":{"rendered":"https:\/\/vozolpuff.de\/?post_type=product&#038;p=3875"},"modified":"2025-09-10T05:40:49","modified_gmt":"2025-09-10T03:40:49","slug":"randm-tornado-7000-blackcurrant-menthol","status":"publish","type":"product","link":"https:\/\/vozolpuff.de\/es\/producto\/randm-tornado-7000-blackcurrant-menthol\/","title":{"rendered":"RandM Tornado 7000 Grosella negra mentolada"},"content":{"rendered":"<h2 class=\"text-xl font-bold text-text-100 mt-1 -mb-0.5\">RandM Tornado 7000 Blackcurrant Menthol e-cigarrillo desechable<\/h2>\n<p class=\"whitespace-normal break-words\">El RandM Tornado 7000 Blackcurrant Menthol combina la oscura dulzura de las grosellas negras maduras con un refrescante toque mentolado para una experiencia de vapeo excepcionalmente vigorizante. Esta sofisticada combinaci\u00f3n de sabores ofrece tanto a los amantes de la fruta como a los entusiastas del mentol lo mejor de ambos mundos. El potente sistema desechable permite hasta 7000 caladas aromatizadas, alimentado por una bater\u00eda de larga duraci\u00f3n de 850mAh. El espacioso dep\u00f3sito de e-l\u00edquido de 14ml hace que rellenarlo sea cosa del pasado. Con la funci\u00f3n de flujo de aire ajustable, usted mismo puede determinar la intensidad de su vapor.<\/p>\n<h3 class=\"text-lg font-bold text-text-100 mt-1 -mb-1.5\">Propiedades del hardware<\/h3>\n<p class=\"whitespace-normal break-words\"><strong>Sistema de bater\u00edas:<\/strong> 850mAh instalados permanentemente (recargables)<br \/>\n<strong>Potencia de salida:<\/strong> Entrega coherente y fiable<br \/>\n<strong>Volumen de l\u00edquido:<\/strong> 14 ml listo para rellenar<br \/>\n<strong>Niveles de nicotina:<\/strong> 0%, 2%, 3% o 5% disponibles<br \/>\n<strong>Volumen de tracci\u00f3n:<\/strong> Alrededor de 7.000 inhalaciones posibles<br \/>\n<strong>Sistema de flujo de aire:<\/strong> Ventilaci\u00f3n regulable<br \/>\n<strong>\u00d3ptica:<\/strong> Iluminaci\u00f3n RGB de colores<\/p>\n<h3 class=\"text-lg font-bold text-text-100 mt-1 -mb-1.5\">Descubre m\u00e1s FUMOT VAPE en vozolpuff<\/h3>\n<p class=\"whitespace-normal break-words\">Encuentre m\u00e1s productos excelentes para cigarrillos electr\u00f3nicos en nuestro <strong><a class=\"underline\" href=\"https:\/\/vozolpuff.de\/es\/\">Tienda en l\u00ednea<\/a><\/strong>, navegar por toda la <strong><a class=\"underline\" href=\"https:\/\/vozolpuff.de\/es\/product-category\/fumot-vape\/\">L\u00ednea de productos FUMOT VAPE<\/a><\/strong> o d\u00e9jese inspirar por el conjunto <strong><a class=\"underline\" href=\"https:\/\/vozolpuff.de\/es\/product-category\/fumot-vape\/randm-tornado-7000\/\">RandM Tornado 7000 sabor mundo<\/a><\/strong> inspirar.<\/p>","protected":false},"excerpt":{"rendered":"<div>\n<div class=\"grid-cols-1 grid gap-2.5 [&amp;_&gt;_*]:min-w-0 !gap-3.5\">\n<p class=\"whitespace-normal break-words\">Erleben Sie die perfekte Harmonie aus fruchtiger S\u00fc\u00dfe und k\u00fchler Frische mit der RandM Tornado 7000 Blackcurrant Menthol Einweg-Vape. Dunkle Johannisbeeren treffen auf belebenden Menthol-Kick f\u00fcr ein sophisticated Geschmackserlebnis. 850mAh Akku, 14ml Tank und 7000 Z\u00fcge mit RGB-Beleuchtung garantiert.<\/p>\n<\/div>\n<\/div>\n<div class=\"h-8\"><\/div>\n","protected":false},"featured_media":3879,"comment_status":"open","ping_status":"closed","template":"","meta":{"_acf_changed":false},"product_brand":[],"product_cat":[50],"product_tag":[],"class_list":{"0":"post-3875","1":"product","2":"type-product","3":"status-publish","4":"has-post-thumbnail","6":"product_cat-randm-tornado-7000","8":"first","9":"instock","10":"shipping-taxable","11":"purchasable","12":"product-type-variable"},"acf":[],"_links":{"self":[{"href":"https:\/\/vozolpuff.de\/es\/wp-json\/wp\/v2\/product\/3875","targetHints":{"allow":["GET"]}}],"collection":[{"href":"https:\/\/vozolpuff.de\/es\/wp-json\/wp\/v2\/product"}],"about":[{"href":"https:\/\/vozolpuff.de\/es\/wp-json\/wp\/v2\/types\/product"}],"replies":[{"embeddable":true,"href":"https:\/\/vozolpuff.de\/es\/wp-json\/wp\/v2\/comments?post=3875"}],"wp:featuredmedia":[{"embeddable":true,"href":"https:\/\/vozolpuff.de\/es\/wp-json\/wp\/v2\/media\/3879"}],"wp:attachment":[{"href":"https:\/\/vozolpuff.de\/es\/wp-json\/wp\/v2\/media?parent=3875"}],"wp:term":[{"taxonomy":"product_brand","embeddable":true,"href":"https:\/\/vozolpuff.de\/es\/wp-json\/wp\/v2\/product_brand?post=3875"},{"taxonomy":"product_cat","embeddable":true,"href":"https:\/\/vozolpuff.de\/es\/wp-json\/wp\/v2\/product_cat?post=3875"},{"taxonomy":"product_tag","embeddable":true,"href":"https:\/\/vozolpuff.de\/es\/wp-json\/wp\/v2\/product_tag?post=3875"}],"curies":[{"name":"wp","href":"https:\/\/api.w.org\/{rel}","templated":true}]}}