{"id":3884,"date":"2025-09-10T05:43:22","date_gmt":"2025-09-10T03:43:22","guid":{"rendered":"https:\/\/vozolpuff.de\/?post_type=product&#038;p=3884"},"modified":"2025-09-10T05:43:22","modified_gmt":"2025-09-10T03:43:22","slug":"randm-tornado-7000-tiger-blood","status":"publish","type":"product","link":"https:\/\/vozolpuff.de\/es\/producto\/randm-tornado-7000-tiger-blood\/","title":{"rendered":"RandM Tornado 7000 Sangre de Tigre"},"content":{"rendered":"<h2 class=\"text-xl font-bold text-text-100 mt-1 -mb-0.5\">RandM Tornado 7000 Tiger Blood e-cigarrillo desechable<\/h2>\n<p class=\"whitespace-normal break-words\">Descubra el misterioso e intrigante sabor Tiger Blood de la serie RandM Tornado 7000. A pesar de su salvaje nombre, es una deliciosa mezcla de fresa, sand\u00eda y coco que crea un subid\u00f3n de sabor afrutado tropical. Este dispositivo desechable premium ofrece unas impresionantes 7000 caladas de puro placer de sabor, alimentado por un potente sistema de bater\u00eda de 850mAh. El voluminoso dep\u00f3sito de l\u00edquido de 14 ml garantiza semanas de placer sin interrupci\u00f3n. La activaci\u00f3n de extracci\u00f3n inteligente inicia cada proceso de vaporizaci\u00f3n autom\u00e1ticamente, mientras que el suministro de aire ajustable ofrece la m\u00e1xima flexibilidad.<\/p>\n<h3 class=\"text-lg font-bold text-text-100 mt-1 -mb-1.5\">Equipamiento<\/h3>\n<p class=\"whitespace-normal break-words\"><strong>Almacenamiento de energ\u00eda:<\/strong> 850mAh montados permanentemente (recargables)<br \/>\n<strong>Generaci\u00f3n de vapor:<\/strong> Rendimiento estable y potente<br \/>\n<strong>Dep\u00f3sito de l\u00edquido:<\/strong> 14 ml preinstalados<br \/>\n<strong>Alternativas a la nicotina:<\/strong> 0%, 2%, 3% o 5% seleccionable<br \/>\n<strong>N\u00famero de inhalaci\u00f3n:<\/strong> Aproximadamente 7.000 trenes por dispositivo<br \/>\n<strong>Ventilaci\u00f3n:<\/strong> Regulaci\u00f3n variable del caudal de aire<br \/>\n<strong>Caracter\u00edsticas:<\/strong> Espect\u00e1culo de luz RGB multicolor<\/p>\n<h3 class=\"text-lg font-bold text-text-100 mt-1 -mb-1.5\">Descubre m\u00e1s FUMOT VAPE en vozolpuff<\/h3>\n<p class=\"whitespace-normal break-words\">Descubra otros vapes de gran calidad en nuestro <strong><a class=\"underline\" href=\"https:\/\/vozolpuff.de\/es\/\">P\u00e1gina de inicio<\/a><\/strong>descubra la <strong><a class=\"underline\" href=\"https:\/\/vozolpuff.de\/es\/product-category\/fumot-vape\/\">Categor\u00eda FUMOT VAPE<\/a><\/strong> o prueba alternativa <strong><a class=\"underline\" href=\"https:\/\/vozolpuff.de\/es\/product-category\/fumot-vape\/randm-tornado-7000\/\">RandM Tornado 7000 sabores<\/a><\/strong>.<\/p>","protected":false},"excerpt":{"rendered":"<div>\n<div class=\"grid-cols-1 grid gap-2.5 [&amp;_&gt;_*]:min-w-0 !gap-3.5\">\n<p class=\"whitespace-normal break-words\">Entdecken Sie den mysteri\u00f6sen Tiger Blood Geschmack der RandM Tornado 7000 Tiger Blood Einweg-Vape. Die exotische Kombination aus saftigen Erdbeeren, erfrischender Wassermelone und cremiger Kokosnuss kreiert ein tropisches Geschmackserlebnis. Mit 850mAh Akku, 14ml Tank und 7000 Z\u00fcgen plus RGB-Beleuchtung.<\/p>\n<\/div>\n<\/div>\n<div class=\"h-8\"><\/div>\n","protected":false},"featured_media":3888,"comment_status":"open","ping_status":"closed","template":"","meta":{"_acf_changed":false},"product_brand":[],"product_cat":[50],"product_tag":[],"class_list":{"0":"post-3884","1":"product","2":"type-product","3":"status-publish","4":"has-post-thumbnail","6":"product_cat-randm-tornado-7000","8":"first","9":"instock","10":"shipping-taxable","11":"purchasable","12":"product-type-variable"},"acf":[],"_links":{"self":[{"href":"https:\/\/vozolpuff.de\/es\/wp-json\/wp\/v2\/product\/3884","targetHints":{"allow":["GET"]}}],"collection":[{"href":"https:\/\/vozolpuff.de\/es\/wp-json\/wp\/v2\/product"}],"about":[{"href":"https:\/\/vozolpuff.de\/es\/wp-json\/wp\/v2\/types\/product"}],"replies":[{"embeddable":true,"href":"https:\/\/vozolpuff.de\/es\/wp-json\/wp\/v2\/comments?post=3884"}],"wp:featuredmedia":[{"embeddable":true,"href":"https:\/\/vozolpuff.de\/es\/wp-json\/wp\/v2\/media\/3888"}],"wp:attachment":[{"href":"https:\/\/vozolpuff.de\/es\/wp-json\/wp\/v2\/media?parent=3884"}],"wp:term":[{"taxonomy":"product_brand","embeddable":true,"href":"https:\/\/vozolpuff.de\/es\/wp-json\/wp\/v2\/product_brand?post=3884"},{"taxonomy":"product_cat","embeddable":true,"href":"https:\/\/vozolpuff.de\/es\/wp-json\/wp\/v2\/product_cat?post=3884"},{"taxonomy":"product_tag","embeddable":true,"href":"https:\/\/vozolpuff.de\/es\/wp-json\/wp\/v2\/product_tag?post=3884"}],"curies":[{"name":"wp","href":"https:\/\/api.w.org\/{rel}","templated":true}]}}