{"id":3893,"date":"2025-09-10T05:45:47","date_gmt":"2025-09-10T03:45:47","guid":{"rendered":"https:\/\/vozolpuff.de\/?post_type=product&#038;p=3893"},"modified":"2025-09-10T05:45:47","modified_gmt":"2025-09-10T03:45:47","slug":"randm-tornado-7000-peach-blueberry-candy","status":"publish","type":"product","link":"https:\/\/vozolpuff.de\/es\/producto\/randm-tornado-7000-peach-blueberry-candy\/","title":{"rendered":"RandM Tornado 7000 Caramelo de melocot\u00f3n y ar\u00e1ndanos"},"content":{"rendered":"<h2 class=\"text-xl font-bold text-text-100 mt-1 -mb-0.5\">RandM Tornado 7000 Peach Blueberry Candy e-cigarrillo desechable<\/h2>\n<p class=\"whitespace-normal break-words\">Disfruta de una dulce explosi\u00f3n de sabor con la variante RandM Tornado 7000 Peach Blueberry Candy. Esta tentadora combinaci\u00f3n de jugosos melocotones, dulces ar\u00e1ndanos y notas cl\u00e1sicas de caramelo crea una experiencia de vapeo nost\u00e1lgica que recuerda a los recuerdos de la infancia. El sofisticado sistema de vapeo desechable garantiza hasta 7000 caladas de dulce placer, respaldado por una potente bater\u00eda de iones de litio de 850 mAh. El generoso dep\u00f3sito de precarga de 14 ml elimina cualquier esfuerzo de mantenimiento. Gracias a la precisa tecnolog\u00eda de activaci\u00f3n de la calada, la experiencia de vapeo comienza inmediatamente con cada calada.<\/p>\n<h3 class=\"text-lg font-bold text-text-100 mt-1 -mb-1.5\">Detalles del producto<\/h3>\n<p class=\"whitespace-normal break-words\"><strong>Capacidad de la bater\u00eda:<\/strong> 850mAh integrados (recargables)<br \/>\n<strong>Potencia de salida:<\/strong> Funci\u00f3n fiable y continua<br \/>\n<strong>Cantidad de e-l\u00edquido:<\/strong> 14 ml completamente lleno<br \/>\n<strong>Concentraciones de nicotina:<\/strong> 0%, 2%, 3% o 5% disponibles<br \/>\n<strong>Rendimiento del puff:<\/strong> Unos 7.000 trenes de vapor<br \/>\n<strong>Tecnolog\u00eda de flujo de aire:<\/strong> Circulaci\u00f3n de aire regulable<br \/>\n<strong>Elemento de dise\u00f1o:<\/strong> LED RGB integrado que cambia de color<\/p>\n<h3 class=\"text-lg font-bold text-text-100 mt-1 -mb-1.5\">Descubre m\u00e1s FUMOT VAPE en vozolpuff<\/h3>\n<p class=\"whitespace-normal break-words\">Visite nuestro <strong><a class=\"underline\" href=\"https:\/\/vozolpuff.de\/es\/\">Portal Vape<\/a><\/strong> Si desea m\u00e1s cigarrillos electr\u00f3nicos de alta calidad, consulte nuestra completa <strong><a class=\"underline\" href=\"https:\/\/vozolpuff.de\/es\/product-category\/fumot-vape\/\">Oferta FUMOT VAPE<\/a><\/strong> o pruebe m\u00e1s <strong><a class=\"underline\" href=\"https:\/\/vozolpuff.de\/es\/product-category\/fumot-vape\/randm-tornado-7000\/\">RandM Tornado 7000 variantes<\/a><\/strong> de.<\/p>","protected":false},"excerpt":{"rendered":"<div>\n<div class=\"grid-cols-1 grid gap-2.5 [&amp;_&gt;_*]:min-w-0 !gap-3.5\">\n<p class=\"whitespace-normal break-words\">Schwelgen Sie in s\u00fc\u00dfen Kindheitserinnerungen mit der RandM Tornado 7000 Peach Blueberry Candy Einweg-Vape. Die verlockende Mischung aus saftigen Pfirsichen, s\u00fc\u00dfen Blaubeeren und klassischer Bonbon-Note sorgt f\u00fcr nostalgischen Dampfgenuss. Mit 850mAh Akku, 14ml Tank und 7000 Z\u00fcgen plus RGB-Beleuchtung.<\/p>\n<\/div>\n<\/div>\n<div class=\"h-8\"><\/div>\n","protected":false},"featured_media":3897,"comment_status":"open","ping_status":"closed","template":"","meta":{"_acf_changed":false},"product_brand":[],"product_cat":[50],"product_tag":[],"class_list":{"0":"post-3893","1":"product","2":"type-product","3":"status-publish","4":"has-post-thumbnail","6":"product_cat-randm-tornado-7000","8":"first","9":"instock","10":"shipping-taxable","11":"purchasable","12":"product-type-variable"},"acf":[],"_links":{"self":[{"href":"https:\/\/vozolpuff.de\/es\/wp-json\/wp\/v2\/product\/3893","targetHints":{"allow":["GET"]}}],"collection":[{"href":"https:\/\/vozolpuff.de\/es\/wp-json\/wp\/v2\/product"}],"about":[{"href":"https:\/\/vozolpuff.de\/es\/wp-json\/wp\/v2\/types\/product"}],"replies":[{"embeddable":true,"href":"https:\/\/vozolpuff.de\/es\/wp-json\/wp\/v2\/comments?post=3893"}],"wp:featuredmedia":[{"embeddable":true,"href":"https:\/\/vozolpuff.de\/es\/wp-json\/wp\/v2\/media\/3897"}],"wp:attachment":[{"href":"https:\/\/vozolpuff.de\/es\/wp-json\/wp\/v2\/media?parent=3893"}],"wp:term":[{"taxonomy":"product_brand","embeddable":true,"href":"https:\/\/vozolpuff.de\/es\/wp-json\/wp\/v2\/product_brand?post=3893"},{"taxonomy":"product_cat","embeddable":true,"href":"https:\/\/vozolpuff.de\/es\/wp-json\/wp\/v2\/product_cat?post=3893"},{"taxonomy":"product_tag","embeddable":true,"href":"https:\/\/vozolpuff.de\/es\/wp-json\/wp\/v2\/product_tag?post=3893"}],"curies":[{"name":"wp","href":"https:\/\/api.w.org\/{rel}","templated":true}]}}