{"id":3902,"date":"2025-09-10T05:48:15","date_gmt":"2025-09-10T03:48:15","guid":{"rendered":"https:\/\/vozolpuff.de\/?post_type=product&#038;p=3902"},"modified":"2025-09-10T05:48:16","modified_gmt":"2025-09-10T03:48:16","slug":"randm-tornado-7000-peach-mango","status":"publish","type":"product","link":"https:\/\/vozolpuff.de\/es\/producto\/randm-tornado-7000-peach-mango\/","title":{"rendered":"RandM Tornado 7000 Melocot\u00f3n Mango"},"content":{"rendered":"<h2 class=\"text-xl font-bold text-text-100 mt-1 -mb-0.5\">Cigarrillo electr\u00f3nico desechable RandM Tornado 7000 Peach Mango<\/h2>\n<p class=\"whitespace-normal break-words\">Transp\u00f3rtate a climas tropicales con el RandM Tornado 7000 sabor Melocot\u00f3n Mango. Esta ex\u00f3tica combinaci\u00f3n a d\u00fao fusiona la dulzura aterciopelada del melocot\u00f3n maduro con el intenso sabor a fruta tropical del mango para crear una aut\u00e9ntica experiencia veraniega. El innovador sistema de vapeo desechable proporciona unas extraordinarias 7000 caladas de para\u00edso tropical, alimentado por un duradero m\u00f3dulo de energ\u00eda de 850mAh. El amplio dep\u00f3sito de l\u00edquido de 14 ml garantiza un disfrute duradero sin necesidad de rellenarlo. La activaci\u00f3n intuitiva de la inhalaci\u00f3n elimina la necesidad de controles complejos, mientras que el control personalizable del flujo de aire tiene en cuenta las preferencias individuales.<\/p>\n<h3 class=\"text-lg font-bold text-text-100 mt-1 -mb-1.5\">Especificaciones t\u00e9cnicas<\/h3>\n<p class=\"whitespace-normal break-words\"><strong>Unidad de potencia:<\/strong> 850mAh instalados permanentemente (recargables)<br \/>\n<strong>Rendimiento del vapor:<\/strong> Producci\u00f3n constante y optimizada<br \/>\n<strong>Volumen del dep\u00f3sito:<\/strong> 14 ml ya rellenados<br \/>\n<strong>Opciones de nicotina:<\/strong> Disponibles 0%, 2%, 3% o 5%<br \/>\n<strong>N\u00famero de trenes:<\/strong> Unas 7.000 inhalaciones<br \/>\n<strong>Gesti\u00f3n del flujo de aire:<\/strong> Caudal regulable<br \/>\n<strong>Caracter\u00edstica luminosa:<\/strong> Iluminaci\u00f3n RGB de colores<\/p>\n<h3 class=\"text-lg font-bold text-text-100 mt-1 -mb-1.5\">Descubre m\u00e1s FUMOT VAPE en vozolpuff<\/h3>\n<p class=\"whitespace-normal break-words\">Eche un vistazo a nuestro <strong><a class=\"underline\" href=\"https:\/\/vozolpuff.de\/es\/\">Vape categor\u00eda principal<\/a><\/strong> para encontrar m\u00e1s productos de primera clase, explore toda la gama de <strong><a class=\"underline\" href=\"https:\/\/vozolpuff.de\/es\/product-category\/fumot-vape\/\">Gama FUMOT VAPE<\/a><\/strong> o elija entre nuestros <strong><a class=\"underline\" href=\"https:\/\/vozolpuff.de\/es\/product-category\/fumot-vape\/randm-tornado-7000\/\">RandM Tornado 7000 Alternativas<\/a><\/strong>.<\/p>","protected":false},"excerpt":{"rendered":"<div>\n<div class=\"grid-cols-1 grid gap-2.5 [&amp;_&gt;_*]:min-w-0 !gap-3.5\">\n<p class=\"whitespace-normal break-words\">Erleben Sie tropisches Paradies mit der RandM Tornado 7000 Peach Mango Einweg-Vape. Die harmonische Verschmelzung samtiger Pfirsichs\u00fc\u00dfe mit intensiver Mango-Note kreiert ein authentisches Sommererlebnis. Mit kraftvollem 850mAh Akku, 14ml Liquidkapazit\u00e4t und 7000 Z\u00fcgen f\u00fcr langanhaltenden tropischen Genuss.<\/p>\n<\/div>\n<\/div>\n<div class=\"h-8\"><\/div>\n","protected":false},"featured_media":3906,"comment_status":"open","ping_status":"closed","template":"","meta":{"_acf_changed":false},"product_brand":[],"product_cat":[50],"product_tag":[],"class_list":{"0":"post-3902","1":"product","2":"type-product","3":"status-publish","4":"has-post-thumbnail","6":"product_cat-randm-tornado-7000","8":"first","9":"instock","10":"shipping-taxable","11":"purchasable","12":"product-type-variable"},"acf":[],"_links":{"self":[{"href":"https:\/\/vozolpuff.de\/es\/wp-json\/wp\/v2\/product\/3902","targetHints":{"allow":["GET"]}}],"collection":[{"href":"https:\/\/vozolpuff.de\/es\/wp-json\/wp\/v2\/product"}],"about":[{"href":"https:\/\/vozolpuff.de\/es\/wp-json\/wp\/v2\/types\/product"}],"replies":[{"embeddable":true,"href":"https:\/\/vozolpuff.de\/es\/wp-json\/wp\/v2\/comments?post=3902"}],"wp:featuredmedia":[{"embeddable":true,"href":"https:\/\/vozolpuff.de\/es\/wp-json\/wp\/v2\/media\/3906"}],"wp:attachment":[{"href":"https:\/\/vozolpuff.de\/es\/wp-json\/wp\/v2\/media?parent=3902"}],"wp:term":[{"taxonomy":"product_brand","embeddable":true,"href":"https:\/\/vozolpuff.de\/es\/wp-json\/wp\/v2\/product_brand?post=3902"},{"taxonomy":"product_cat","embeddable":true,"href":"https:\/\/vozolpuff.de\/es\/wp-json\/wp\/v2\/product_cat?post=3902"},{"taxonomy":"product_tag","embeddable":true,"href":"https:\/\/vozolpuff.de\/es\/wp-json\/wp\/v2\/product_tag?post=3902"}],"curies":[{"name":"wp","href":"https:\/\/api.w.org\/{rel}","templated":true}]}}