{"id":3911,"date":"2025-09-10T05:50:43","date_gmt":"2025-09-10T03:50:43","guid":{"rendered":"https:\/\/vozolpuff.de\/?post_type=product&#038;p=3911"},"modified":"2025-09-10T05:50:43","modified_gmt":"2025-09-10T03:50:43","slug":"randm-tornado-7000-strawberry-red-bull","status":"publish","type":"product","link":"https:\/\/vozolpuff.de\/es\/producto\/randm-tornado-7000-strawberry-red-bull\/","title":{"rendered":"RandM Tornado 7000 Red Bull Fresa"},"content":{"rendered":"<h2 class=\"text-xl font-bold text-text-100 mt-1 -mb-0.5\">e-cigarrillo desechable RandM Tornado 7000 Strawberry Red Bull<\/h2>\n<p class=\"whitespace-normal break-words\">Experimenta un sabor en\u00e9rgico con el RandM Tornado 7000 Strawberry Red Bull Edition. Esta fusi\u00f3n creativa combina la dulzura natural de las fresas frescas con el sabor caracter\u00edstico de la bebida energ\u00e9tica para una experiencia de vapeo vigorizante. El avanzado sistema desechable proporciona 7000 caladas de sabor energizante, alimentado por una robusta bater\u00eda de 850mAh. El amplio contenedor de l\u00edquido de 14 ml garantiza semanas de disfrute ininterrumpido. La activaci\u00f3n de extracci\u00f3n inteligente responde instant\u00e1neamente a su inhalaci\u00f3n, mientras que el flujo de aire modulable permite diferentes estilos de vapor.<\/p>\n<h3 class=\"text-lg font-bold text-text-100 mt-1 -mb-1.5\">Especificaciones del dispositivo<\/h3>\n<p class=\"whitespace-normal break-words\"><strong>M\u00f3dulo de bater\u00eda:<\/strong> 850mAh permanente (recargable)<br \/>\n<strong>Potencia de salida:<\/strong> Distribuci\u00f3n de energ\u00eda estable y eficiente<br \/>\n<strong>Capacidad de l\u00edquido:<\/strong> 14 ml precargados<br \/>\n<strong>Potencia de nicotina:<\/strong> 0%, 2%, 3% o 5% seleccionable<br \/>\n<strong>Capacidad de vapor:<\/strong> Aproximadamente 7.000 trenes por unidad<br \/>\n<strong>Sistema de ventilaci\u00f3n:<\/strong> Permeabilidad al aire ajustable<br \/>\n<strong>Efecto visual:<\/strong> Pantalla multicolor RGB<\/p>\n<h3 class=\"text-lg font-bold text-text-100 mt-1 -mb-1.5\">Descubre m\u00e1s FUMOT VAPE en vozolpuff<\/h3>\n<p class=\"whitespace-normal break-words\">Navegue por nuestra <strong><a class=\"underline\" href=\"https:\/\/vozolpuff.de\/es\/\">Tienda de cigarrillos electr\u00f3nicos<\/a><\/strong> para m\u00e1s productos de alta calidad, descubra la <strong><a class=\"underline\" href=\"https:\/\/vozolpuff.de\/es\/product-category\/fumot-vape\/\">Mundo FUMOT VAPE<\/a><\/strong> o comparar con otros <strong><a class=\"underline\" href=\"https:\/\/vozolpuff.de\/es\/product-category\/fumot-vape\/randm-tornado-7000\/\">Opciones de RandM Tornado 7000<\/a><\/strong>.<\/p>","protected":false},"excerpt":{"rendered":"<div>\n<div class=\"grid-cols-1 grid gap-2.5 [&amp;_&gt;_*]:min-w-0 !gap-3.5\">\n<p class=\"whitespace-normal break-words\">Tanken Sie Energie mit der RandM Tornado 7000 Strawberry Red Bull Einweg-Vape. Die innovative Fusion aus nat\u00fcrlich s\u00fc\u00dfen Erdbeeren und charakteristischem Energy-Drink-Geschmack sorgt f\u00fcr ein belebendes Dampferlebnis. Mit robustem 850mAh Akku, 14ml Liquidkapazit\u00e4t und 7000 energiegeladenen Z\u00fcgen.<\/p>\n<\/div>\n<\/div>\n<div class=\"h-8\"><\/div>\n","protected":false},"featured_media":3915,"comment_status":"open","ping_status":"closed","template":"","meta":{"_acf_changed":false},"product_brand":[],"product_cat":[50],"product_tag":[],"class_list":{"0":"post-3911","1":"product","2":"type-product","3":"status-publish","4":"has-post-thumbnail","6":"product_cat-randm-tornado-7000","8":"first","9":"instock","10":"shipping-taxable","11":"purchasable","12":"product-type-variable"},"acf":[],"_links":{"self":[{"href":"https:\/\/vozolpuff.de\/es\/wp-json\/wp\/v2\/product\/3911","targetHints":{"allow":["GET"]}}],"collection":[{"href":"https:\/\/vozolpuff.de\/es\/wp-json\/wp\/v2\/product"}],"about":[{"href":"https:\/\/vozolpuff.de\/es\/wp-json\/wp\/v2\/types\/product"}],"replies":[{"embeddable":true,"href":"https:\/\/vozolpuff.de\/es\/wp-json\/wp\/v2\/comments?post=3911"}],"wp:featuredmedia":[{"embeddable":true,"href":"https:\/\/vozolpuff.de\/es\/wp-json\/wp\/v2\/media\/3915"}],"wp:attachment":[{"href":"https:\/\/vozolpuff.de\/es\/wp-json\/wp\/v2\/media?parent=3911"}],"wp:term":[{"taxonomy":"product_brand","embeddable":true,"href":"https:\/\/vozolpuff.de\/es\/wp-json\/wp\/v2\/product_brand?post=3911"},{"taxonomy":"product_cat","embeddable":true,"href":"https:\/\/vozolpuff.de\/es\/wp-json\/wp\/v2\/product_cat?post=3911"},{"taxonomy":"product_tag","embeddable":true,"href":"https:\/\/vozolpuff.de\/es\/wp-json\/wp\/v2\/product_tag?post=3911"}],"curies":[{"name":"wp","href":"https:\/\/api.w.org\/{rel}","templated":true}]}}