{"id":3929,"date":"2025-09-10T05:55:36","date_gmt":"2025-09-10T03:55:36","guid":{"rendered":"https:\/\/vozolpuff.de\/?post_type=product&#038;p=3929"},"modified":"2025-09-10T05:55:36","modified_gmt":"2025-09-10T03:55:36","slug":"randm-tornado-7000-strawberry-watermelon-lemonade","status":"publish","type":"product","link":"https:\/\/vozolpuff.de\/es\/producto\/randm-tornado-7000-strawberry-watermelon-lemonade\/","title":{"rendered":"RandM Tornado 7000 Fresa Sand\u00eda Limonada"},"content":{"rendered":"<h2 class=\"text-xl font-bold text-text-100 mt-1 -mb-0.5\">RandM Tornado 7000 e-cigarrillo desechable Sand\u00eda Fresa Limonada<\/h2>\n<p class=\"whitespace-normal break-words\">Disfrute de un c\u00f3ctel de sabor veraniego con la RandM Tornado 7000 Fresa Sand\u00eda Limonada. Esta composici\u00f3n de triple fruta combina fresas dulces, sand\u00eda jugosa y limonada \u00e1cida para crear un golpe de verano perfectamente equilibrado. El innovador dispositivo de vapeo desechable garantiza 7000 caladas excepcionales de sabor soleado, alimentado por una bater\u00eda de Li-Ion 850mAh de larga duraci\u00f3n. El amplio dep\u00f3sito de l\u00edquido de 14 ml garantiza que el sabor veraniego nunca se acabe. La funci\u00f3n draw-to-vape sin esfuerzo se activa autom\u00e1ticamente, mientras que el control de flujo de aire ajustable admite preferencias de vapor individuales.<\/p>\n<h3 class=\"text-lg font-bold text-text-100 mt-1 -mb-1.5\">Especificaciones del producto<\/h3>\n<p class=\"whitespace-normal break-words\"><strong>Tecnolog\u00eda de bater\u00eda:<\/strong> 850mAh instalados permanentemente (recargables)<br \/>\n<strong>Nivel de rendimiento:<\/strong> Rendimiento constante y fiable<br \/>\n<strong>Tanque de l\u00edquido:<\/strong> 14 ml listo para rellenar<br \/>\n<strong>Niveles de nicotina:<\/strong> 0%, 2%, 3% o 5% disponibles<br \/>\n<strong>Puff-Count:<\/strong> Unos 7.000 trenes de vapor<br \/>\n<strong>Funci\u00f3n de flujo de aire:<\/strong> Circulaci\u00f3n de aire regulable<br \/>\n<strong>Iluminaci\u00f3n extra:<\/strong> Sistema RGB multicolor<\/p>\n<h3 class=\"text-lg font-bold text-text-100 mt-1 -mb-1.5\">Descubre m\u00e1s FUMOT VAPE en vozolpuff<\/h3>\n<p class=\"whitespace-normal break-words\">Buscar en <strong><a class=\"underline\" href=\"https:\/\/vozolpuff.de\/es\/\">Universo Steam<\/a><\/strong> para m\u00e1s vapes de primera clase, conocer\u00e1 todo el <strong><a class=\"underline\" href=\"https:\/\/vozolpuff.de\/es\/product-category\/fumot-vape\/\">Colecci\u00f3n FUMOT VAPE<\/a><\/strong> o descubra m\u00e1s <strong><a class=\"underline\" href=\"https:\/\/vozolpuff.de\/es\/product-category\/fumot-vape\/randm-tornado-7000\/\">RandM Tornado 7000 experiencias de sabor<\/a><\/strong>.<\/p>","protected":false},"excerpt":{"rendered":"<div>\n<div class=\"grid-cols-1 grid gap-2.5 [&amp;_&gt;_*]:min-w-0 !gap-3.5\">\n<p class=\"whitespace-normal break-words\">Erleben Sie puren Sommergenuss mit der RandM Tornado 7000 Strawberry Watermelon Lemonade Einweg-Vape. Die harmonische Dreifach-Komposition aus s\u00fc\u00dfen Erdbeeren, saftiger Wassermelone und spritziger Limonade kreiert den perfekten Geschmackscocktail. Mit 850mAh Akku, 14ml Tank und 7000 sonnigen Z\u00fcgen.<\/p>\n<\/div>\n<\/div>\n<div class=\"h-8\"><\/div>\n","protected":false},"featured_media":3933,"comment_status":"open","ping_status":"closed","template":"","meta":{"_acf_changed":false},"product_brand":[],"product_cat":[50],"product_tag":[],"class_list":{"0":"post-3929","1":"product","2":"type-product","3":"status-publish","4":"has-post-thumbnail","6":"product_cat-randm-tornado-7000","8":"first","9":"instock","10":"shipping-taxable","11":"purchasable","12":"product-type-variable"},"acf":[],"_links":{"self":[{"href":"https:\/\/vozolpuff.de\/es\/wp-json\/wp\/v2\/product\/3929","targetHints":{"allow":["GET"]}}],"collection":[{"href":"https:\/\/vozolpuff.de\/es\/wp-json\/wp\/v2\/product"}],"about":[{"href":"https:\/\/vozolpuff.de\/es\/wp-json\/wp\/v2\/types\/product"}],"replies":[{"embeddable":true,"href":"https:\/\/vozolpuff.de\/es\/wp-json\/wp\/v2\/comments?post=3929"}],"wp:featuredmedia":[{"embeddable":true,"href":"https:\/\/vozolpuff.de\/es\/wp-json\/wp\/v2\/media\/3933"}],"wp:attachment":[{"href":"https:\/\/vozolpuff.de\/es\/wp-json\/wp\/v2\/media?parent=3929"}],"wp:term":[{"taxonomy":"product_brand","embeddable":true,"href":"https:\/\/vozolpuff.de\/es\/wp-json\/wp\/v2\/product_brand?post=3929"},{"taxonomy":"product_cat","embeddable":true,"href":"https:\/\/vozolpuff.de\/es\/wp-json\/wp\/v2\/product_cat?post=3929"},{"taxonomy":"product_tag","embeddable":true,"href":"https:\/\/vozolpuff.de\/es\/wp-json\/wp\/v2\/product_tag?post=3929"}],"curies":[{"name":"wp","href":"https:\/\/api.w.org\/{rel}","templated":true}]}}