{"id":3947,"date":"2025-09-10T06:00:40","date_gmt":"2025-09-10T04:00:40","guid":{"rendered":"https:\/\/vozolpuff.de\/?post_type=product&#038;p=3947"},"modified":"2025-09-10T06:00:40","modified_gmt":"2025-09-10T04:00:40","slug":"randm-tornado-7000-blue-razz-cherry","status":"publish","type":"product","link":"https:\/\/vozolpuff.de\/es\/producto\/randm-tornado-7000-blue-razz-cherry\/","title":{"rendered":"RandM Tornado 7000 Azul Razz Cereza"},"content":{"rendered":"<h2 class=\"text-xl font-bold text-text-100 mt-1 -mb-0.5\">RandM Tornado 7000 Blue Razz Cherry e-cigarrillo desechable<\/h2>\n<p class=\"whitespace-normal break-words\">Experimente una emocionante fusi\u00f3n de sabores con la RandM Tornado 7000 Blue Razz Cherry Edition. Esta innovadora combinaci\u00f3n mezcla la intensa dulzura de las frambuesas azules con las cl\u00e1sicas notas de cereza para una experiencia de sabor irresistible que es a la vez familiar y sorprendente. El potente sistema de vapeo desechable ofrece unas impresionantes 7000 caladas de esta mezcla \u00fanica, alimentado por un robusto m\u00f3dulo de bater\u00eda de 850mAh. El voluminoso dep\u00f3sito de l\u00edquido de 14 ml garantiza un disfrute duradero sin interrupciones. La activaci\u00f3n sensible de la calada comienza inmediatamente con cada inhalaci\u00f3n, mientras que la tecnolog\u00eda de flujo de aire personalizable ofrece el m\u00e1ximo control.<\/p>\n<h3 class=\"text-lg font-bold text-text-100 mt-1 -mb-1.5\">Detalles del dispositivo<\/h3>\n<p class=\"whitespace-normal break-words\"><strong>Sistema el\u00e9ctrico:<\/strong> 850mAh integrados (recargables)<br \/>\n<strong>Rendimiento del vapor:<\/strong> Dispensaci\u00f3n uniforme y optimizada<br \/>\n<strong>Volumen de l\u00edquido:<\/strong> 14 ml listo para usar<br \/>\n<strong>Selecci\u00f3n de nicotina:<\/strong> 0%, 2%, 3% o 5% disponibles<br \/>\n<strong>N\u00famero de vapores:<\/strong> Unos 7.000 trenes posibles<br \/>\n<strong>Sistema de flujo de aire:<\/strong> Ventilaci\u00f3n regulable individualmente<br \/>\n<strong>Caracter\u00edstica \u00f3ptica:<\/strong> Iluminaci\u00f3n RGB integrada<\/p>\n<h3 class=\"text-lg font-bold text-text-100 mt-1 -mb-1.5\">Descubre m\u00e1s FUMOT VAPE en vozolpuff<\/h3>\n<p class=\"whitespace-normal break-words\">Sum\u00e9rjase en nuestro <strong><a class=\"underline\" href=\"https:\/\/vozolpuff.de\/es\/\">El para\u00edso de los cigarrillos electr\u00f3nicos<\/a><\/strong> con a\u00fan m\u00e1s opciones de alta calidad, descubra el innovador <strong><a class=\"underline\" href=\"https:\/\/vozolpuff.de\/es\/product-category\/fumot-vape\/\">Tecnolog\u00eda FUMOT VAPE<\/a><\/strong> o experimentar con otros <strong><a class=\"underline\" href=\"https:\/\/vozolpuff.de\/es\/product-category\/fumot-vape\/randm-tornado-7000\/\">Combinaciones RandM Tornado 7000<\/a><\/strong>.<\/p>","protected":false},"excerpt":{"rendered":"<div>\n<div class=\"grid-cols-1 grid gap-2.5 [&amp;_&gt;_*]:min-w-0 !gap-3.5\">\n<p class=\"whitespace-normal break-words\">Entdecken Sie die aufregende Geschmacksfusion der RandM Tornado 7000 Blue Razz Cherry Einweg-Vape. Die innovative Kombination aus intensiv s\u00fc\u00dfen blauen Himbeeren und klassischen Kirschen kreiert ein unwiderstehliches Geschmackserlebnis. Mit robustem 850mAh Akku, 14ml Tank und 7000 einzigartigen Z\u00fcgen.<\/p>\n<\/div>\n<\/div>\n<div class=\"h-8\"><\/div>\n","protected":false},"featured_media":3951,"comment_status":"open","ping_status":"closed","template":"","meta":{"_acf_changed":false},"product_brand":[],"product_cat":[50],"product_tag":[],"class_list":{"0":"post-3947","1":"product","2":"type-product","3":"status-publish","4":"has-post-thumbnail","6":"product_cat-randm-tornado-7000","8":"first","9":"instock","10":"shipping-taxable","11":"purchasable","12":"product-type-variable"},"acf":[],"_links":{"self":[{"href":"https:\/\/vozolpuff.de\/es\/wp-json\/wp\/v2\/product\/3947","targetHints":{"allow":["GET"]}}],"collection":[{"href":"https:\/\/vozolpuff.de\/es\/wp-json\/wp\/v2\/product"}],"about":[{"href":"https:\/\/vozolpuff.de\/es\/wp-json\/wp\/v2\/types\/product"}],"replies":[{"embeddable":true,"href":"https:\/\/vozolpuff.de\/es\/wp-json\/wp\/v2\/comments?post=3947"}],"wp:featuredmedia":[{"embeddable":true,"href":"https:\/\/vozolpuff.de\/es\/wp-json\/wp\/v2\/media\/3951"}],"wp:attachment":[{"href":"https:\/\/vozolpuff.de\/es\/wp-json\/wp\/v2\/media?parent=3947"}],"wp:term":[{"taxonomy":"product_brand","embeddable":true,"href":"https:\/\/vozolpuff.de\/es\/wp-json\/wp\/v2\/product_brand?post=3947"},{"taxonomy":"product_cat","embeddable":true,"href":"https:\/\/vozolpuff.de\/es\/wp-json\/wp\/v2\/product_cat?post=3947"},{"taxonomy":"product_tag","embeddable":true,"href":"https:\/\/vozolpuff.de\/es\/wp-json\/wp\/v2\/product_tag?post=3947"}],"curies":[{"name":"wp","href":"https:\/\/api.w.org\/{rel}","templated":true}]}}